{"id":62569,"date":"2024-03-11T15:56:06","date_gmt":"2024-03-11T14:56:06","guid":{"rendered":"https:\/\/mestraold.lleset.com\/producto\/lampara-de-curado-sun-beam-3d-mestra\/"},"modified":"2024-03-11T16:00:24","modified_gmt":"2024-03-11T15:00:24","slug":"lampara-de-curado-sun-beam-3d-mestra","status":"publish","type":"product","link":"https:\/\/mestraold.lleset.com\/fr\/produit\/lampara-de-curado-sun-beam-3d-mestra\/","title":{"rendered":"Curing lamp  Sun Beam 3D+"},"content":{"rendered":"<p>Une station de photopolym\u00e9risation efficace et polyvalente. La chambre de s\u00e9chage UV est un composant des solutions d&rsquo;impression 3D. Le dispositif UV \u00e9met une lumi\u00e8re ultraviolette constante, concentr\u00e9e et uniforme pour durcir rapidement les impressions r\u00e9alis\u00e9es avec des r\u00e9sines photopolym\u00e8res. Le processus de durcissement qui s&rsquo;ensuit augmente la duret\u00e9 et la r\u00e9sistance des produits imprim\u00e9s.<\/p>\n","protected":false},"excerpt":{"rendered":"<p>Une station de photopolym\u00e9risation efficace et polyvalente. La chambre de s\u00e9chage UV est un composant des solutions d&rsquo;impression 3D. Le dispositif UV \u00e9met une lumi\u00e8re ultraviolette constante, concentr\u00e9e et uniforme pour durcir rapidement les impressions r\u00e9alis\u00e9es avec des r\u00e9sines photopolym\u00e8res. Le processus de durcissement qui s&rsquo;ensuit augmente la duret\u00e9 et la r\u00e9sistance des produits imprim\u00e9s.<\/p>\n","protected":false},"featured_media":62562,"template":"","meta":[],"product_cat":[1058],"product_tag":[],"class_list":["post-62569","product","type-product","status-publish","has-post-thumbnail","hentry","product_cat-uncategorized-fr"],"acf":[],"df_price":9999,"df_sale_price":"","df_regular_price":9999,"df_image_link":"https:\/\/mestraold.lleset.com\/wp-content\/uploads\/2024\/03\/150121-300x300.jpg","_links":{"self":[{"href":"https:\/\/mestraold.lleset.com\/fr\/wp-json\/wp\/v2\/product\/62569","targetHints":{"allow":["GET"]}}],"collection":[{"href":"https:\/\/mestraold.lleset.com\/fr\/wp-json\/wp\/v2\/product"}],"about":[{"href":"https:\/\/mestraold.lleset.com\/fr\/wp-json\/wp\/v2\/types\/product"}],"wp:featuredmedia":[{"embeddable":true,"href":"https:\/\/mestraold.lleset.com\/fr\/wp-json\/wp\/v2\/media\/62562"}],"wp:attachment":[{"href":"https:\/\/mestraold.lleset.com\/fr\/wp-json\/wp\/v2\/media?parent=62569"}],"wp:term":[{"taxonomy":"product_cat","embeddable":true,"href":"https:\/\/mestraold.lleset.com\/fr\/wp-json\/wp\/v2\/product_cat?post=62569"},{"taxonomy":"product_tag","embeddable":true,"href":"https:\/\/mestraold.lleset.com\/fr\/wp-json\/wp\/v2\/product_tag?post=62569"}],"curies":[{"name":"wp","href":"https:\/\/api.w.org\/{rel}","templated":true}]}}