{"id":62416,"date":"2024-02-26T11:57:56","date_gmt":"2024-02-26T10:57:56","guid":{"rendered":"https:\/\/mestraold.lleset.com\/producto\/cabina-de-repaso-eclipse-con-aspiracion-incorporada-mestra-2\/"},"modified":"2024-02-26T12:07:34","modified_gmt":"2024-02-26T11:07:34","slug":"cabina-de-repaso-eclipse-con-aspiracion-incorporada-mestra-2","status":"publish","type":"product","link":"https:\/\/mestraold.lleset.com\/fr\/produit\/cabina-de-repaso-eclipse-con-aspiracion-incorporada-mestra-2\/","title":{"rendered":"Cabine de retouches Eclipse avec aspiration int\u00e9gr\u00e9e"},"content":{"rendered":"<p>Ce caisson pr\u00e9sente des caract\u00e9ristiques similaires \u00e0 la \u00ab\u00a0cabine de r\u00e9vision Eclipse\u00a0\u00bb <strong>(R\u00e9f. 080216)<\/strong>, mais avec la particularit\u00e9 d&rsquo;int\u00e9grer sa propre unit\u00e9 d&rsquo;aspiration. Ses petites dimensions le rendent id\u00e9al dans les endroits avec peu d&rsquo;espace, o\u00f9 il est important de maintenir un environnement propre. Il dispose \u00e9galement d&rsquo;une poign\u00e9e pratique qui, si l&rsquo;on tient compte du faible poids de l&rsquo;appareil, est tr\u00e8s utile pour le transport et le rangement.<\/p>\n","protected":false},"excerpt":{"rendered":"<p>Ce caisson pr\u00e9sente des caract\u00e9ristiques similaires \u00e0 la \u00ab\u00a0cabine de r\u00e9vision Eclipse\u00a0\u00bb (R\u00e9f. 080216), mais avec la particularit\u00e9 d&rsquo;int\u00e9grer sa propre unit\u00e9 d&rsquo;aspiration. Ses petites dimensions le rendent id\u00e9al dans les endroits avec peu d&rsquo;espace, o\u00f9 il est important de maintenir un environnement propre. Il dispose \u00e9galement d&rsquo;une poign\u00e9e pratique qui, si l&rsquo;on tient compte [&hellip;]<\/p>\n","protected":false},"featured_media":62409,"template":"","meta":[],"product_cat":[1141,202,1092],"product_tag":[],"class_list":["post-62416","product","type-product","status-publish","has-post-thumbnail","hentry","product_cat-box-de-pulido-fr","product_cat-laboratoire","product_cat-pulido-mecanico-fr"],"acf":[],"df_price":9999,"df_sale_price":"","df_regular_price":9999,"df_image_link":"https:\/\/mestraold.lleset.com\/wp-content\/uploads\/2024\/02\/080217-Cabina-Eclipse-300x300.jpg","_links":{"self":[{"href":"https:\/\/mestraold.lleset.com\/fr\/wp-json\/wp\/v2\/product\/62416","targetHints":{"allow":["GET"]}}],"collection":[{"href":"https:\/\/mestraold.lleset.com\/fr\/wp-json\/wp\/v2\/product"}],"about":[{"href":"https:\/\/mestraold.lleset.com\/fr\/wp-json\/wp\/v2\/types\/product"}],"wp:featuredmedia":[{"embeddable":true,"href":"https:\/\/mestraold.lleset.com\/fr\/wp-json\/wp\/v2\/media\/62409"}],"wp:attachment":[{"href":"https:\/\/mestraold.lleset.com\/fr\/wp-json\/wp\/v2\/media?parent=62416"}],"wp:term":[{"taxonomy":"product_cat","embeddable":true,"href":"https:\/\/mestraold.lleset.com\/fr\/wp-json\/wp\/v2\/product_cat?post=62416"},{"taxonomy":"product_tag","embeddable":true,"href":"https:\/\/mestraold.lleset.com\/fr\/wp-json\/wp\/v2\/product_tag?post=62416"}],"curies":[{"name":"wp","href":"https:\/\/api.w.org\/{rel}","templated":true}]}}