{"id":62404,"date":"2024-02-26T11:40:02","date_gmt":"2024-02-26T10:40:02","guid":{"rendered":"https:\/\/mestraold.lleset.com\/producto\/lampara-led\/"},"modified":"2024-02-26T11:44:46","modified_gmt":"2024-02-26T10:44:46","slug":"lampara-led-mestra","status":"publish","type":"product","link":"https:\/\/mestraold.lleset.com\/fr\/produit\/lampara-led-mestra\/","title":{"rendered":"Lampe LED"},"content":{"rendered":"<ul>\n<li>90 LEDs grandes<\/li>\n<li>Temp\u00e9rature de couleur 6000-7000 K<\/li>\n<li>Intensit\u00e9 lumineuse r\u00e9glable par touche<\/li>\n<li>Avec pince pour fixation \u00e0 la table.<\/li>\n<\/ul>\n","protected":false},"excerpt":{"rendered":"<p>90 LEDs grandes Temp\u00e9rature de couleur 6000-7000 K Intensit\u00e9 lumineuse r\u00e9glable par touche Avec pince pour fixation \u00e0 la table.<\/p>\n","protected":false},"featured_media":62401,"template":"","meta":[],"product_cat":[181,229,202,1139],"product_tag":[],"class_list":["post-62404","product","type-product","status-publish","has-post-thumbnail","hentry","product_cat-cabinet","product_cat-eclairage","product_cat-laboratoire","product_cat-lamparas-fr"],"acf":[],"df_price":9999,"df_sale_price":"","df_regular_price":9999,"df_image_link":"https:\/\/mestraold.lleset.com\/wp-content\/uploads\/2024\/02\/100289-Lampara-LED-300x300.jpg","_links":{"self":[{"href":"https:\/\/mestraold.lleset.com\/fr\/wp-json\/wp\/v2\/product\/62404","targetHints":{"allow":["GET"]}}],"collection":[{"href":"https:\/\/mestraold.lleset.com\/fr\/wp-json\/wp\/v2\/product"}],"about":[{"href":"https:\/\/mestraold.lleset.com\/fr\/wp-json\/wp\/v2\/types\/product"}],"wp:featuredmedia":[{"embeddable":true,"href":"https:\/\/mestraold.lleset.com\/fr\/wp-json\/wp\/v2\/media\/62401"}],"wp:attachment":[{"href":"https:\/\/mestraold.lleset.com\/fr\/wp-json\/wp\/v2\/media?parent=62404"}],"wp:term":[{"taxonomy":"product_cat","embeddable":true,"href":"https:\/\/mestraold.lleset.com\/fr\/wp-json\/wp\/v2\/product_cat?post=62404"},{"taxonomy":"product_tag","embeddable":true,"href":"https:\/\/mestraold.lleset.com\/fr\/wp-json\/wp\/v2\/product_tag?post=62404"}],"curies":[{"name":"wp","href":"https:\/\/api.w.org\/{rel}","templated":true}]}}