{"id":62389,"date":"2024-02-26T10:43:21","date_gmt":"2024-02-26T09:43:21","guid":{"rendered":"https:\/\/mestraold.lleset.com\/producto\/ultrasonidos-mestra\/"},"modified":"2024-02-26T11:24:47","modified_gmt":"2024-02-26T10:24:47","slug":"ultrasonidos-mestra","status":"publish","type":"product","link":"https:\/\/mestraold.lleset.com\/fr\/produit\/ultrasonidos-mestra\/","title":{"rendered":"Ultrasons"},"content":{"rendered":"<p>Appareil de nettoyage \u00e0 ultrasons pour \u00e9l\u00e9ments dentaires, \u00e9quip\u00e9 d\u2019une lampe UV pour la d\u00e9sinfection les objets pendant leur nettoyage. La puissance de 28 W assure d&rsquo;excellents r\u00e9sultats. Ses dimensions r\u00e9duites rendent facile son transport et son <br \/>rangement. Il dispose d&rsquo;une minuterie \u00e0 affichage num\u00e9rique.<\/p>\n","protected":false},"excerpt":{"rendered":"<p><br data-mce-bogus=\"1\"><\/p>\n","protected":false},"featured_media":62382,"template":"","meta":[],"product_cat":[181],"product_tag":[],"class_list":["post-62389","product","type-product","status-publish","has-post-thumbnail","hentry","product_cat-cabinet"],"acf":[],"df_price":9999,"df_sale_price":"","df_regular_price":9999,"df_image_link":"https:\/\/mestraold.lleset.com\/wp-content\/uploads\/2024\/02\/100162-Ultrasonidos-300x300.jpg","_links":{"self":[{"href":"https:\/\/mestraold.lleset.com\/fr\/wp-json\/wp\/v2\/product\/62389","targetHints":{"allow":["GET"]}}],"collection":[{"href":"https:\/\/mestraold.lleset.com\/fr\/wp-json\/wp\/v2\/product"}],"about":[{"href":"https:\/\/mestraold.lleset.com\/fr\/wp-json\/wp\/v2\/types\/product"}],"wp:featuredmedia":[{"embeddable":true,"href":"https:\/\/mestraold.lleset.com\/fr\/wp-json\/wp\/v2\/media\/62382"}],"wp:attachment":[{"href":"https:\/\/mestraold.lleset.com\/fr\/wp-json\/wp\/v2\/media?parent=62389"}],"wp:term":[{"taxonomy":"product_cat","embeddable":true,"href":"https:\/\/mestraold.lleset.com\/fr\/wp-json\/wp\/v2\/product_cat?post=62389"},{"taxonomy":"product_tag","embeddable":true,"href":"https:\/\/mestraold.lleset.com\/fr\/wp-json\/wp\/v2\/product_tag?post=62389"}],"curies":[{"name":"wp","href":"https:\/\/api.w.org\/{rel}","templated":true}]}}