{"id":62377,"date":"2024-02-22T15:06:40","date_gmt":"2024-02-22T14:06:40","guid":{"rendered":"https:\/\/mestraold.lleset.com\/producto\/cabina-de-repaso-eclipse-con-aspiracion-incorporada-mestra\/"},"modified":"2024-02-22T15:12:16","modified_gmt":"2024-02-22T14:12:16","slug":"cabina-de-repaso-eclipse-con-aspiracion-incorporada-mestra","status":"publish","type":"product","link":"https:\/\/mestraold.lleset.com\/fr\/produit\/cabina-de-repaso-eclipse-con-aspiracion-incorporada-mestra\/","title":{"rendered":"Cabine de retouches Eclipse avec aspiration int\u00e9gr\u00e9e"},"content":{"rendered":"<p>Ce caisson pr\u00e9sente des caract\u00e9ristiques similaires \u00e0 la \u00ab\u00a0cabine de r\u00e9vision Eclipse\u00a0\u00bb (R\u00e9f. 080216), mais avec la particularit\u00e9 d&rsquo;int\u00e9grer sa propre unit\u00e9 d&rsquo;aspiration. Ses dimensions r\u00e9duites le rendent id\u00e9al dans les endroits peu spacieux, o\u00f9 il est important de maintenir l&rsquo;environnement propre sans avoir besoin d&rsquo;un \u00e9quipement d&rsquo;aspiration encombrant. Si n\u00e9cessaire, la machine peut \u00eatre raccord\u00e9e \u00e0 une source d&rsquo;extraction externe.<\/p>\n","protected":false},"excerpt":{"rendered":"<p>Ce caisson pr\u00e9sente des caract\u00e9ristiques similaires \u00e0 la \u00ab\u00a0cabine de r\u00e9vision Eclipse\u00a0\u00bb (R\u00e9f. 080216), mais avec la particularit\u00e9 d&rsquo;int\u00e9grer sa propre unit\u00e9 d&rsquo;aspiration. Ses dimensions r\u00e9duites le rendent id\u00e9al dans les endroits peu spacieux, o\u00f9 il est important de maintenir l&rsquo;environnement propre sans avoir besoin d&rsquo;un \u00e9quipement d&rsquo;aspiration encombrant. Si n\u00e9cessaire, la machine peut \u00eatre [&hellip;]<\/p>\n","protected":false},"featured_media":62370,"template":"","meta":[],"product_cat":[1058],"product_tag":[],"class_list":["post-62377","product","type-product","status-publish","has-post-thumbnail","hentry","product_cat-uncategorized-fr"],"acf":[],"df_price":9999,"df_sale_price":"","df_regular_price":9999,"df_image_link":"https:\/\/mestraold.lleset.com\/wp-content\/uploads\/2024\/02\/080217-Cabina-repaso-300x300.jpg","_links":{"self":[{"href":"https:\/\/mestraold.lleset.com\/fr\/wp-json\/wp\/v2\/product\/62377","targetHints":{"allow":["GET"]}}],"collection":[{"href":"https:\/\/mestraold.lleset.com\/fr\/wp-json\/wp\/v2\/product"}],"about":[{"href":"https:\/\/mestraold.lleset.com\/fr\/wp-json\/wp\/v2\/types\/product"}],"wp:featuredmedia":[{"embeddable":true,"href":"https:\/\/mestraold.lleset.com\/fr\/wp-json\/wp\/v2\/media\/62370"}],"wp:attachment":[{"href":"https:\/\/mestraold.lleset.com\/fr\/wp-json\/wp\/v2\/media?parent=62377"}],"wp:term":[{"taxonomy":"product_cat","embeddable":true,"href":"https:\/\/mestraold.lleset.com\/fr\/wp-json\/wp\/v2\/product_cat?post=62377"},{"taxonomy":"product_tag","embeddable":true,"href":"https:\/\/mestraold.lleset.com\/fr\/wp-json\/wp\/v2\/product_tag?post=62377"}],"curies":[{"name":"wp","href":"https:\/\/api.w.org\/{rel}","templated":true}]}}