{"id":62365,"date":"2024-02-22T12:26:33","date_gmt":"2024-02-22T11:26:33","guid":{"rendered":"https:\/\/mestraold.lleset.com\/producto\/carro-movil-electrico-mestra\/"},"modified":"2024-02-22T12:39:57","modified_gmt":"2024-02-22T11:39:57","slug":"carro-movil-electrico-mestra","status":"publish","type":"product","link":"https:\/\/mestraold.lleset.com\/fr\/produit\/carro-movil-electrico-mestra\/","title":{"rendered":"Chariot \u00e9lectrique mobile"},"content":{"rendered":"<p>Chariot m\u00e9tallique \u00e0 roulettes pour pour la clinique dentaire. Fabriqu\u00e9 en acier robuste \u00e9maill\u00e9 blanc et en r\u00e9sine.<\/p>\n<ul>\n<li>3 prises de courant pour alimenter les \u00e9quipements.<\/li>\n<li>3 tiroirs.<\/li>\n<li>1 prise de courant.<\/li>\n<li>Couleur blanche.<\/li>\n<li>D\u00e9placement \u00e9quilibr\u00e9 et doux.<\/li>\n<\/ul>\n","protected":false},"excerpt":{"rendered":"<p>Chariot m\u00e9tallique \u00e0 roulettes pour pour la clinique dentaire. Fabriqu\u00e9 en acier robuste \u00e9maill\u00e9 blanc et en r\u00e9sine. 3 prises de courant pour alimenter les \u00e9quipements. 3 tiroirs. 1 prise de courant. Couleur blanche. D\u00e9placement \u00e9quilibr\u00e9 et doux.<\/p>\n","protected":false},"featured_media":62362,"template":"","meta":[],"product_cat":[181],"product_tag":[],"class_list":["post-62365","product","type-product","status-publish","has-post-thumbnail","hentry","product_cat-cabinet"],"acf":[],"df_price":9999,"df_sale_price":"","df_regular_price":9999,"df_image_link":"https:\/\/mestraold.lleset.com\/wp-content\/uploads\/2024\/02\/100309-Carro-300x300.jpg","_links":{"self":[{"href":"https:\/\/mestraold.lleset.com\/fr\/wp-json\/wp\/v2\/product\/62365","targetHints":{"allow":["GET"]}}],"collection":[{"href":"https:\/\/mestraold.lleset.com\/fr\/wp-json\/wp\/v2\/product"}],"about":[{"href":"https:\/\/mestraold.lleset.com\/fr\/wp-json\/wp\/v2\/types\/product"}],"wp:featuredmedia":[{"embeddable":true,"href":"https:\/\/mestraold.lleset.com\/fr\/wp-json\/wp\/v2\/media\/62362"}],"wp:attachment":[{"href":"https:\/\/mestraold.lleset.com\/fr\/wp-json\/wp\/v2\/media?parent=62365"}],"wp:term":[{"taxonomy":"product_cat","embeddable":true,"href":"https:\/\/mestraold.lleset.com\/fr\/wp-json\/wp\/v2\/product_cat?post=62365"},{"taxonomy":"product_tag","embeddable":true,"href":"https:\/\/mestraold.lleset.com\/fr\/wp-json\/wp\/v2\/product_tag?post=62365"}],"curies":[{"name":"wp","href":"https:\/\/api.w.org\/{rel}","templated":true}]}}