{"id":62338,"date":"2024-02-09T13:33:23","date_gmt":"2024-02-09T12:33:23","guid":{"rendered":"https:\/\/mestraold.lleset.com\/producto\/titan-8-bars-vaporeta-mestra-s-l\/"},"modified":"2024-02-13T11:47:55","modified_gmt":"2024-02-13T10:47:55","slug":"titan-8-bars-vaporeta-mestra-s-l","status":"publish","type":"product","link":"https:\/\/mestraold.lleset.com\/fr\/produit\/titan-8-bars-vaporeta-mestra-s-l\/","title":{"rendered":"TITAN Machines \u00e0 Vapeur"},"content":{"rendered":"<p><strong>TITAN 8 (ref. 100202)<\/strong> Machine \u00e0 vapeur classique: L&rsquo;eau distill\u00e9e se met directement dans la chaudi\u00e8re.<br \/>\n<strong>TITAN AUTOFILL (ref. 100203)<\/strong> Ce mod\u00e8le b\u00e9n\u00e9ficie d\u2019un dispositif qui permet de s\u2019auto-alimenter en eau par un raccordement externe \u00e0 un bidon d\u2019eau (de<br \/>\npr\u00e9f\u00e9rence distill\u00e9e).<\/p>\n<ul>\n<li>Fabriqu\u00e9es en acier inoxydable avec des composants de haute qualit\u00e9 pour une long\u00e9vit\u00e9 optimale.<\/li>\n<li>Pressostat num\u00e9rique.<\/li>\n<li>Indicateur de remplissage et de manque d&rsquo;eau.<\/li>\n<li>C\u00e2ble de connexion avec diff\u00e9rentiel int\u00e9gr\u00e9.<\/li>\n<li>Robinet de vidange avec verrouillage de s\u00e9curit\u00e9.<\/li>\n<\/ul>\n<p><strong>TITAN PLUS (ref. 100204)<\/strong> dispose \u00e9galement d&rsquo;un r\u00e9servoir suppl\u00e9mentaire pour l&rsquo;eau distill\u00e9e. L&rsquo;eau peut \u00eatre charg\u00e9e dans ce r\u00e9servoir pendant que la machine fonctionne. Pas besoin d\u2019\u00e9teindre la machine ni d\u2019attendre que la pression baisse! Il suffit simplement d\u2019oter sans risques le bouchon du r\u00e9servoir auxiliaire et de verser l&rsquo;eau chaque fois que vous en aurez besoin. Plus s\u00fbr et sans interruption.<\/p>\n<p>&nbsp;<\/p>\n<table style=\"border-collapse: collapse; width: 100%;\" border=\"1\">\n<tbody>\n<tr style=\"height: 24px;\">\n<td style=\"width: 16.9086%; text-align: center; height: 24px;\"><strong>TITAN 8 (ref. 100202)<\/strong><\/td>\n<td style=\"width: 22.1802%; text-align: center; height: 24px;\"><strong>TITAN AUTOFILL (ref. 100203)<\/strong><\/td>\n<td style=\"width: 18.3768%; text-align: center; height: 24px;\"><strong>TITAN PLUS (ref. 100204)<\/strong><\/td>\n<\/tr>\n<tr style=\"height: 13px;\">\n<td style=\"width: 16.9086%; height: 13px; text-align: center;\">Remplissage manuel.<\/td>\n<td style=\"width: 22.1802%; height: 13px; text-align: center;\">Remplissage manuel.<\/td>\n<td style=\"width: 18.3768%; height: 13px; text-align: center;\">Remplissage manuel.<\/td>\n<\/tr>\n<tr style=\"height: 10px;\">\n<td style=\"width: 16.9086%; height: 10px; text-align: center;\"><\/td>\n<td style=\"width: 22.1802%; height: 10px; text-align: center;\">Auto-remplissage sans besoin de d\u00e9pressuriser la machine (bidon d\u2019eau distill\u00e9e externe).<\/td>\n<td style=\"width: 18.3768%; height: 10px; text-align: center;\">Auto-remplissage sans besoin de d\u00e9pressuriser par un r\u00e9servoir externe (int\u00e9gr\u00e9 dans la machine)<\/td>\n<\/tr>\n<tr style=\"height: 24px;\">\n<td style=\"width: 16.9086%; height: 24px; text-align: center;\"><\/td>\n<td style=\"width: 22.1802%; height: 24px; text-align: center;\"><\/td>\n<td style=\"width: 18.3768%; height: 24px; text-align: center;\">Branchement direct<br \/>\nau r\u00e9seau d\u2019eau.<\/td>\n<\/tr>\n<\/tbody>\n<\/table>\n<p>&nbsp;<\/p>\n","protected":false},"excerpt":{"rendered":"<p>TITAN 8 (ref. 100202) Machine \u00e0 vapeur classique: L&rsquo;eau distill\u00e9e se met directement dans la chaudi\u00e8re. TITAN AUTOFILL (ref. 100203) Ce mod\u00e8le b\u00e9n\u00e9ficie d\u2019un dispositif qui permet de s\u2019auto-alimenter en eau par un raccordement externe \u00e0 un bidon d\u2019eau (de pr\u00e9f\u00e9rence distill\u00e9e). Fabriqu\u00e9es en acier inoxydable avec des composants de haute qualit\u00e9 pour une long\u00e9vit\u00e9 [&hellip;]<\/p>\n","protected":false},"featured_media":62331,"template":"","meta":[],"product_cat":[202],"product_tag":[],"class_list":["post-62338","product","type-product","status-publish","has-post-thumbnail","hentry","product_cat-laboratoire"],"acf":[],"df_price":836,"df_sale_price":"","df_regular_price":836,"df_image_link":"https:\/\/mestraold.lleset.com\/wp-content\/uploads\/2024\/02\/TITAN-Vaporetas-300x300.jpg","_links":{"self":[{"href":"https:\/\/mestraold.lleset.com\/fr\/wp-json\/wp\/v2\/product\/62338","targetHints":{"allow":["GET"]}}],"collection":[{"href":"https:\/\/mestraold.lleset.com\/fr\/wp-json\/wp\/v2\/product"}],"about":[{"href":"https:\/\/mestraold.lleset.com\/fr\/wp-json\/wp\/v2\/types\/product"}],"wp:featuredmedia":[{"embeddable":true,"href":"https:\/\/mestraold.lleset.com\/fr\/wp-json\/wp\/v2\/media\/62331"}],"wp:attachment":[{"href":"https:\/\/mestraold.lleset.com\/fr\/wp-json\/wp\/v2\/media?parent=62338"}],"wp:term":[{"taxonomy":"product_cat","embeddable":true,"href":"https:\/\/mestraold.lleset.com\/fr\/wp-json\/wp\/v2\/product_cat?post=62338"},{"taxonomy":"product_tag","embeddable":true,"href":"https:\/\/mestraold.lleset.com\/fr\/wp-json\/wp\/v2\/product_tag?post=62338"}],"curies":[{"name":"wp","href":"https:\/\/api.w.org\/{rel}","templated":true}]}}