{"id":62177,"date":"2024-01-12T09:41:54","date_gmt":"2024-01-12T08:41:54","guid":{"rendered":"https:\/\/mestraold.lleset.com\/producto\/lampara-de-blanqueamiento-m61-mestra\/"},"modified":"2024-01-12T09:48:02","modified_gmt":"2024-01-12T08:48:02","slug":"lampara-de-blanqueamiento-m61-mestra","status":"publish","type":"product","link":"https:\/\/mestraold.lleset.com\/fr\/produit\/lampara-de-blanqueamiento-m61-mestra\/","title":{"rendered":"LAMPE DE BLANCHIMENT M61"},"content":{"rendered":"<ul>\n<li><strong>Large spectre d&rsquo;\u00e9clairage.<\/strong><\/li>\n<li><strong>5 feux bleus :<\/strong> de 430 \u00e0 490 mm.<\/li>\n<li><strong>2 feux rouges de forte puissance:<\/strong> de 610 \u00e0 650 mm.<\/li>\n<li><strong>3 types diff\u00e9rents de sources lumineuses LED:<\/strong> bleu, rouge, (rouge + bleu).<\/li>\n<li><strong>Puissance lumineuse:<\/strong> jusqu&rsquo;\u00e0 2,327 mW\/cm.<\/li>\n<li><strong>8 lumi\u00e8res violettes avec effet de st\u00e9rilisation.<\/strong><\/li>\n<li><strong>Fabriqu\u00e9 en m\u00e9tal, aspect \u00e9l\u00e9gant et facile \u00e0 assembler.<\/strong><\/li>\n<li><strong>Dur\u00e9e de blanchiment r\u00e9glable.<\/strong><\/li>\n<li><strong>Alimentation \u00e9lectrique:<\/strong> 100-240 V, 50\/60 Hz.<\/li>\n<\/ul>\n","protected":false},"excerpt":{"rendered":"<p>Large spectre d&rsquo;\u00e9clairage. 5 feux bleus : de 430 \u00e0 490 mm. 2 feux rouges de forte puissance: de 610 \u00e0 650 mm. 3 types diff\u00e9rents de sources lumineuses LED: bleu, rouge, (rouge + bleu). Puissance lumineuse: jusqu&rsquo;\u00e0 2,327 mW\/cm. 8 lumi\u00e8res violettes avec effet de st\u00e9rilisation. Fabriqu\u00e9 en m\u00e9tal, aspect \u00e9l\u00e9gant et facile \u00e0 [&hellip;]<\/p>\n","protected":false},"featured_media":62169,"template":"","meta":[],"product_cat":[181],"product_tag":[],"class_list":["post-62177","product","type-product","status-publish","has-post-thumbnail","hentry","product_cat-cabinet"],"acf":[],"df_price":9999,"df_sale_price":"","df_regular_price":9999,"df_image_link":"https:\/\/mestraold.lleset.com\/wp-content\/uploads\/2024\/01\/100341a-1-300x300.jpg","_links":{"self":[{"href":"https:\/\/mestraold.lleset.com\/fr\/wp-json\/wp\/v2\/product\/62177","targetHints":{"allow":["GET"]}}],"collection":[{"href":"https:\/\/mestraold.lleset.com\/fr\/wp-json\/wp\/v2\/product"}],"about":[{"href":"https:\/\/mestraold.lleset.com\/fr\/wp-json\/wp\/v2\/types\/product"}],"wp:featuredmedia":[{"embeddable":true,"href":"https:\/\/mestraold.lleset.com\/fr\/wp-json\/wp\/v2\/media\/62169"}],"wp:attachment":[{"href":"https:\/\/mestraold.lleset.com\/fr\/wp-json\/wp\/v2\/media?parent=62177"}],"wp:term":[{"taxonomy":"product_cat","embeddable":true,"href":"https:\/\/mestraold.lleset.com\/fr\/wp-json\/wp\/v2\/product_cat?post=62177"},{"taxonomy":"product_tag","embeddable":true,"href":"https:\/\/mestraold.lleset.com\/fr\/wp-json\/wp\/v2\/product_tag?post=62177"}],"curies":[{"name":"wp","href":"https:\/\/api.w.org\/{rel}","templated":true}]}}