{"id":62150,"date":"2024-01-12T08:57:58","date_gmt":"2024-01-12T07:57:58","guid":{"rendered":"https:\/\/mestraold.lleset.com\/producto\/micromotor-escobillas-a3-mestra\/"},"modified":"2024-01-12T09:05:01","modified_gmt":"2024-01-12T08:05:01","slug":"micromotor-escobillas-a3-mestra","status":"publish","type":"product","link":"https:\/\/mestraold.lleset.com\/fr\/produit\/micromotor-escobillas-a3-mestra\/","title":{"rendered":"MICROMOTEUR DE DOUILLE &#8211; A3 &#8211; 35 000 tr\/min &#8211; COUPLE 3 N-cm"},"content":{"rendered":"<ul>\n<li>P\u00e9dale ON\/OFF.<\/li>\n<li>Affichage num\u00e9rique de la vitesse.<\/li>\n<li>Contr\u00f4le manuel ou par p\u00e9dale de la vitesse.<\/li>\n<li>Fonction de p\u00e9dale de vitesse en option.<\/li>\n<li>Marche avant \/ marche arri\u00e8re.<\/li>\n<li>Fonction de protection contre les surcharges.<\/li>\n<li>Fonction d&rsquo;avertissement de d\u00e9faut.<\/li>\n<\/ul>\n","protected":false},"excerpt":{"rendered":"<p>P\u00e9dale ON\/OFF. Affichage num\u00e9rique de la vitesse. Contr\u00f4le manuel ou par p\u00e9dale de la vitesse. Fonction de p\u00e9dale de vitesse en option. Marche avant \/ marche arri\u00e8re. Fonction de protection contre les surcharges. Fonction d&rsquo;avertissement de d\u00e9faut.<\/p>\n","protected":false},"featured_media":62140,"template":"","meta":[],"product_cat":[202,1137,1092],"product_tag":[],"class_list":["post-62150","product","type-product","status-publish","has-post-thumbnail","hentry","product_cat-laboratoire","product_cat-micromotores-fr","product_cat-pulido-mecanico-fr"],"acf":[],"df_price":210,"df_sale_price":"","df_regular_price":210,"df_image_link":"https:\/\/mestraold.lleset.com\/wp-content\/uploads\/2024\/01\/100238-300x300.jpg","_links":{"self":[{"href":"https:\/\/mestraold.lleset.com\/fr\/wp-json\/wp\/v2\/product\/62150","targetHints":{"allow":["GET"]}}],"collection":[{"href":"https:\/\/mestraold.lleset.com\/fr\/wp-json\/wp\/v2\/product"}],"about":[{"href":"https:\/\/mestraold.lleset.com\/fr\/wp-json\/wp\/v2\/types\/product"}],"wp:featuredmedia":[{"embeddable":true,"href":"https:\/\/mestraold.lleset.com\/fr\/wp-json\/wp\/v2\/media\/62140"}],"wp:attachment":[{"href":"https:\/\/mestraold.lleset.com\/fr\/wp-json\/wp\/v2\/media?parent=62150"}],"wp:term":[{"taxonomy":"product_cat","embeddable":true,"href":"https:\/\/mestraold.lleset.com\/fr\/wp-json\/wp\/v2\/product_cat?post=62150"},{"taxonomy":"product_tag","embeddable":true,"href":"https:\/\/mestraold.lleset.com\/fr\/wp-json\/wp\/v2\/product_tag?post=62150"}],"curies":[{"name":"wp","href":"https:\/\/api.w.org\/{rel}","templated":true}]}}