{"id":62124,"date":"2024-01-12T08:21:31","date_gmt":"2024-01-12T07:21:31","guid":{"rendered":"https:\/\/mestraold.lleset.com\/producto\/micromotor-induccion-a6-mestra\/"},"modified":"2024-01-12T08:34:04","modified_gmt":"2024-01-12T07:34:04","slug":"micromotor-induccion-a6-mestra","status":"publish","type":"product","link":"https:\/\/mestraold.lleset.com\/fr\/produit\/micromotor-induccion-a6-mestra\/","title":{"rendered":"MICROMOTOR A INDUCTION &#8211; A6 &#8211; 55 000 tr\/min &#8211; COUPLE 8 N-cm"},"content":{"rendered":"<ul>\n<li>Moteur sans balais.<\/li>\n<li>Fonction de vitesse constante de la p\u00e9dale.<\/li>\n<li>Contr\u00f4le manuel ou par p\u00e9dale de la vitesse.<\/li>\n<li>Fonction de protection contre les surcharges.<\/li>\n<li>Marche avant \/ marche arri\u00e8re.<\/li>\n<li>Fonction d&rsquo;avertissement de d\u00e9faut.<\/li>\n<li>Vitesse faible \/ moyenne \/ \u00e9lev\u00e9e.<\/li>\n<\/ul>\n","protected":false},"excerpt":{"rendered":"<p>Moteur sans balais. Fonction de vitesse constante de la p\u00e9dale. Contr\u00f4le manuel ou par p\u00e9dale de la vitesse. Fonction de protection contre les surcharges. Marche avant \/ marche arri\u00e8re. Fonction d&rsquo;avertissement de d\u00e9faut. Vitesse faible \/ moyenne \/ \u00e9lev\u00e9e.<\/p>\n","protected":false},"featured_media":62073,"template":"","meta":[],"product_cat":[202,1137,1092],"product_tag":[],"class_list":["post-62124","product","type-product","status-publish","has-post-thumbnail","hentry","product_cat-laboratoire","product_cat-micromotores-fr","product_cat-pulido-mecanico-fr"],"acf":[],"df_price":569,"df_sale_price":"","df_regular_price":569,"df_image_link":"https:\/\/mestraold.lleset.com\/wp-content\/uploads\/2024\/01\/100232-300x300.jpg","_links":{"self":[{"href":"https:\/\/mestraold.lleset.com\/fr\/wp-json\/wp\/v2\/product\/62124","targetHints":{"allow":["GET"]}}],"collection":[{"href":"https:\/\/mestraold.lleset.com\/fr\/wp-json\/wp\/v2\/product"}],"about":[{"href":"https:\/\/mestraold.lleset.com\/fr\/wp-json\/wp\/v2\/types\/product"}],"wp:featuredmedia":[{"embeddable":true,"href":"https:\/\/mestraold.lleset.com\/fr\/wp-json\/wp\/v2\/media\/62073"}],"wp:attachment":[{"href":"https:\/\/mestraold.lleset.com\/fr\/wp-json\/wp\/v2\/media?parent=62124"}],"wp:term":[{"taxonomy":"product_cat","embeddable":true,"href":"https:\/\/mestraold.lleset.com\/fr\/wp-json\/wp\/v2\/product_cat?post=62124"},{"taxonomy":"product_tag","embeddable":true,"href":"https:\/\/mestraold.lleset.com\/fr\/wp-json\/wp\/v2\/product_tag?post=62124"}],"curies":[{"name":"wp","href":"https:\/\/api.w.org\/{rel}","templated":true}]}}