{"id":62067,"date":"2024-01-11T12:22:46","date_gmt":"2024-01-11T11:22:46","guid":{"rendered":"https:\/\/mestraold.lleset.com\/producto\/micromotor-induccion-a7-mestra\/"},"modified":"2024-02-28T14:10:02","modified_gmt":"2024-02-28T13:10:02","slug":"micromotor-induccion-a7-mestra","status":"publish","type":"product","link":"https:\/\/mestraold.lleset.com\/fr\/produit\/micromotor-induccion-a7-mestra\/","title":{"rendered":"Micromoteur \u00e0 induction &#8211; A7 &#8211; 55000 RPM &#8211; Couple 8,5 N-cm"},"content":{"rendered":"<p>Moteur sans balais.<\/p>\n<ul>\n<li>P\u00e9dale pour une vitesse constante.<\/li>\n<li>Contr\u00f4le manuel ou par p\u00e9dale de la vitesse.<\/li>\n<li>Bouton tactile.<\/li>\n<li>Marche avant \/ marche arri\u00e8re.<\/li>\n<li>Fonction de protection contre les surcharges.<\/li>\n<li>Fonction d&rsquo;avertissement de d\u00e9faut.<\/li>\n<\/ul>\n","protected":false},"excerpt":{"rendered":"<p>Moteur sans balais. P\u00e9dale pour une vitesse constante. Contr\u00f4le manuel ou par p\u00e9dale de la vitesse. Bouton tactile. Marche avant \/ marche arri\u00e8re. Fonction de protection contre les surcharges. Fonction d&rsquo;avertissement de d\u00e9faut.<\/p>\n","protected":false},"featured_media":62064,"template":"","meta":[],"product_cat":[202,1137,1092],"product_tag":[],"class_list":["post-62067","product","type-product","status-publish","has-post-thumbnail","hentry","product_cat-laboratoire","product_cat-micromotores-fr","product_cat-pulido-mecanico-fr"],"acf":[],"df_price":590,"df_sale_price":"","df_regular_price":590,"df_image_link":"https:\/\/mestraold.lleset.com\/wp-content\/uploads\/2024\/01\/100230-300x300.jpg","_links":{"self":[{"href":"https:\/\/mestraold.lleset.com\/fr\/wp-json\/wp\/v2\/product\/62067","targetHints":{"allow":["GET"]}}],"collection":[{"href":"https:\/\/mestraold.lleset.com\/fr\/wp-json\/wp\/v2\/product"}],"about":[{"href":"https:\/\/mestraold.lleset.com\/fr\/wp-json\/wp\/v2\/types\/product"}],"wp:featuredmedia":[{"embeddable":true,"href":"https:\/\/mestraold.lleset.com\/fr\/wp-json\/wp\/v2\/media\/62064"}],"wp:attachment":[{"href":"https:\/\/mestraold.lleset.com\/fr\/wp-json\/wp\/v2\/media?parent=62067"}],"wp:term":[{"taxonomy":"product_cat","embeddable":true,"href":"https:\/\/mestraold.lleset.com\/fr\/wp-json\/wp\/v2\/product_cat?post=62067"},{"taxonomy":"product_tag","embeddable":true,"href":"https:\/\/mestraold.lleset.com\/fr\/wp-json\/wp\/v2\/product_tag?post=62067"}],"curies":[{"name":"wp","href":"https:\/\/api.w.org\/{rel}","templated":true}]}}