{"id":62007,"date":"2023-12-14T15:33:33","date_gmt":"2023-12-14T14:33:34","guid":{"rendered":"https:\/\/mestraold.lleset.com\/?post_type=product&#038;p=62007"},"modified":"2023-12-19T09:41:32","modified_gmt":"2023-12-19T08:41:32","slug":"polisseur-electrolytique-compact-digitale-air-copia","status":"publish","type":"product","link":"https:\/\/mestraold.lleset.com\/fr\/produit\/polisseur-electrolytique-compact-digitale-air-copia\/","title":{"rendered":"Anodizador para titanio"},"content":{"rendered":"<p>El anodizador para titanio es un sencillo aparato que permite procesar elementos dentales de titanio de forma r\u00e1pida, sencilla y econ\u00f3mica. Los resultados son comparables a productos pertenecientes a una categor\u00eda muy superior.<\/p>\n<p>El <a href=\"https:\/\/gacetadental.com\/2010\/09\/anodizacin-del-titanio-para-la-mejora-ante-la-degradacin-qumica-de-material-quirrgico-6214\/\">anodizado<\/a> es un proceso electroqu\u00edmico que crea una capa protectora de \u00f3xido en la superficie del metal, en nuestro caso el titanio. Esta capa \u2014conocida como capa an\u00f3dica\u2014 es m\u00e1s gruesa que la capa de \u00f3xido natural que se forma en el titanio cuando es expuesto al aire, lo que ofrece una serie de ventajas: <span style=\"color: #ffffff;\">anodizador para titanio<\/span><\/p>\n<p><span style=\"color: #b30b45;\"><strong>Resistencia a la corrosi\u00f3n:<\/strong><\/span><br \/>\nLa capa an\u00f3dica protege el titanio de la corrosi\u00f3n, incluso en condiciones adversas (uso en boca).<\/p>\n<p><span style=\"color: #b30b45;\"><strong>Resistencia al desgaste:<\/strong><\/span><br \/>\nLa capa an\u00f3dica es m\u00e1s dura que el titanio base, lo que la hace m\u00e1s resistente al desgaste por fricci\u00f3n.<\/p>\n<p><span style=\"color: #b30b45;\"><strong>Mejor adherencia y acabado superficial:<\/strong><\/span><br \/>\nCualquier capa de otro material que se superponga (p. ej. zirconio) ser\u00e1 m\u00e1s f\u00e1cil de fijar sobre el elemento base anodizado (titanio).<\/p>\n<p><span style=\"color: #b30b45;\"><strong>Menor liberaci\u00f3n de iones met\u00e1licos:<\/strong><\/span><br \/>\nLa capa de \u00f3xido de titanio minimiza la liberaci\u00f3n de iones met\u00e1licos al medio fisiol\u00f3gico.<\/p>\n<p><span style=\"color: #b30b45;\"><strong>Apariencia:<\/strong><\/span><br \/>\nLa capa an\u00f3dica se puede colorear con diferentes tonalidades, lo que le da al titanio un aspecto m\u00e1s atractivo que el gris pardo original. Esta ventaja es especialmente interesante en el caso de que el elemento anodizado sirva como soporte de un material transl\u00facido, por ejemplo, el zirconio.<\/p>\n","protected":false},"excerpt":{"rendered":"<ul>\n<li>El proceso de coloraci\u00f3n dura apenas 5 segundos.<\/li>\n<li>Se conseguir\u00e1n diferentes tonalidades en funci\u00f3n del voltaje.<\/li>\n<li>Como electrolito se puede usar agua con bicarbonato s\u00f3dico.<\/li>\n<li>A 60 V se obtiene una atractiva tonalidad dorada muy apreciada en el sector dental.<\/li>\n<\/ul>\n","protected":false},"featured_media":62010,"template":"","meta":[],"product_cat":[266,202,1135,1092],"product_tag":[],"class_list":["post-62007","product","type-product","status-publish","has-post-thumbnail","hentry","product_cat-developpements","product_cat-laboratoire","product_cat-pulido-electrolitico-fr","product_cat-pulido-mecanico-fr"],"acf":[],"df_price":9999,"df_sale_price":"","df_regular_price":9999,"df_image_link":"https:\/\/mestraold.lleset.com\/wp-content\/uploads\/2023\/12\/100295-300x300.jpg","_links":{"self":[{"href":"https:\/\/mestraold.lleset.com\/fr\/wp-json\/wp\/v2\/product\/62007","targetHints":{"allow":["GET"]}}],"collection":[{"href":"https:\/\/mestraold.lleset.com\/fr\/wp-json\/wp\/v2\/product"}],"about":[{"href":"https:\/\/mestraold.lleset.com\/fr\/wp-json\/wp\/v2\/types\/product"}],"wp:featuredmedia":[{"embeddable":true,"href":"https:\/\/mestraold.lleset.com\/fr\/wp-json\/wp\/v2\/media\/62010"}],"wp:attachment":[{"href":"https:\/\/mestraold.lleset.com\/fr\/wp-json\/wp\/v2\/media?parent=62007"}],"wp:term":[{"taxonomy":"product_cat","embeddable":true,"href":"https:\/\/mestraold.lleset.com\/fr\/wp-json\/wp\/v2\/product_cat?post=62007"},{"taxonomy":"product_tag","embeddable":true,"href":"https:\/\/mestraold.lleset.com\/fr\/wp-json\/wp\/v2\/product_tag?post=62007"}],"curies":[{"name":"wp","href":"https:\/\/api.w.org\/{rel}","templated":true}]}}