{"id":61668,"date":"2023-07-10T17:07:12","date_gmt":"2023-07-10T15:07:12","guid":{"rendered":"https:\/\/mestraold.lleset.com\/producto\/pinceles-mango-de-madera-marta-kolinski\/"},"modified":"2023-11-29T11:39:15","modified_gmt":"2023-11-29T10:39:15","slug":"pinceles-mango-de-madera-marta-kolinski","status":"publish","type":"product","link":"https:\/\/mestraold.lleset.com\/fr\/produit\/pinceles-mango-de-madera-marta-kolinski\/","title":{"rendered":"Brosses \u00e0 manche en bois &#8211; Marta Kolinski"},"content":{"rendered":"<p>Brosses de haute qualit\u00e9.<\/p>\n<p>Pinceaux ronds pointus en poils de martre Kolinski.<\/p>\n<p>Manche en bois dur \u00e9maill\u00e9 et virole en laiton nickel\u00e9.<\/p>\n<p>Ils sont dot\u00e9s d&rsquo;un effet de cliquetis.<\/p>\n","protected":false},"excerpt":{"rendered":"<p>Brosses de haute qualit\u00e9 &#8211; Brosses rondes pointues<\/p>\n","protected":false},"featured_media":59001,"template":"","meta":[],"product_cat":[1085,202,1097,1098,223],"product_tag":[],"class_list":["post-61668","product","type-product","status-publish","has-post-thumbnail","hentry","product_cat-instrumentos-de-modelado-fr","product_cat-laboratoire","product_cat-pinceles-fr","product_cat-porcelana-ceramica-fr","product_cat-travail-de-la-cire"],"acf":[],"df_price":9999,"df_sale_price":"","df_regular_price":9999,"df_image_link":"https:\/\/mestraold.lleset.com\/wp-content\/uploads\/2023\/07\/050380-390-300x300.jpg","_links":{"self":[{"href":"https:\/\/mestraold.lleset.com\/fr\/wp-json\/wp\/v2\/product\/61668","targetHints":{"allow":["GET"]}}],"collection":[{"href":"https:\/\/mestraold.lleset.com\/fr\/wp-json\/wp\/v2\/product"}],"about":[{"href":"https:\/\/mestraold.lleset.com\/fr\/wp-json\/wp\/v2\/types\/product"}],"wp:featuredmedia":[{"embeddable":true,"href":"https:\/\/mestraold.lleset.com\/fr\/wp-json\/wp\/v2\/media\/59001"}],"wp:attachment":[{"href":"https:\/\/mestraold.lleset.com\/fr\/wp-json\/wp\/v2\/media?parent=61668"}],"wp:term":[{"taxonomy":"product_cat","embeddable":true,"href":"https:\/\/mestraold.lleset.com\/fr\/wp-json\/wp\/v2\/product_cat?post=61668"},{"taxonomy":"product_tag","embeddable":true,"href":"https:\/\/mestraold.lleset.com\/fr\/wp-json\/wp\/v2\/product_tag?post=61668"}],"curies":[{"name":"wp","href":"https:\/\/api.w.org\/{rel}","templated":true}]}}