{"id":61642,"date":"2023-06-21T16:58:24","date_gmt":"2023-06-21T14:58:24","guid":{"rendered":"https:\/\/mestraold.lleset.com\/producto\/caja-de-repaso-grande\/"},"modified":"2023-11-29T10:29:30","modified_gmt":"2023-11-29T09:29:30","slug":"caja-de-repaso-grande","status":"publish","type":"product","link":"https:\/\/mestraold.lleset.com\/fr\/produit\/caja-de-repaso-grande\/","title":{"rendered":"Grande bo\u00eete de r\u00e9vision"},"content":{"rendered":"<p>Box de retouches enti\u00e8rement compatible avec les aspirations Sirocco M et L. Ils forment un tandem extr\u00eamement utile et fiable pour un environnement de cabinet ou de laboratoire, permettant de petites op\u00e9rations de polissage et de finition.<\/p>\n<ul>\n<li>Conception large et robuste<\/li>\n<li>Grande chambre \u00e0 acc\u00e8s ais\u00e9<\/li>\n<li>Vision confortable gr\u00e2ce \u00e0 un \u00e9clairage LED interne<\/li>\n<li>Ergonomique<\/li>\n<li>Repose-bras confortables et pratiques<\/li>\n<\/ul>\n","protected":false},"excerpt":{"rendered":"<p>Tr\u00e8s grande chambre de travail, \u00e9clair\u00e9e et \u00e9quip\u00e9e d&rsquo;un raccord \u00e0 vide<\/p>\n","protected":false},"featured_media":58222,"template":"","meta":[],"product_cat":[1094,266,202,235,267],"product_tag":[],"class_list":["post-61642","product","type-product","status-publish","has-post-thumbnail","hentry","product_cat-cabinas-de-trabajo-fr","product_cat-developpements","product_cat-laboratoire","product_cat-mobilier-laboratoire","product_cat-offres"],"acf":[],"df_price":453.75,"df_sale_price":453.75,"df_regular_price":825,"df_image_link":"https:\/\/mestraold.lleset.com\/wp-content\/uploads\/2023\/06\/080212-300x200.jpg","_links":{"self":[{"href":"https:\/\/mestraold.lleset.com\/fr\/wp-json\/wp\/v2\/product\/61642","targetHints":{"allow":["GET"]}}],"collection":[{"href":"https:\/\/mestraold.lleset.com\/fr\/wp-json\/wp\/v2\/product"}],"about":[{"href":"https:\/\/mestraold.lleset.com\/fr\/wp-json\/wp\/v2\/types\/product"}],"wp:featuredmedia":[{"embeddable":true,"href":"https:\/\/mestraold.lleset.com\/fr\/wp-json\/wp\/v2\/media\/58222"}],"wp:attachment":[{"href":"https:\/\/mestraold.lleset.com\/fr\/wp-json\/wp\/v2\/media?parent=61642"}],"wp:term":[{"taxonomy":"product_cat","embeddable":true,"href":"https:\/\/mestraold.lleset.com\/fr\/wp-json\/wp\/v2\/product_cat?post=61642"},{"taxonomy":"product_tag","embeddable":true,"href":"https:\/\/mestraold.lleset.com\/fr\/wp-json\/wp\/v2\/product_tag?post=61642"}],"curies":[{"name":"wp","href":"https:\/\/api.w.org\/{rel}","templated":true}]}}