{"id":61638,"date":"2023-06-22T11:33:59","date_gmt":"2023-06-22T09:33:59","guid":{"rendered":"https:\/\/mestraold.lleset.com\/producto\/caja-de-repaso-sirocco-con-aspiracion-laboratorio\/"},"modified":"2023-11-29T10:11:07","modified_gmt":"2023-11-29T09:11:07","slug":"caja-de-repaso-sirocco-con-aspiracion-laboratorio","status":"publish","type":"product","link":"https:\/\/mestraold.lleset.com\/fr\/produit\/caja-de-repaso-sirocco-con-aspiracion-laboratorio\/","title":{"rendered":"Bo\u00eete de reprise Sirocco avec aspiration &#8211; Laboratoire"},"content":{"rendered":"<p>Sirocco S et box de retouches pour laboratoires dentaires. Enti\u00e8rement compatible avec l&rsquo;unit\u00e9 d\u2019aspiration de table, avec laquelle il forme un ensemble tr\u00e8s compact et \u00e9quilibr\u00e9.<\/p>\n<ul>\n<li>Design large et robuste parfait pour le laboratoire<\/li>\n<li>Eclairage LED int\u00e9gr\u00e9<\/li>\n<li>Accoudoirs confortables et pratiques<\/li>\n<\/ul>\n<p>Hauteur 365\u2006mm \u2022 Largeur 345\u2006mm<br \/>\nProfondeur 400\u2006mm \u2022 Poids 5.5\u2006kg<\/p>\n","protected":false},"excerpt":{"rendered":"<p>Chambre de travail avec accoudoirs, avec aspiration par induction int\u00e9gr\u00e9e.<\/p>\n","protected":false},"featured_media":58314,"template":"","meta":[],"product_cat":[1055,208,266,202,267],"product_tag":[],"class_list":["post-61638","product","type-product","status-publish","has-post-thumbnail","hentry","product_cat-aspiradores-fr","product_cat-aspiration-fr","product_cat-developpements","product_cat-laboratoire","product_cat-offres"],"acf":[],"df_price":980,"df_sale_price":"","df_regular_price":980,"df_image_link":"https:\/\/mestraold.lleset.com\/wp-content\/uploads\/2023\/06\/080534AL-1-286x300.jpg","_links":{"self":[{"href":"https:\/\/mestraold.lleset.com\/fr\/wp-json\/wp\/v2\/product\/61638","targetHints":{"allow":["GET"]}}],"collection":[{"href":"https:\/\/mestraold.lleset.com\/fr\/wp-json\/wp\/v2\/product"}],"about":[{"href":"https:\/\/mestraold.lleset.com\/fr\/wp-json\/wp\/v2\/types\/product"}],"wp:featuredmedia":[{"embeddable":true,"href":"https:\/\/mestraold.lleset.com\/fr\/wp-json\/wp\/v2\/media\/58314"}],"wp:attachment":[{"href":"https:\/\/mestraold.lleset.com\/fr\/wp-json\/wp\/v2\/media?parent=61638"}],"wp:term":[{"taxonomy":"product_cat","embeddable":true,"href":"https:\/\/mestraold.lleset.com\/fr\/wp-json\/wp\/v2\/product_cat?post=61638"},{"taxonomy":"product_tag","embeddable":true,"href":"https:\/\/mestraold.lleset.com\/fr\/wp-json\/wp\/v2\/product_tag?post=61638"}],"curies":[{"name":"wp","href":"https:\/\/api.w.org\/{rel}","templated":true}]}}