{"id":61637,"date":"2023-06-22T12:00:13","date_gmt":"2023-06-22T10:00:13","guid":{"rendered":"https:\/\/mestraold.lleset.com\/producto\/caja-de-repaso-sirocco-con-aspiracion-clinica\/"},"modified":"2023-11-29T10:00:32","modified_gmt":"2023-11-29T09:00:32","slug":"caja-de-repaso-sirocco-con-aspiracion-clinica","status":"publish","type":"product","link":"https:\/\/mestraold.lleset.com\/fr\/produit\/caja-de-repaso-sirocco-con-aspiracion-clinica\/","title":{"rendered":"Bo\u00eete d&rsquo;aspiration Sirocco avec aspiration &#8211; Clinic"},"content":{"rendered":"<p>Sirocco S avec box de retouches pour cabinets. Ils forment un ensemble extr\u00eamement utile et fiable pour l\u2019environnement du cabinet, permettant de petites op\u00e9rations de polissage et de retouches.<\/p>\n<ul>\n<li>Large vision de la zone de travail<\/li>\n<li>Eclairage LED int\u00e9gr\u00e9<\/li>\n<li>Grande ergonomie de travail<\/li>\n<\/ul>\n<p>Hauteur 365 mm \u2022 Largeur 290 mm<br \/>\nProfondeur 290\u2006mm \u2022 Poids 5.5\u2006kg<\/p>\n","protected":false},"excerpt":{"rendered":"<p>Chambre de travail ferm\u00e9e, avec aspiration par induction int\u00e9gr\u00e9e<\/p>\n","protected":false},"featured_media":58327,"template":"","meta":[],"product_cat":[1055,208,266,202,267],"product_tag":[],"class_list":["post-61637","product","type-product","status-publish","has-post-thumbnail","hentry","product_cat-aspiradores-fr","product_cat-aspiration-fr","product_cat-developpements","product_cat-laboratoire","product_cat-offres"],"acf":[],"df_price":492.8,"df_sale_price":492.8,"df_regular_price":896,"df_image_link":"https:\/\/mestraold.lleset.com\/wp-content\/uploads\/2023\/06\/080534AC-279x300.jpg","_links":{"self":[{"href":"https:\/\/mestraold.lleset.com\/fr\/wp-json\/wp\/v2\/product\/61637","targetHints":{"allow":["GET"]}}],"collection":[{"href":"https:\/\/mestraold.lleset.com\/fr\/wp-json\/wp\/v2\/product"}],"about":[{"href":"https:\/\/mestraold.lleset.com\/fr\/wp-json\/wp\/v2\/types\/product"}],"wp:featuredmedia":[{"embeddable":true,"href":"https:\/\/mestraold.lleset.com\/fr\/wp-json\/wp\/v2\/media\/58327"}],"wp:attachment":[{"href":"https:\/\/mestraold.lleset.com\/fr\/wp-json\/wp\/v2\/media?parent=61637"}],"wp:term":[{"taxonomy":"product_cat","embeddable":true,"href":"https:\/\/mestraold.lleset.com\/fr\/wp-json\/wp\/v2\/product_cat?post=61637"},{"taxonomy":"product_tag","embeddable":true,"href":"https:\/\/mestraold.lleset.com\/fr\/wp-json\/wp\/v2\/product_tag?post=61637"}],"curies":[{"name":"wp","href":"https:\/\/api.w.org\/{rel}","templated":true}]}}