{"id":61634,"date":"2023-11-13T11:46:02","date_gmt":"2023-11-13T10:46:02","guid":{"rendered":"https:\/\/mestraold.lleset.com\/producto\/ultrasonidos\/"},"modified":"2023-11-29T09:43:12","modified_gmt":"2023-11-29T08:43:12","slug":"ultrasonidos","status":"publish","type":"product","link":"https:\/\/mestraold.lleset.com\/fr\/produit\/ultrasonidos\/","title":{"rendered":"Ultrasons"},"content":{"rendered":"<p>La taille de son r\u00e9servoir en acier inoxydable le rend tr\u00e8s adapt\u00e9 au nettoyage de petits objets dans les laboratoires et les cabinets dentaires.<\/p>\n<p>Il est \u00e9quip\u00e9 d&rsquo;un syst\u00e8me de chauffage, d&rsquo;une minuterie \u00e9lectronique, d&rsquo;une fonction de d\u00e9gazage et d&rsquo;un compteur d&rsquo;heures de solution de nettoyage.<\/p>\n<p>Le c\u00e2ble amovible, le robinet de vidange et le tuyau permettent de vider facilement le r\u00e9servoir.<\/p>\n<p>Comprend un panier de protection en plastique et un tuyau de vidange.<\/p>\n","protected":false},"excerpt":{"rendered":"<p>La taille de son r\u00e9servoir en acier inoxydable le rend tr\u00e8s adapt\u00e9 au nettoyage de petits objets dans les laboratoires et les cabinets dentaires. Il est \u00e9quip\u00e9 d&rsquo;un syst\u00e8me de chauffage, d&rsquo;une minuterie \u00e9lectronique, d&rsquo;une fonction de d\u00e9gazage et d&rsquo;un compteur d&rsquo;heures de solution de nettoyage. Le c\u00e2ble amovible, le robinet de vidange et le [&hellip;]<\/p>\n","protected":false},"featured_media":60646,"template":"","meta":[],"product_cat":[202,1092,1093],"product_tag":[],"class_list":["post-61634","product","type-product","status-publish","has-post-thumbnail","hentry","product_cat-laboratoire","product_cat-pulido-mecanico-fr","product_cat-ultrasonidos-fr"],"acf":[],"df_price":9999,"df_sale_price":"","df_regular_price":9999,"df_image_link":"https:\/\/mestraold.lleset.com\/wp-content\/uploads\/2023\/11\/100142-Ultrasonidos-300x300.jpg","_links":{"self":[{"href":"https:\/\/mestraold.lleset.com\/fr\/wp-json\/wp\/v2\/product\/61634","targetHints":{"allow":["GET"]}}],"collection":[{"href":"https:\/\/mestraold.lleset.com\/fr\/wp-json\/wp\/v2\/product"}],"about":[{"href":"https:\/\/mestraold.lleset.com\/fr\/wp-json\/wp\/v2\/types\/product"}],"wp:featuredmedia":[{"embeddable":true,"href":"https:\/\/mestraold.lleset.com\/fr\/wp-json\/wp\/v2\/media\/60646"}],"wp:attachment":[{"href":"https:\/\/mestraold.lleset.com\/fr\/wp-json\/wp\/v2\/media?parent=61634"}],"wp:term":[{"taxonomy":"product_cat","embeddable":true,"href":"https:\/\/mestraold.lleset.com\/fr\/wp-json\/wp\/v2\/product_cat?post=61634"},{"taxonomy":"product_tag","embeddable":true,"href":"https:\/\/mestraold.lleset.com\/fr\/wp-json\/wp\/v2\/product_tag?post=61634"}],"curies":[{"name":"wp","href":"https:\/\/api.w.org\/{rel}","templated":true}]}}