{"id":61102,"date":"2023-06-06T15:07:30","date_gmt":"2023-06-06T13:07:30","guid":{"rendered":"https:\/\/mestraold.lleset.com\/producto\/laminas-para-termoconformado\/"},"modified":"2023-11-23T09:03:20","modified_gmt":"2023-11-23T08:03:20","slug":"laminas-para-termoconformado","status":"publish","type":"product","link":"https:\/\/mestraold.lleset.com\/fr\/produit\/laminas-para-termoconformado\/","title":{"rendered":"Feuilles de thermoformage"},"content":{"rendered":"<p>Films thermoformables en plastique de haute qualit\u00e9, de format carr\u00e9 ou rond, avec une large gamme d&rsquo;\u00e9paisseurs, de types et d&rsquo;applications.<\/p>\n<p><img loading=\"lazy\" decoding=\"async\" class=\"alignnone\" src=\"https:\/\/mestraold.lleset.com\/wp-content\/uploads\/2023\/06\/Laminas-termoconformado-Formas.jpg\" alt=\"L\u00e1minas de termoconformado - Formas\" width=\"518\" height=\"247\" \/><\/p>\n<p>Ils sont certifi\u00e9s CE en tant que dispositif m\u00e9dical et sont fournis dans un emballage m\u00e9tallis\u00e9 scell\u00e9 sous vide.<\/p>\n<p><img loading=\"lazy\" decoding=\"async\" class=\"alignnone\" src=\"https:\/\/mestraold.lleset.com\/wp-content\/uploads\/2023\/06\/Laminas-termoconformado-Envase.jpg\" alt=\"L\u00e1minas de termoconformado - Envase\" width=\"545\" height=\"250\" \/><\/p>\n<p>Il n&rsquo;y a pas de suie ou de fum\u00e9es lors du chauffage et l&rsquo;absence de mat\u00e9riaux recycl\u00e9s \u00e9vite qu&rsquo;ils ne se d\u00e9chirent sous vide.<\/p>\n","protected":false},"excerpt":{"rendered":"<p>En format carr\u00e9 ou rond, avec une grande vari\u00e9t\u00e9 d&rsquo;\u00e9paisseurs, de types et d&rsquo;applications.<\/p>\n<p>Avec certificat CE de dispositif m\u00e9dical.<\/p>\n<p>Livr\u00e9s dans un emballage m\u00e9tallis\u00e9 avec scellage sous vide.<\/p>\n","protected":false},"featured_media":57609,"template":"","meta":[],"product_cat":[181,266,202,190,267,253],"product_tag":[],"class_list":["post-61102","product","type-product","status-publish","has-post-thumbnail","hentry","product_cat-cabinet","product_cat-developpements","product_cat-laboratoire","product_cat-machines-cabinet","product_cat-offres","product_cat-thermoformage"],"acf":[],"df_price":2,"df_sale_price":"","df_regular_price":2,"df_image_link":"https:\/\/mestraold.lleset.com\/wp-content\/uploads\/2023\/06\/Laminas-termoconformado-300x283.jpg","_links":{"self":[{"href":"https:\/\/mestraold.lleset.com\/fr\/wp-json\/wp\/v2\/product\/61102","targetHints":{"allow":["GET"]}}],"collection":[{"href":"https:\/\/mestraold.lleset.com\/fr\/wp-json\/wp\/v2\/product"}],"about":[{"href":"https:\/\/mestraold.lleset.com\/fr\/wp-json\/wp\/v2\/types\/product"}],"wp:featuredmedia":[{"embeddable":true,"href":"https:\/\/mestraold.lleset.com\/fr\/wp-json\/wp\/v2\/media\/57609"}],"wp:attachment":[{"href":"https:\/\/mestraold.lleset.com\/fr\/wp-json\/wp\/v2\/media?parent=61102"}],"wp:term":[{"taxonomy":"product_cat","embeddable":true,"href":"https:\/\/mestraold.lleset.com\/fr\/wp-json\/wp\/v2\/product_cat?post=61102"},{"taxonomy":"product_tag","embeddable":true,"href":"https:\/\/mestraold.lleset.com\/fr\/wp-json\/wp\/v2\/product_tag?post=61102"}],"curies":[{"name":"wp","href":"https:\/\/api.w.org\/{rel}","templated":true}]}}