{"id":60977,"date":"2023-11-22T11:24:00","date_gmt":"2023-11-22T10:24:00","guid":{"rendered":"https:\/\/mestraold.lleset.com\/producto\/kit-pulido-en-2-pasos\/"},"modified":"2023-11-22T11:41:01","modified_gmt":"2023-11-22T10:41:01","slug":"kit-pulido-en-2-pasos","status":"publish","type":"product","link":"https:\/\/mestraold.lleset.com\/fr\/produit\/kit-pulido-en-2-pasos\/","title":{"rendered":"Kit de polissage en 2 etapes"},"content":{"rendered":"<p>Kits de disques diamant\u00e9s et de fraises, sp\u00e9cialement con\u00e7us pour le<br \/>\npr\u00e9-polissage et le polissage \u00e0 haute brillance des inlays et facettes en zircone, sans avoir besoin de gla\u00e7age, de p\u00e2te \u00e0 polir ni de refroidissement \u00e0 l&rsquo;eau.<\/p>\n<p>Ils sont autoclavables \u00e0 135\u00baC (hors de leur boite de pr\u00e9sentation), ses tiges ont un diam\u00e8tre standard de 2.35\u2006mm et une vitesse de travail recommand\u00e9e comprise entre 10\u2006000 et 15\u2006000\u2006tr\/min, 20\u2006000 max. pour les fraises en caoutchouc diamant\u00e9 et 25\u2006000 max. pour les fraises en c\u00e9ramique diamant\u00e9e.<\/p>\n","protected":false},"excerpt":{"rendered":"<p>Kits de disques diamant\u00e9s et de fraises, sp\u00e9cialement con\u00e7us pour le pr\u00e9-polissage et le polissage \u00e0 haute brillance des inlays et facettes en zircone, sans avoir besoin de gla\u00e7age, de p\u00e2te \u00e0 polir ni de refroidissement \u00e0 l&rsquo;eau. Ils sont autoclavables \u00e0 135\u00baC (hors de leur boite de pr\u00e9sentation), ses tiges ont un diam\u00e8tre standard [&hellip;]<\/p>\n","protected":false},"featured_media":60970,"template":"","meta":[],"product_cat":[1058],"product_tag":[],"class_list":["post-60977","product","type-product","status-publish","has-post-thumbnail","hentry","product_cat-uncategorized-fr"],"acf":[],"df_price":9999,"df_sale_price":"","df_regular_price":9999,"df_image_link":"https:\/\/mestraold.lleset.com\/wp-content\/uploads\/2023\/11\/108106-300x300.jpg","_links":{"self":[{"href":"https:\/\/mestraold.lleset.com\/fr\/wp-json\/wp\/v2\/product\/60977","targetHints":{"allow":["GET"]}}],"collection":[{"href":"https:\/\/mestraold.lleset.com\/fr\/wp-json\/wp\/v2\/product"}],"about":[{"href":"https:\/\/mestraold.lleset.com\/fr\/wp-json\/wp\/v2\/types\/product"}],"wp:featuredmedia":[{"embeddable":true,"href":"https:\/\/mestraold.lleset.com\/fr\/wp-json\/wp\/v2\/media\/60970"}],"wp:attachment":[{"href":"https:\/\/mestraold.lleset.com\/fr\/wp-json\/wp\/v2\/media?parent=60977"}],"wp:term":[{"taxonomy":"product_cat","embeddable":true,"href":"https:\/\/mestraold.lleset.com\/fr\/wp-json\/wp\/v2\/product_cat?post=60977"},{"taxonomy":"product_tag","embeddable":true,"href":"https:\/\/mestraold.lleset.com\/fr\/wp-json\/wp\/v2\/product_tag?post=60977"}],"curies":[{"name":"wp","href":"https:\/\/api.w.org\/{rel}","templated":true}]}}