{"id":58648,"date":"2023-06-29T11:57:27","date_gmt":"2023-06-29T09:57:36","guid":{"rendered":"https:\/\/mestraold.lleset.com\/?post_type=product&#038;p=58648"},"modified":"2023-08-31T09:21:45","modified_gmt":"2023-08-31T07:21:45","slug":"coupeur-de-pontes-de-gutta-percha","status":"publish","type":"product","link":"https:\/\/mestraold.lleset.com\/fr\/produit\/coupeur-de-pontes-de-gutta-percha\/","title":{"rendered":"Coupeur de pointes de gutta-percha"},"content":{"rendered":"<p>La pointe a la propri\u00e9t\u00e9 d\u2019\u00eatre flexible pour pouvoir \u00eatre coup\u00e9e sans probl\u00e8me.<\/p>\n<p><img loading=\"lazy\" decoding=\"async\" class=\"\" src=\"https:\/\/mestraold.lleset.com\/wp-content\/uploads\/2023\/06\/100349-e-e1688034307340.jpg\" width=\"362\" height=\"270\" \/><\/p>\n<p>En appuyant sur le bouton d&rsquo;alimentation, la pointe chauffera imm\u00e9diatement jusqu&rsquo;\u00e0 500 \u00b0C.<\/p>\n<p><img loading=\"lazy\" decoding=\"async\" class=\"\" src=\"https:\/\/mestraold.lleset.com\/wp-content\/uploads\/2023\/06\/100349-d-e1688034416237.jpg\" width=\"265\" height=\"250\" \/><\/p>\n<p>Rel\u00e2chez le bouton et la pointe refroidira rapidement.<\/p>\n<p>Couvrir l&#8217;embout avec le capuchon apr\u00e8s utilisation.<\/p>\n<p>Placez l&rsquo;appareil sur sa base.<\/p>\n<p><img loading=\"lazy\" decoding=\"async\" class=\"\" src=\"https:\/\/mestraold.lleset.com\/wp-content\/uploads\/2023\/06\/100349-b.jpg\" width=\"368\" height=\"414\" \/><\/p>\n<p>Livr\u00e9 avec 3 embouts :<\/p>\n<p><img loading=\"lazy\" decoding=\"async\" class=\"\" src=\"https:\/\/mestraold.lleset.com\/wp-content\/uploads\/2023\/06\/100349-01-e1688034504166.jpg\" width=\"206\" height=\"262\" \/><\/p>\n<table style=\"border-collapse: collapse; width: 100%;\" border=\"1\">\n<tbody>\n<tr style=\"height: 24px;\">\n<td style=\"width: 12.1967%; height: 24px;\">R\u00e9f. 100349-01<\/td>\n<td style=\"width: 16.0749%; height: 24px;\">Pointe petite &#8211; 0,5 mm<\/td>\n<\/tr>\n<tr style=\"height: 24px;\">\n<td style=\"width: 12.1967%; height: 24px;\">R\u00e9f. 100349-02<\/td>\n<td style=\"width: 16.0749%; height: 24px;\">Pointe moyenne &#8211; 1,2 mm<\/td>\n<\/tr>\n<tr style=\"height: 24px;\">\n<td style=\"width: 12.1967%; height: 24px;\">R\u00e9f. 100349-03<\/td>\n<td style=\"width: 16.0749%; height: 24px;\">Pointe large &#8211; 2,0 mm<\/td>\n<\/tr>\n<\/tbody>\n<\/table>\n<p>&nbsp;<\/p>\n","protected":false},"excerpt":{"rendered":"<p>En appuyant sur le bouton d&rsquo;alimentation, la pointe chauffera imm\u00e9diatement jusqu&rsquo;\u00e0 500 \u00b0C.<\/p>\n","protected":false},"featured_media":58675,"template":"","meta":[],"product_cat":[181,266,190,267],"product_tag":[],"class_list":["post-58648","product","type-product","status-publish","has-post-thumbnail","hentry","product_cat-cabinet","product_cat-developpements","product_cat-machines-cabinet","product_cat-offres"],"acf":[],"df_price":58.5,"df_sale_price":58.5,"df_regular_price":90,"df_image_link":"https:\/\/mestraold.lleset.com\/wp-content\/uploads\/2023\/06\/100349-300x300.jpg","_links":{"self":[{"href":"https:\/\/mestraold.lleset.com\/fr\/wp-json\/wp\/v2\/product\/58648","targetHints":{"allow":["GET"]}}],"collection":[{"href":"https:\/\/mestraold.lleset.com\/fr\/wp-json\/wp\/v2\/product"}],"about":[{"href":"https:\/\/mestraold.lleset.com\/fr\/wp-json\/wp\/v2\/types\/product"}],"wp:featuredmedia":[{"embeddable":true,"href":"https:\/\/mestraold.lleset.com\/fr\/wp-json\/wp\/v2\/media\/58675"}],"wp:attachment":[{"href":"https:\/\/mestraold.lleset.com\/fr\/wp-json\/wp\/v2\/media?parent=58648"}],"wp:term":[{"taxonomy":"product_cat","embeddable":true,"href":"https:\/\/mestraold.lleset.com\/fr\/wp-json\/wp\/v2\/product_cat?post=58648"},{"taxonomy":"product_tag","embeddable":true,"href":"https:\/\/mestraold.lleset.com\/fr\/wp-json\/wp\/v2\/product_tag?post=58648"}],"curies":[{"name":"wp","href":"https:\/\/api.w.org\/{rel}","templated":true}]}}