{"id":58557,"date":"2023-06-28T16:21:38","date_gmt":"2023-06-28T14:21:48","guid":{"rendered":"https:\/\/mestraold.lleset.com\/?post_type=product&#038;p=58557"},"modified":"2023-07-12T07:59:25","modified_gmt":"2023-07-12T05:59:25","slug":"perforeuse-de-pins-atlas","status":"publish","type":"product","link":"https:\/\/mestraold.lleset.com\/fr\/produit\/perforeuse-de-pins-atlas\/","title":{"rendered":"Perforeuse de pins &#8211; Atlas"},"content":{"rendered":"<p>Machine d\u2019emploi facile pour perforer avec pr\u00e9cision dans la partie inf\u00e9rieure du mod\u00e8le.<\/p>\n<p><img loading=\"lazy\" decoding=\"async\" class=\"\" src=\"https:\/\/mestraold.lleset.com\/wp-content\/uploads\/2023\/06\/080610-a.jpg\" width=\"261\" height=\"387\" \/><\/p>\n<p><img loading=\"lazy\" decoding=\"async\" class=\"\" src=\"https:\/\/mestraold.lleset.com\/wp-content\/uploads\/2023\/06\/080610-b.jpg\" width=\"329\" height=\"283\" \/><\/p>\n<p>L\u2019op\u00e9ration de changement de fraise est facile et intuitive. Son\u00a0 fonctionnement est silencieux et sans vibrations.<\/p>\n<p><img loading=\"lazy\" decoding=\"async\" class=\"\" src=\"https:\/\/mestraold.lleset.com\/wp-content\/uploads\/2023\/06\/080610-d.jpg\" width=\"359\" height=\"254\" \/><\/p>\n<p>Un laser situ\u00e9 dans la partie sup\u00e9rieure de la machine permet de perforer tr\u00e8s pr\u00e9cis\u00e9ment le mod\u00e8le \u00e0 l\u2019endroit exact o\u00f9 l\u2019on veut positionner le pins. Dimension, simplicit\u00e9 et ergonomie font de cette machine l\u2019outil id\u00e9al pour la technique d\u2019individualisation de pins.<\/p>\n<p>La machine est livr\u00e9e avec 2 for\u00eat: de 1,85 mm et 1,95 mm.<\/p>\n<table style=\"border-collapse: collapse; width: 100%;\" border=\"1\">\n<tbody>\n<tr>\n<td style=\"width: 50%;\">Ref. 100250-05<\/td>\n<td style=\"width: 50%;\">For\u00eat \u00d8 1,85 mm<\/td>\n<\/tr>\n<tr>\n<td style=\"width: 50%;\">Ref. 100250-06<\/td>\n<td style=\"width: 50%;\">For\u00eat \u00d8 1,95 mm<\/td>\n<\/tr>\n<\/tbody>\n<\/table>\n<p><img loading=\"lazy\" decoding=\"async\" class=\"\" src=\"https:\/\/mestraold.lleset.com\/wp-content\/uploads\/2023\/06\/100250-05.jpg\" width=\"207\" height=\"207\" \/><\/p>\n<p>Les d\u00e9tails sont tr\u00e8s importants dans la conception de la foreuse Atlas: le syst\u00e8me de fixation de la fraise doit \u00eatre facile \u00e0 lib\u00e9rer. La perforatrice <strong>Atlas<\/strong> permet de la lib\u00e9rer en quelques secondes pour pouvoir la\u00a0 remplacer ou en ajuster la hauteur.<\/p>\n<p>D\u2019autre part, la table permet de faire un r\u00e9glage tr\u00e8s simple de la profondeur de fraisage. Il suffit de tourner une vis pour pouvoir l\u2019ajuster \u00e0 la hauteur souhait\u00e9e.<\/p>\n<p><img loading=\"lazy\" decoding=\"async\" class=\"\" src=\"https:\/\/mestraold.lleset.com\/wp-content\/uploads\/2023\/06\/080610-c.jpg\" width=\"325\" height=\"253\" \/><\/p>\n","protected":false},"excerpt":{"rendered":"<p>Machine d\u2019emploi facile pour perforer avec pr\u00e9cision dans la partie inf\u00e9rieure du mod\u00e8le.<\/p>\n","protected":false},"featured_media":58570,"template":"","meta":[],"product_cat":[202],"product_tag":[],"class_list":["post-58557","product","type-product","status-publish","has-post-thumbnail","hentry","product_cat-laboratoire"],"acf":[],"df_price":578.26,"df_sale_price":578.26,"df_regular_price":1051.38,"df_image_link":"https:\/\/mestraold.lleset.com\/wp-content\/uploads\/2023\/06\/080610-300x300.jpg","_links":{"self":[{"href":"https:\/\/mestraold.lleset.com\/fr\/wp-json\/wp\/v2\/product\/58557","targetHints":{"allow":["GET"]}}],"collection":[{"href":"https:\/\/mestraold.lleset.com\/fr\/wp-json\/wp\/v2\/product"}],"about":[{"href":"https:\/\/mestraold.lleset.com\/fr\/wp-json\/wp\/v2\/types\/product"}],"wp:featuredmedia":[{"embeddable":true,"href":"https:\/\/mestraold.lleset.com\/fr\/wp-json\/wp\/v2\/media\/58570"}],"wp:attachment":[{"href":"https:\/\/mestraold.lleset.com\/fr\/wp-json\/wp\/v2\/media?parent=58557"}],"wp:term":[{"taxonomy":"product_cat","embeddable":true,"href":"https:\/\/mestraold.lleset.com\/fr\/wp-json\/wp\/v2\/product_cat?post=58557"},{"taxonomy":"product_tag","embeddable":true,"href":"https:\/\/mestraold.lleset.com\/fr\/wp-json\/wp\/v2\/product_tag?post=58557"}],"curies":[{"name":"wp","href":"https:\/\/api.w.org\/{rel}","templated":true}]}}