{"id":58236,"date":"2023-06-22T08:41:58","date_gmt":"2023-06-22T06:41:58","guid":{"rendered":"https:\/\/mestraold.lleset.com\/?post_type=product&#038;p=58236"},"modified":"2023-07-06T16:37:36","modified_gmt":"2023-07-06T14:37:36","slug":"laveuse-polymeriseuse-pour-moufles-extreme","status":"publish","type":"product","link":"https:\/\/mestraold.lleset.com\/fr\/produit\/laveuse-polymeriseuse-pour-moufles-extreme\/","title":{"rendered":"Laveuse-polymeriseuse pour moufles &#8211; Extreme"},"content":{"rendered":"<p>Fabriqu\u00e9 enti\u00e8rement en acier inoxydable.<\/p>\n<p><strong>Polym\u00e9risation <\/strong>:<\/p>\n<p>La capacit\u00e9 de la cuve permet d\u2019introduire jusqu\u2019\u00e0 12 moufles (6 brides <a href=\"https:\/\/mestraold.lleset.com\/fr\/produit\/bride-pour-presse-en-alu-special-et-inox-2-moufles\">Ref. 030380<\/a> de 2 moufles).<\/p>\n<p><a href=\"https:\/\/mestraold.lleset.com\/wp-content\/uploads\/2023\/02\/151-LAVA-POLIMERIZADORA-E2-A.-INOX.jpg\"><img loading=\"lazy\" decoding=\"async\" class=\"\" src=\"https:\/\/mestraold.lleset.com\/wp-content\/uploads\/2023\/02\/151-LAVA-POLIMERIZADORA-E2-A.-INOX.jpg\" width=\"339\" height=\"262\" \/><\/a><\/p>\n<p><strong>Ebouillantage :<\/strong> 6 moufles (ouvertes)<\/p>\n<p>Le syst\u00e8me de nettoyage \u00e0 6 injecteurs d\u2019eau sous pression assure un bon \u00e9bouillantage des moufles ainsi qu\u2019un parfait d\u00e9collement de la cire.<\/p>\n<p><img loading=\"lazy\" decoding=\"async\" class=\"\" src=\"https:\/\/mestraold.lleset.com\/wp-content\/uploads\/2023\/02\/150-LAVA-POLIMERIZADORA-E2-A.-INOX.jpg\" width=\"326\" height=\"207\" \/><\/p>\n<p>Syst\u00e8me rap\u00ecde de d\u00e9montage et de montage de l\u2019arbre d\u2019aspersion.<\/p>\n<p><img loading=\"lazy\" decoding=\"async\" class=\"\" src=\"https:\/\/mestraold.lleset.com\/wp-content\/uploads\/2023\/02\/152-LAVA-POLIMERIZADORA-E2-A.-INOX.jpg\" width=\"323\" height=\"249\" \/><\/p>\n<p>Vanne de vidange.<\/p>\n<p><img decoding=\"async\" src=\"https:\/\/mestraold.lleset.com\/wp-content\/uploads\/2023\/06\/Grifo-lavadora.jpg\" \/><\/p>\n<p>&nbsp;<\/p>\n<p>La laveuse-polym\u00e9riseuse Extreme est munie d\u2019un dispositif qui modifie la temp\u00e9rature, suivant les programmes \u00e9tablis.<\/p>\n<p>En cas de d\u00e9faillance d\u2019alimentation, \u00e9tant donn\u00e9 que le r\u00e9gulateur m\u00e9morise toutes les donn\u00e9es, le programme reprend au point ou celle-ci s\u2019\u00e9tait arr\u00eat\u00e9e.<\/p>\n<h3>MICRO PROCESSEUR<\/h3>\n<ul>\n<li>Contr\u00f4le les temps et les temp\u00e9ratures.<\/li>\n<li>Signal acoustique \u00e0 la fin du programme.<\/li>\n<li>5 programmes.<\/li>\n<li>D\u00e9connexion automatique.<\/li>\n<li>Contr\u00f4le de la chauffe par triac.<\/li>\n<li>D\u00e9tecte et indique la rupture du thermocouple.<\/li>\n<li>Protection contre les variations de tension<\/li>\n<li>Protection contre les coupures de courant (mise en m\u00e9moire des derni\u00e8res donn\u00e9es avant coupure.)<\/li>\n<\/ul>\n<h3>PRESTATIONS<\/h3>\n<ul>\n<li>Temps de d\u00e9marrage diff\u00e9r\u00e9 du programme (jusqu\u2019 \u00e0 180 min.)<\/li>\n<li>Le temps de mont\u00e9e et de maintien en temp\u00e9rature.<\/li>\n<li>La temp\u00e9rature de l\u2019eau (maximum jusqu\u2019\u00e0 \u00e9bullition).<\/li>\n<li>Emission d\u2019un signal acoustique et d\u00e9connexion automatique.<\/li>\n<li>Douche pour le ebouillatange.<\/li>\n<\/ul>\n","protected":false},"excerpt":{"rendered":"<p><img loading=\"lazy\" decoding=\"async\" class=\"\" src=\"https:\/\/mestraold.lleset.com\/wp-content\/uploads\/2023\/06\/Magic-18.jpg\" width=\"209\" height=\"66\" \/><\/p>\n<p>Fabriqu\u00e9e en acier inoxydable, est munie d\u2019un processeur qui change la temp\u00e9rature et les temps suivant un programme \u00e9tabli<\/p>\n<p>&nbsp;<\/p>\n","protected":false},"featured_media":58253,"template":"","meta":[],"product_cat":[202,267,238],"product_tag":[],"class_list":["post-58236","product","type-product","status-publish","has-post-thumbnail","hentry","product_cat-laboratoire","product_cat-offres","product_cat-polymerisation"],"acf":[],"df_price":2389.49,"df_sale_price":2389.49,"df_regular_price":4344.52,"df_image_link":"https:\/\/mestraold.lleset.com\/wp-content\/uploads\/2023\/06\/080063-300x242.jpg","_links":{"self":[{"href":"https:\/\/mestraold.lleset.com\/fr\/wp-json\/wp\/v2\/product\/58236","targetHints":{"allow":["GET"]}}],"collection":[{"href":"https:\/\/mestraold.lleset.com\/fr\/wp-json\/wp\/v2\/product"}],"about":[{"href":"https:\/\/mestraold.lleset.com\/fr\/wp-json\/wp\/v2\/types\/product"}],"wp:featuredmedia":[{"embeddable":true,"href":"https:\/\/mestraold.lleset.com\/fr\/wp-json\/wp\/v2\/media\/58253"}],"wp:attachment":[{"href":"https:\/\/mestraold.lleset.com\/fr\/wp-json\/wp\/v2\/media?parent=58236"}],"wp:term":[{"taxonomy":"product_cat","embeddable":true,"href":"https:\/\/mestraold.lleset.com\/fr\/wp-json\/wp\/v2\/product_cat?post=58236"},{"taxonomy":"product_tag","embeddable":true,"href":"https:\/\/mestraold.lleset.com\/fr\/wp-json\/wp\/v2\/product_tag?post=58236"}],"curies":[{"name":"wp","href":"https:\/\/api.w.org\/{rel}","templated":true}]}}