{"id":58228,"date":"2023-06-22T08:05:38","date_gmt":"2023-06-22T06:05:40","guid":{"rendered":"https:\/\/mestraold.lleset.com\/?post_type=product&#038;p=58228"},"modified":"2023-07-03T20:34:52","modified_gmt":"2023-07-03T18:34:52","slug":"polymeriseuse-pour-moufles-magic-18","status":"publish","type":"product","link":"https:\/\/mestraold.lleset.com\/fr\/produit\/polymeriseuse-pour-moufles-magic-18\/","title":{"rendered":"Polymeriseuse pour moufles &#8211; Magic 18"},"content":{"rendered":"<p>Fabriqu\u00e9e enti\u00e8rement en acier inoxydable.<\/p>\n<p>Pose de 18 moufles (6 brides <a href=\"https:\/\/mestraold.lleset.com\/fr\/produit\/bride-pour-presse-en-alu-special-et-inox-3-moufles\">R\u00e9f. 030390<\/a> de 3 moufles chacune).<\/p>\n<p><img loading=\"lazy\" decoding=\"async\" class=\"\" src=\"https:\/\/mestraold.lleset.com\/wp-content\/uploads\/2023\/02\/Polimerizadora-para-muflas-M18-bis.jpg\" width=\"252\" height=\"242\" \/><\/p>\n<p>La polym\u00e9riseuse Magic-18 est munie d\u2019un processeur qui change la temp\u00e9rature suivant un programme \u00e9tabli.<\/p>\n<p>En cas de d\u00e9faillance d\u2019alimentation, \u00e9tant donn\u00e9 que le r\u00e9gulateur m\u00e9morise toutes les donn\u00e9es, le programme reprend au point ou celle-ci s\u2019\u00e9tait arr\u00eat\u00e9e.<\/p>\n<h3>MICRO PROCESSEUR<\/h3>\n<ul>\n<li>Contr\u00f4le les temps et les temp\u00e9ratures.<\/li>\n<li>Signal acoustique \u00e0 la fin du programme.<\/li>\n<li>5 programmes.<\/li>\n<li>D\u00e9connexion automatique.<\/li>\n<li>Contr\u00f4le de la chauffe par triac.<\/li>\n<li>D\u00e9tecte et indique la rupture du thermocouple.<\/li>\n<li>Protection contre les variations de tension<\/li>\n<li>Protection contre les coupures de courant (mise en m\u00e9moire des derni\u00e8res donn\u00e9es avant coupure.)<\/li>\n<\/ul>\n<h3>PRESTATIONS<\/h3>\n<ul>\n<li>Temps de d\u00e9marrage diff\u00e9r\u00e9 du programme (jusqu\u2019 \u00e0 180 min.)<\/li>\n<li>Le temps de mont\u00e9e et de maintien en temp\u00e9rature.<\/li>\n<li>La temp\u00e9rature de l\u2019eau (maximum jusqu\u2019\u00e0 \u00e9bullition).<\/li>\n<li>Emission d\u2019un signal acoustique et d\u00e9connexion automatique.<\/li>\n<\/ul>\n","protected":false},"excerpt":{"rendered":"<p><img loading=\"lazy\" decoding=\"async\" class=\"\" src=\"https:\/\/mestraold.lleset.com\/wp-content\/uploads\/2023\/06\/Magic-18.jpg\" width=\"209\" height=\"66\" \/><\/p>\n<p>Fabriqu\u00e9e en acier inoxydable, est munie d\u2019un processeur qui change la temp\u00e9rature suivant un programme \u00e9tabli<\/p>\n","protected":false},"featured_media":58185,"template":"","meta":[],"product_cat":[202,267,238],"product_tag":[],"class_list":["post-58228","product","type-product","status-publish","has-post-thumbnail","hentry","product_cat-laboratoire","product_cat-offres","product_cat-polymerisation"],"acf":[],"df_price":1392.45,"df_sale_price":1392.45,"df_regular_price":2531.72,"df_image_link":"https:\/\/mestraold.lleset.com\/wp-content\/uploads\/2023\/06\/080407-300x300.jpg","_links":{"self":[{"href":"https:\/\/mestraold.lleset.com\/fr\/wp-json\/wp\/v2\/product\/58228","targetHints":{"allow":["GET"]}}],"collection":[{"href":"https:\/\/mestraold.lleset.com\/fr\/wp-json\/wp\/v2\/product"}],"about":[{"href":"https:\/\/mestraold.lleset.com\/fr\/wp-json\/wp\/v2\/types\/product"}],"wp:featuredmedia":[{"embeddable":true,"href":"https:\/\/mestraold.lleset.com\/fr\/wp-json\/wp\/v2\/media\/58185"}],"wp:attachment":[{"href":"https:\/\/mestraold.lleset.com\/fr\/wp-json\/wp\/v2\/media?parent=58228"}],"wp:term":[{"taxonomy":"product_cat","embeddable":true,"href":"https:\/\/mestraold.lleset.com\/fr\/wp-json\/wp\/v2\/product_cat?post=58228"},{"taxonomy":"product_tag","embeddable":true,"href":"https:\/\/mestraold.lleset.com\/fr\/wp-json\/wp\/v2\/product_tag?post=58228"}],"curies":[{"name":"wp","href":"https:\/\/api.w.org\/{rel}","templated":true}]}}