{"id":56105,"date":"2023-03-18T13:25:52","date_gmt":"2023-03-18T12:25:52","guid":{"rendered":"https:\/\/mestra.migracionesbgweb.com\/producto\/placa-magnetica\/"},"modified":"2023-03-18T13:26:10","modified_gmt":"2023-03-18T12:26:10","slug":"placa-magnetica","status":"publish","type":"product","link":"https:\/\/mestraold.lleset.com\/fr\/produit\/placa-magnetica\/","title":{"rendered":"Placa magn\u00e9tica"},"content":{"rendered":"<p>La placa de montaje magn\u00e9tica es utilizada para permitir un r\u00e1pido cambio de modelos de yeso en el articulador, proporcionando practicidad y mayor agilidad en trabajos con varios casos al mismo tiempo. El uso de la placa de montaje magn\u00e9tica elimina la necesidad de fracturar los modelos de yeso para el reaprovechamiento de la placa.<\/p>\n<p><strong>OBS.: Las placas de montaje magn\u00e9ticas no son intercambiables<\/strong><\/p>\n<p><a href=\"https:\/\/mestraold.lleset.com\/wp-content\/uploads\/2022\/02\/Placa-de-montaje-magnetica.jpg\"><img loading=\"lazy\" decoding=\"async\" class=\"alignnone wp-image-25003 size-full\" src=\"https:\/\/mestraold.lleset.com\/wp-content\/uploads\/2022\/02\/Placa-de-montaje-magnetica.jpg\" alt=\"Placa de montaje magn\u00e9tica\" width=\"670\" height=\"180\" srcset=\"https:\/\/mestraold.lleset.com\/wp-content\/uploads\/2022\/02\/Placa-de-montaje-magnetica.jpg 670w, https:\/\/mestraold.lleset.com\/wp-content\/uploads\/2022\/02\/Placa-de-montaje-magnetica-600x161.jpg 600w, https:\/\/mestraold.lleset.com\/wp-content\/uploads\/2022\/02\/Placa-de-montaje-magnetica-640x172.jpg 640w, https:\/\/mestraold.lleset.com\/wp-content\/uploads\/2022\/02\/Placa-de-montaje-magnetica-400x107.jpg 400w, https:\/\/mestraold.lleset.com\/wp-content\/uploads\/2022\/02\/Placa-de-montaje-magnetica-367x99.jpg 367w\" sizes=\"auto, (max-width: 670px) 100vw, 670px\" \/><\/a><\/p>\n","protected":false},"excerpt":{"rendered":"<p>La placa de montaje magn\u00e9tica es utilizada para permitir un r\u00e1pido cambio de modelos de yeso en el articulador, proporcionando practicidad y mayor agilidad en trabajos con varios casos al mismo tiempo. El uso de la placa de montaje magn\u00e9tica elimina la necesidad de fracturar los modelos de yeso para el reaprovechamiento de la placa. [&hellip;]<\/p>\n","protected":false},"featured_media":23076,"template":"","meta":[],"product_cat":[260],"product_tag":[],"class_list":["post-56105","product","type-product","status-publish","has-post-thumbnail","hentry","product_cat-pieces-de-rechange"],"acf":[],"df_price":54.97,"df_sale_price":"","df_regular_price":54.97,"df_image_link":"https:\/\/mestraold.lleset.com\/wp-content\/uploads\/2022\/01\/Despieces-MESTRA-300x300.jpg","_links":{"self":[{"href":"https:\/\/mestraold.lleset.com\/fr\/wp-json\/wp\/v2\/product\/56105","targetHints":{"allow":["GET"]}}],"collection":[{"href":"https:\/\/mestraold.lleset.com\/fr\/wp-json\/wp\/v2\/product"}],"about":[{"href":"https:\/\/mestraold.lleset.com\/fr\/wp-json\/wp\/v2\/types\/product"}],"wp:featuredmedia":[{"embeddable":true,"href":"https:\/\/mestraold.lleset.com\/fr\/wp-json\/wp\/v2\/media\/23076"}],"wp:attachment":[{"href":"https:\/\/mestraold.lleset.com\/fr\/wp-json\/wp\/v2\/media?parent=56105"}],"wp:term":[{"taxonomy":"product_cat","embeddable":true,"href":"https:\/\/mestraold.lleset.com\/fr\/wp-json\/wp\/v2\/product_cat?post=56105"},{"taxonomy":"product_tag","embeddable":true,"href":"https:\/\/mestraold.lleset.com\/fr\/wp-json\/wp\/v2\/product_tag?post=56105"}],"curies":[{"name":"wp","href":"https:\/\/api.w.org\/{rel}","templated":true}]}}