{"id":56021,"date":"2023-03-05T11:41:09","date_gmt":"2023-03-18T12:22:26","guid":{"rendered":"https:\/\/mestra.migracionesbgweb.com\/producto\/recipient-pression-en-caoutchouc-pour-cylindres\/"},"modified":"2023-07-03T08:45:33","modified_gmt":"2023-07-03T06:45:33","slug":"recipient-pression-en-caoutchouc-pour-cylindres","status":"publish","type":"product","link":"https:\/\/mestraold.lleset.com\/fr\/produit\/recipient-pression-en-caoutchouc-pour-cylindres\/","title":{"rendered":"Recipient pression en caoutchouc pour cylindres"},"content":{"rendered":"<p>Pour \u00e9liminer les microbulles produites par le rev\u00eatement lors de la coul\u00e9e du cylindre.  <\/p>\n<p>Gr\u00e2ce \u00e0 la forte pression (6-8 atm) exerc\u00e9e sur le rev\u00eatement, les bulles d\u2019air sont \u00e9limin\u00e9es par pression; ceci facilite la coul\u00e9e, et en particulier celle des m\u00e9taux durs, comme par exemple le Cr-Ni.<\/p>\n","protected":false},"excerpt":{"rendered":"<p>Pour \u00e9liminer les microbulles produites par le rev\u00eatement lors de la coul\u00e9e du cylindre. Gr\u00e2ce \u00e0 la forte pression (6-8 atm) exerc\u00e9e sur le rev\u00eatement, les bulles d\u2019air sont \u00e9limin\u00e9es par pression; ceci facilite la coul\u00e9e, et en particulier celle des m\u00e9taux durs, comme par exemple le Cr-Ni.<\/p>\n","protected":false},"featured_media":22984,"template":"","meta":[],"product_cat":[202,225],"product_tag":[],"class_list":["post-56021","product","type-product","status-publish","has-post-thumbnail","hentry","product_cat-laboratoire","product_cat-mise-en-moufle"],"acf":[],"df_price":331.14,"df_sale_price":"","df_regular_price":331.14,"df_image_link":"https:\/\/mestraold.lleset.com\/wp-content\/uploads\/2022\/01\/Recipiente-neumatico-para-cilindros-300x225.jpg","_links":{"self":[{"href":"https:\/\/mestraold.lleset.com\/fr\/wp-json\/wp\/v2\/product\/56021","targetHints":{"allow":["GET"]}}],"collection":[{"href":"https:\/\/mestraold.lleset.com\/fr\/wp-json\/wp\/v2\/product"}],"about":[{"href":"https:\/\/mestraold.lleset.com\/fr\/wp-json\/wp\/v2\/types\/product"}],"wp:featuredmedia":[{"embeddable":true,"href":"https:\/\/mestraold.lleset.com\/fr\/wp-json\/wp\/v2\/media\/22984"}],"wp:attachment":[{"href":"https:\/\/mestraold.lleset.com\/fr\/wp-json\/wp\/v2\/media?parent=56021"}],"wp:term":[{"taxonomy":"product_cat","embeddable":true,"href":"https:\/\/mestraold.lleset.com\/fr\/wp-json\/wp\/v2\/product_cat?post=56021"},{"taxonomy":"product_tag","embeddable":true,"href":"https:\/\/mestraold.lleset.com\/fr\/wp-json\/wp\/v2\/product_tag?post=56021"}],"curies":[{"name":"wp","href":"https:\/\/api.w.org\/{rel}","templated":true}]}}