{"id":56017,"date":"2023-03-05T11:41:09","date_gmt":"2023-03-18T12:22:26","guid":{"rendered":"https:\/\/mestra.migracionesbgweb.com\/producto\/polymeriseuse-pour-moufles-m9\/"},"modified":"2023-11-30T08:16:30","modified_gmt":"2023-11-30T07:16:30","slug":"polymeriseuse-pour-moufles-m9","status":"publish","type":"product","link":"https:\/\/mestraold.lleset.com\/fr\/produit\/polymeriseuse-pour-moufles-m9\/","title":{"rendered":"Polymeriseuse pour moufles &#8211; M9"},"content":{"rendered":"<p>Fabriqu\u00e9e enti\u00e8rement en acier inoxydable.  <\/p>\n<p>Elle polym\u00e9rise 9 moufles avec la bride R-030390.<\/p>\n<p>La polym\u00e9riseuse M-9 est munie d\u2019un processeur qui change la temp\u00e9rature suivant un programme \u00e9tabli.<\/p>\n<p>Avec le r\u00e9gulateur M-9 L\u00b4op\u00e9rateur(utilisateur) peut choisir les donn\u00e9es suivantes:  <\/p>\n<p>a) Un temps d\u00b4attente retard\u00e9 en heures et minutes de 0,00 \u00e0 99 heures 59 minutes. Ce temps permet de programmer un d\u00e9marrage retard\u00e9, de fa\u00e7on \u00e0 ce que le programme commence \u00e0 s\u2019ex\u00e9cuter \u00e0 une heure d\u00e9termin\u00e9e. Ce temps s\u2019ex\u00e9cute chaque fois que le programme est mis en marche.<\/p>\n<p>b) La dur\u00e9e de chaque mont\u00e9e en temp\u00e9rature contr\u00f4l\u00e9es en heures et minutes de 0,00 \u00e0 99 heures 59 minutes.<\/p>\n<p>c) Le temps de maintien voulu, en heures et minutes de 0,00 \u00e0 99 heures 59 minutes, de chacun des plateaux.<\/p>\n<p>&nbsp;<\/p>\n<p><strong>AVERTISSEMENT FIN DE TRAITEMENT<\/strong><\/p>\n<p>&#8211; En cas d\u2019alarme, un signal acoustique se d\u00e9clenche. Appuyer sur n\u2019importe quelle touche (reconnaissance d\u2019alarme) pour continuer le programme.<\/p>\n<p>&#8211; En cas de d\u00e9faillance d\u2019alimentation, \u00e9tant donn\u00e9 que le r\u00e9gulateur m\u00e9morise toutes les donn\u00e9es, le programme reprend au point ou celle-ci s\u2019\u00e9tait arr\u00eat\u00e9e.<\/p>\n<p>&#8211; Les programmes et les param\u00e8tres seront gard\u00e9s ind\u00e9finiment, m\u00eame apr\u00e8s la deconnection du r\u00e9gulateur.<\/p>\n","protected":false},"excerpt":{"rendered":"<p>Fabriqu\u00e9e enti\u00e8rement en acier inoxydable. Elle polym\u00e9rise 9 moufles avec la bride R-030390. La polym\u00e9riseuse M-9 est munie d\u2019un processeur qui change la temp\u00e9rature suivant un programme \u00e9tabli. Avec le r\u00e9gulateur M-9 L\u00b4op\u00e9rateur(utilisateur) peut choisir les donn\u00e9es suivantes: a) Un temps d\u00b4attente retard\u00e9 en heures et minutes de 0,00 \u00e0 99 heures 59 minutes. Ce [&hellip;]<\/p>\n","protected":false},"featured_media":22935,"template":"","meta":[],"product_cat":[202,238],"product_tag":[],"class_list":["post-56017","product","type-product","status-publish","has-post-thumbnail","hentry","product_cat-laboratoire","product_cat-polymerisation"],"acf":[],"df_price":1278.3,"df_sale_price":1278.3,"df_regular_price":2324.18,"df_image_link":"https:\/\/mestraold.lleset.com\/wp-content\/uploads\/2022\/01\/Polimerizadora-para-muflas-M9-255x300.jpg","_links":{"self":[{"href":"https:\/\/mestraold.lleset.com\/fr\/wp-json\/wp\/v2\/product\/56017","targetHints":{"allow":["GET"]}}],"collection":[{"href":"https:\/\/mestraold.lleset.com\/fr\/wp-json\/wp\/v2\/product"}],"about":[{"href":"https:\/\/mestraold.lleset.com\/fr\/wp-json\/wp\/v2\/types\/product"}],"wp:featuredmedia":[{"embeddable":true,"href":"https:\/\/mestraold.lleset.com\/fr\/wp-json\/wp\/v2\/media\/22935"}],"wp:attachment":[{"href":"https:\/\/mestraold.lleset.com\/fr\/wp-json\/wp\/v2\/media?parent=56017"}],"wp:term":[{"taxonomy":"product_cat","embeddable":true,"href":"https:\/\/mestraold.lleset.com\/fr\/wp-json\/wp\/v2\/product_cat?post=56017"},{"taxonomy":"product_tag","embeddable":true,"href":"https:\/\/mestraold.lleset.com\/fr\/wp-json\/wp\/v2\/product_tag?post=56017"}],"curies":[{"name":"wp","href":"https:\/\/api.w.org\/{rel}","templated":true}]}}