{"id":56016,"date":"2023-03-05T11:41:09","date_gmt":"2023-03-18T12:22:26","guid":{"rendered":"https:\/\/mestra.migracionesbgweb.com\/producto\/box-a-polir-pour-aspiration-centralisee-acier-inox\/"},"modified":"2023-11-30T08:14:43","modified_gmt":"2023-11-30T07:14:43","slug":"box-a-polir-pour-aspiration-centralisee-acier-inox","status":"publish","type":"product","link":"https:\/\/mestraold.lleset.com\/fr\/produit\/box-a-polir-pour-aspiration-centralisee-acier-inox\/","title":{"rendered":"Box a polir pour aspiration centralisee (acier inox)"},"content":{"rendered":"<p>Caract\u00e9ristiques similaires au mod\u00e8le R-080500 D\u00e9pourvu de moteur d\u2019aspiration et de syst\u00e8me de filtrage pr\u00e9dispos\u00e9 \u00e0 la connexion externe d\u2019une aspiration centralis\u00e9e.<\/p>\n<p>Le box est \u00e9quip\u00e9 de 2 tubes de branchement d\u2019aspiration de \u00d8 40 mm. Situ\u00e9s dans la partie post\u00e9rieure.<\/p>\n","protected":false},"excerpt":{"rendered":"<p>Caract\u00e9ristiques similaires au mod\u00e8le R-080500 D\u00e9pourvu de moteur d\u2019aspiration et de syst\u00e8me de filtrage pr\u00e9dispos\u00e9 \u00e0 la connexion externe d\u2019une aspiration centralis\u00e9e. Le box est \u00e9quip\u00e9 de 2 tubes de branchement d\u2019aspiration de \u00d8 40 mm. Situ\u00e9s dans la partie post\u00e9rieure.<\/p>\n","protected":false},"featured_media":22736,"template":"","meta":[],"product_cat":[202,1092],"product_tag":[],"class_list":["post-56016","product","type-product","status-publish","has-post-thumbnail","hentry","product_cat-laboratoire","product_cat-pulido-mecanico-fr"],"acf":[],"df_price":4480.76,"df_sale_price":"","df_regular_price":4480.76,"df_image_link":"https:\/\/mestraold.lleset.com\/wp-content\/uploads\/2022\/01\/Box-con-pulidora-para-aspiracion-centralizada-300x300.jpg","_links":{"self":[{"href":"https:\/\/mestraold.lleset.com\/fr\/wp-json\/wp\/v2\/product\/56016","targetHints":{"allow":["GET"]}}],"collection":[{"href":"https:\/\/mestraold.lleset.com\/fr\/wp-json\/wp\/v2\/product"}],"about":[{"href":"https:\/\/mestraold.lleset.com\/fr\/wp-json\/wp\/v2\/types\/product"}],"wp:featuredmedia":[{"embeddable":true,"href":"https:\/\/mestraold.lleset.com\/fr\/wp-json\/wp\/v2\/media\/22736"}],"wp:attachment":[{"href":"https:\/\/mestraold.lleset.com\/fr\/wp-json\/wp\/v2\/media?parent=56016"}],"wp:term":[{"taxonomy":"product_cat","embeddable":true,"href":"https:\/\/mestraold.lleset.com\/fr\/wp-json\/wp\/v2\/product_cat?post=56016"},{"taxonomy":"product_tag","embeddable":true,"href":"https:\/\/mestraold.lleset.com\/fr\/wp-json\/wp\/v2\/product_tag?post=56016"}],"curies":[{"name":"wp","href":"https:\/\/api.w.org\/{rel}","templated":true}]}}