{"id":56015,"date":"2023-03-05T11:39:29","date_gmt":"2023-03-18T12:21:58","guid":{"rendered":"https:\/\/mestra.migracionesbgweb.com\/producto\/moyeu-de-polisseur-haute-vitesse\/"},"modified":"2023-11-29T10:53:43","modified_gmt":"2023-11-29T09:53:43","slug":"moyeu-de-polisseur-haute-vitesse","status":"publish","type":"product","link":"https:\/\/mestraold.lleset.com\/fr\/produit\/moyeu-de-polisseur-haute-vitesse\/","title":{"rendered":"Moyeu de polisseur haute vitesse"},"content":{"rendered":"<p>&#8211; Tr\u00eas silencieux.<\/p>\n<p>&#8211; Appareil d\u2019excellente long\u00e9vit\u00e9 et fiabilit\u00e9.<\/p>\n","protected":false},"excerpt":{"rendered":"<p>&#8211; Tr\u00eas silencieux. &#8211; Appareil d\u2019excellente long\u00e9vit\u00e9 et fiabilit\u00e9.<\/p>\n","protected":false},"featured_media":22722,"template":"","meta":[],"product_cat":[202],"product_tag":[],"class_list":["post-56015","product","type-product","status-publish","has-post-thumbnail","hentry","product_cat-laboratoire"],"acf":[],"df_price":632.17,"df_sale_price":"","df_regular_price":632.17,"df_image_link":"https:\/\/mestraold.lleset.com\/wp-content\/uploads\/2022\/01\/Portacepillos-con-mecanica-de-precision-300x192.jpg","_links":{"self":[{"href":"https:\/\/mestraold.lleset.com\/fr\/wp-json\/wp\/v2\/product\/56015","targetHints":{"allow":["GET"]}}],"collection":[{"href":"https:\/\/mestraold.lleset.com\/fr\/wp-json\/wp\/v2\/product"}],"about":[{"href":"https:\/\/mestraold.lleset.com\/fr\/wp-json\/wp\/v2\/types\/product"}],"wp:featuredmedia":[{"embeddable":true,"href":"https:\/\/mestraold.lleset.com\/fr\/wp-json\/wp\/v2\/media\/22722"}],"wp:attachment":[{"href":"https:\/\/mestraold.lleset.com\/fr\/wp-json\/wp\/v2\/media?parent=56015"}],"wp:term":[{"taxonomy":"product_cat","embeddable":true,"href":"https:\/\/mestraold.lleset.com\/fr\/wp-json\/wp\/v2\/product_cat?post=56015"},{"taxonomy":"product_tag","embeddable":true,"href":"https:\/\/mestraold.lleset.com\/fr\/wp-json\/wp\/v2\/product_tag?post=56015"}],"curies":[{"name":"wp","href":"https:\/\/api.w.org\/{rel}","templated":true}]}}