{"id":56013,"date":"2023-03-05T11:39:29","date_gmt":"2023-03-18T12:21:58","guid":{"rendered":"https:\/\/mestra.migracionesbgweb.com\/producto\/box-de-polissage-complet-avec-aspiration-acier-inox\/"},"modified":"2023-07-24T15:00:05","modified_gmt":"2023-07-24T13:00:05","slug":"box-de-polissage-complet-avec-aspiration-acier-inox","status":"publish","type":"product","link":"https:\/\/mestraold.lleset.com\/fr\/produit\/box-de-polissage-complet-avec-aspiration-acier-inox\/","title":{"rendered":"Box de polissage complet avec aspiration (acier inox)"},"content":{"rendered":"<p>Le box \u00e1 polir MESTRA est une machine compacte et fonctionnelle fabriqu\u00e9e enti\u00e9rement en acier inoxydable.<\/p>\n<p>La machine est \u00e9quip\u00e9e de deux augettes en caoutchouc dans la zone de polissage pour recueillir les particules lourdes.<\/p>\n<p>Elle est munie d\u00b4\u00e9clairage et d\u00b4aspiration.<\/p>\n<p>La machine est conforme aux normes les plus strictes en mati\u00e9re de s\u00e9curit\u00e9 et sur l\u00b4environnement:<\/p>\n<p>&#8211; Protection de la machine par fusibles.<\/p>\n<p>&#8211; Protection contre les d\u00e9marrages intempestifs, en cas de manque de tension a l\u00b4aide d\u00b4un interrupteur de s\u00e9curit\u00e9 avec enclenchement manuel.<\/p>\n<p>&#8211; Aspiration autonome silencieuse (67 dB) avec filtre de ramassage des particules.<\/p>\n<p>&#8211; \u00c9clairage avec deux lampes anti-fatigue.<\/p>\n","protected":false},"excerpt":{"rendered":"<p>Le box \u00e1 polir MESTRA est une machine compacte et fonctionnelle fabriqu\u00e9e enti\u00e9rement en acier inoxydable. La machine est \u00e9quip\u00e9e de deux augettes en caoutchouc dans la zone de polissage pour recueillir les particules lourdes. Elle est munie d\u00b4\u00e9clairage et d\u00b4aspiration. La machine est conforme aux normes les plus strictes en mati\u00e9re de s\u00e9curit\u00e9 et [&hellip;]<\/p>\n","protected":false},"featured_media":22712,"template":"","meta":[],"product_cat":[202],"product_tag":[],"class_list":["post-56013","product","type-product","status-publish","has-post-thumbnail","hentry","product_cat-laboratoire"],"acf":[],"df_price":2574.39,"df_sale_price":2574.39,"df_regular_price":4680.7,"df_image_link":"https:\/\/mestraold.lleset.com\/wp-content\/uploads\/2022\/01\/Pulidora-con-aspiracion-300x300.jpg","_links":{"self":[{"href":"https:\/\/mestraold.lleset.com\/fr\/wp-json\/wp\/v2\/product\/56013","targetHints":{"allow":["GET"]}}],"collection":[{"href":"https:\/\/mestraold.lleset.com\/fr\/wp-json\/wp\/v2\/product"}],"about":[{"href":"https:\/\/mestraold.lleset.com\/fr\/wp-json\/wp\/v2\/types\/product"}],"wp:featuredmedia":[{"embeddable":true,"href":"https:\/\/mestraold.lleset.com\/fr\/wp-json\/wp\/v2\/media\/22712"}],"wp:attachment":[{"href":"https:\/\/mestraold.lleset.com\/fr\/wp-json\/wp\/v2\/media?parent=56013"}],"wp:term":[{"taxonomy":"product_cat","embeddable":true,"href":"https:\/\/mestraold.lleset.com\/fr\/wp-json\/wp\/v2\/product_cat?post=56013"},{"taxonomy":"product_tag","embeddable":true,"href":"https:\/\/mestraold.lleset.com\/fr\/wp-json\/wp\/v2\/product_tag?post=56013"}],"curies":[{"name":"wp","href":"https:\/\/api.w.org\/{rel}","templated":true}]}}