{"id":56012,"date":"2023-03-05T11:39:29","date_gmt":"2023-03-18T12:21:58","guid":{"rendered":"https:\/\/mestra.migracionesbgweb.com\/producto\/polisseur-electrolytique-compact-digitale-air\/"},"modified":"2023-08-31T16:33:44","modified_gmt":"2023-08-31T14:33:44","slug":"polisseur-electrolytique-compact-digitale-air","status":"publish","type":"product","link":"https:\/\/mestraold.lleset.com\/fr\/produit\/polisseur-electrolytique-compact-digitale-air\/","title":{"rendered":"Polisseur electrolytique compact Digitale &#8211; air"},"content":{"rendered":"<p><strong>Avec le syst\u00e8me d\u2019agitation de l\u2019air. <\/strong><\/p>\n<p>Tr\u00e8s solide et de dimensions r\u00e9duites. Sa surface lisses et sans replis, ainsi que la posibilit\u00e9 de d\u00e9montage du bac, facilitent le nettoyage.<\/p>\n<p>La commande \u00e9lectronique permet d\u2019ajuster d\u2019un mode pr\u00e9cis le temps et l\u2019intensite maximale.<\/p>\n<p>Il est \u00e9galement possible de m\u00e9moriser deux programmes de polissage diff\u00e9rents.<\/p>\n","protected":false},"excerpt":{"rendered":"<p>Avec le syst\u00e8me d\u2019agitation de l\u2019air. Tr\u00e8s solide et de dimensions r\u00e9duites. Sa surface lisses et sans replis, ainsi que la posibilit\u00e9 de d\u00e9montage du bac, facilitent le nettoyage. La commande \u00e9lectronique permet d\u2019ajuster d\u2019un mode pr\u00e9cis le temps et l\u2019intensite maximale. Il est \u00e9galement possible de m\u00e9moriser deux programmes de polissage diff\u00e9rents.<\/p>\n","protected":false},"featured_media":22695,"template":"","meta":[],"product_cat":[202],"product_tag":[],"class_list":["post-56012","product","type-product","status-publish","has-post-thumbnail","hentry","product_cat-laboratoire"],"acf":[],"df_price":422.14,"df_sale_price":422.14,"df_regular_price":767.53,"df_image_link":"https:\/\/mestraold.lleset.com\/wp-content\/uploads\/2022\/01\/Pulidor-electrolitico-digital-compacto-con-aire-300x298.jpg","_links":{"self":[{"href":"https:\/\/mestraold.lleset.com\/fr\/wp-json\/wp\/v2\/product\/56012","targetHints":{"allow":["GET"]}}],"collection":[{"href":"https:\/\/mestraold.lleset.com\/fr\/wp-json\/wp\/v2\/product"}],"about":[{"href":"https:\/\/mestraold.lleset.com\/fr\/wp-json\/wp\/v2\/types\/product"}],"wp:featuredmedia":[{"embeddable":true,"href":"https:\/\/mestraold.lleset.com\/fr\/wp-json\/wp\/v2\/media\/22695"}],"wp:attachment":[{"href":"https:\/\/mestraold.lleset.com\/fr\/wp-json\/wp\/v2\/media?parent=56012"}],"wp:term":[{"taxonomy":"product_cat","embeddable":true,"href":"https:\/\/mestraold.lleset.com\/fr\/wp-json\/wp\/v2\/product_cat?post=56012"},{"taxonomy":"product_tag","embeddable":true,"href":"https:\/\/mestraold.lleset.com\/fr\/wp-json\/wp\/v2\/product_tag?post=56012"}],"curies":[{"name":"wp","href":"https:\/\/api.w.org\/{rel}","templated":true}]}}