{"id":56011,"date":"2023-03-05T11:39:29","date_gmt":"2023-03-18T12:21:58","guid":{"rendered":"https:\/\/mestra.migracionesbgweb.com\/producto\/polisseur-electrolytique\/"},"modified":"2023-08-31T16:29:25","modified_gmt":"2023-08-31T14:29:25","slug":"polisseur-electrolytique","status":"publish","type":"product","link":"https:\/\/mestraold.lleset.com\/fr\/produit\/polisseur-electrolytique\/","title":{"rendered":"Polisseur electrolytique"},"content":{"rendered":"<p>Le polisseur \u00e9lectrolytique MESTRA, sp\u00e9cialement \u00e9tudi\u00e9 pour les laboratoires de proth\u00e8se dentaire, se caract\u00e8rise par sa fabrication en acier inoxydable et par la capacit\u00e9 importante de la cuve.<\/p>\n<p>On peut effectuer le polissage de 3 squelett\u00e9s simultan\u00e9ement.<\/p>\n<p>Il est \u00e9quip\u00e9 d\u00b4une minuterie programmable de 0 \u00e1 30\u00b4.<\/p>\n<p>Il poss\u00e8de un potentiom\u00e8tre, un amp\u00e8remetre, un disjoncteur thermique et un dispositif visuel de fonctionnement.<\/p>\n<p>C\u00b4est un appareil de conception sobre et d\u00b4une grande efficacit\u00e9.<\/p>\n","protected":false},"excerpt":{"rendered":"<p>Le polisseur \u00e9lectrolytique MESTRA, sp\u00e9cialement \u00e9tudi\u00e9 pour les laboratoires de proth\u00e8se dentaire, se caract\u00e8rise par sa fabrication en acier inoxydable et par la capacit\u00e9 importante de la cuve. On peut effectuer le polissage de 3 squelett\u00e9s simultan\u00e9ement. Il est \u00e9quip\u00e9 d\u00b4une minuterie programmable de 0 \u00e1 30\u00b4. Il poss\u00e8de un potentiom\u00e8tre, un amp\u00e8remetre, un disjoncteur [&hellip;]<\/p>\n","protected":false},"featured_media":22678,"template":"","meta":[],"product_cat":[202],"product_tag":[],"class_list":["post-56011","product","type-product","status-publish","has-post-thumbnail","hentry","product_cat-laboratoire"],"acf":[],"df_price":692.77,"df_sale_price":692.77,"df_regular_price":1259.59,"df_image_link":"https:\/\/mestraold.lleset.com\/wp-content\/uploads\/2022\/01\/Pulidor-electrolitico-300x300.jpg","_links":{"self":[{"href":"https:\/\/mestraold.lleset.com\/fr\/wp-json\/wp\/v2\/product\/56011","targetHints":{"allow":["GET"]}}],"collection":[{"href":"https:\/\/mestraold.lleset.com\/fr\/wp-json\/wp\/v2\/product"}],"about":[{"href":"https:\/\/mestraold.lleset.com\/fr\/wp-json\/wp\/v2\/types\/product"}],"wp:featuredmedia":[{"embeddable":true,"href":"https:\/\/mestraold.lleset.com\/fr\/wp-json\/wp\/v2\/media\/22678"}],"wp:attachment":[{"href":"https:\/\/mestraold.lleset.com\/fr\/wp-json\/wp\/v2\/media?parent=56011"}],"wp:term":[{"taxonomy":"product_cat","embeddable":true,"href":"https:\/\/mestraold.lleset.com\/fr\/wp-json\/wp\/v2\/product_cat?post=56011"},{"taxonomy":"product_tag","embeddable":true,"href":"https:\/\/mestraold.lleset.com\/fr\/wp-json\/wp\/v2\/product_tag?post=56011"}],"curies":[{"name":"wp","href":"https:\/\/api.w.org\/{rel}","templated":true}]}}