{"id":56010,"date":"2023-03-05T11:39:29","date_gmt":"2023-03-18T12:21:58","guid":{"rendered":"https:\/\/mestra.migracionesbgweb.com\/producto\/plast-protecteur-voir-produitre-planetarium-10-unites-2\/"},"modified":"2023-11-29T10:49:44","modified_gmt":"2023-11-29T09:49:44","slug":"plast-protecteur-voir-produitre-planetarium-10-unites-2","status":"publish","type":"product","link":"https:\/\/mestraold.lleset.com\/fr\/produit\/plast-protecteur-voir-produitre-planetarium-10-unites-2\/","title":{"rendered":"Plast. Protecteur Voir produitre \u00ab\u00a0planetarium\u00a0\u00bb (10 unites)"},"content":{"rendered":"<p>Protection en plastique autocollant.<\/p>\n<p>Facile \u00e0 installer, il \u00e9vite l&rsquo;usure du verre due \u00e0 l&rsquo;abrasion du sable.<\/p>\n","protected":false},"excerpt":{"rendered":"<p>Protection en plastique autocollant. Facile \u00e0 installer, il \u00e9vite l&rsquo;usure du verre due \u00e0 l&rsquo;abrasion du sable.<\/p>\n","protected":false},"featured_media":22673,"template":"","meta":[],"product_cat":[202],"product_tag":[],"class_list":["post-56010","product","type-product","status-publish","has-post-thumbnail","hentry","product_cat-laboratoire"],"acf":[],"df_price":62.83,"df_sale_price":"","df_regular_price":62.83,"df_image_link":"https:\/\/mestraold.lleset.com\/wp-content\/uploads\/2022\/01\/Plastico-protector-para-cristal-de-chorreadora-planetarium-300x222.jpg","_links":{"self":[{"href":"https:\/\/mestraold.lleset.com\/fr\/wp-json\/wp\/v2\/product\/56010","targetHints":{"allow":["GET"]}}],"collection":[{"href":"https:\/\/mestraold.lleset.com\/fr\/wp-json\/wp\/v2\/product"}],"about":[{"href":"https:\/\/mestraold.lleset.com\/fr\/wp-json\/wp\/v2\/types\/product"}],"wp:featuredmedia":[{"embeddable":true,"href":"https:\/\/mestraold.lleset.com\/fr\/wp-json\/wp\/v2\/media\/22673"}],"wp:attachment":[{"href":"https:\/\/mestraold.lleset.com\/fr\/wp-json\/wp\/v2\/media?parent=56010"}],"wp:term":[{"taxonomy":"product_cat","embeddable":true,"href":"https:\/\/mestraold.lleset.com\/fr\/wp-json\/wp\/v2\/product_cat?post=56010"},{"taxonomy":"product_tag","embeddable":true,"href":"https:\/\/mestraold.lleset.com\/fr\/wp-json\/wp\/v2\/product_tag?post=56010"}],"curies":[{"name":"wp","href":"https:\/\/api.w.org\/{rel}","templated":true}]}}