{"id":56005,"date":"2023-03-05T11:37:48","date_gmt":"2023-03-18T12:21:23","guid":{"rendered":"https:\/\/mestra.migracionesbgweb.com\/producto\/module-de-micro-sablage\/"},"modified":"2023-07-21T12:41:19","modified_gmt":"2023-07-21T10:41:19","slug":"module-de-micro-sablage","status":"publish","type":"product","link":"https:\/\/mestraold.lleset.com\/fr\/produit\/module-de-micro-sablage\/","title":{"rendered":"Module de micro-sablage"},"content":{"rendered":"<p>L\u00b4appareil dispose d\u00b4un mano-r\u00e9ducteur, d\u00b4une p\u00e9dale marche-arr\u00eat; ainsi que d\u00b4un manom\u00e8tre, ce qui permet une utilisation s\u00fbre et pr\u00e9cise.<\/p>\n<p>Le support est construit en plaque d\u00b4acier inoxidable.<\/p>\n","protected":false},"excerpt":{"rendered":"<p>L\u00b4appareil dispose d\u00b4un mano-r\u00e9ducteur, d\u00b4une p\u00e9dale marche-arr\u00eat; ainsi que d\u00b4un manom\u00e8tre, ce qui permet une utilisation s\u00fbre et pr\u00e9cise. Le support est construit en plaque d\u00b4acier inoxidable.<\/p>\n","protected":false},"featured_media":22568,"template":"","meta":[],"product_cat":[202],"product_tag":[],"class_list":["post-56005","product","type-product","status-publish","has-post-thumbnail","hentry","product_cat-laboratoire"],"acf":[],"df_price":556.51,"df_sale_price":"","df_regular_price":556.51,"df_image_link":"https:\/\/mestraold.lleset.com\/wp-content\/uploads\/2021\/12\/Modulo-de-microchorreado-con-manorreductor-y-pedal-300x300.jpg","_links":{"self":[{"href":"https:\/\/mestraold.lleset.com\/fr\/wp-json\/wp\/v2\/product\/56005","targetHints":{"allow":["GET"]}}],"collection":[{"href":"https:\/\/mestraold.lleset.com\/fr\/wp-json\/wp\/v2\/product"}],"about":[{"href":"https:\/\/mestraold.lleset.com\/fr\/wp-json\/wp\/v2\/types\/product"}],"wp:featuredmedia":[{"embeddable":true,"href":"https:\/\/mestraold.lleset.com\/fr\/wp-json\/wp\/v2\/media\/22568"}],"wp:attachment":[{"href":"https:\/\/mestraold.lleset.com\/fr\/wp-json\/wp\/v2\/media?parent=56005"}],"wp:term":[{"taxonomy":"product_cat","embeddable":true,"href":"https:\/\/mestraold.lleset.com\/fr\/wp-json\/wp\/v2\/product_cat?post=56005"},{"taxonomy":"product_tag","embeddable":true,"href":"https:\/\/mestraold.lleset.com\/fr\/wp-json\/wp\/v2\/product_tag?post=56005"}],"curies":[{"name":"wp","href":"https:\/\/api.w.org\/{rel}","templated":true}]}}