{"id":56001,"date":"2023-03-05T11:37:48","date_gmt":"2023-03-18T12:21:23","guid":{"rendered":"https:\/\/mestra.migracionesbgweb.com\/producto\/micro-moteur-avec-charbons-piece-a-main-etroit-podiatrie-35000-rpm\/"},"modified":"2023-07-03T11:44:40","modified_gmt":"2023-07-03T09:44:40","slug":"micro-moteur-avec-charbons-piece-a-main-etroit-podiatrie-35000-rpm","status":"publish","type":"product","link":"https:\/\/mestraold.lleset.com\/fr\/produit\/micro-moteur-avec-charbons-piece-a-main-etroit-podiatrie-35000-rpm\/","title":{"rendered":"Micro-moteur avec charbons &#8211; piece a main etroit &#8211; podiatrie &#8211; 35000 rpm"},"content":{"rendered":"<p>Micro-moteur avec charbons, pi\u00e8ce a main etroit.<\/p>\n<p>Podiatrie<\/p>\n<p>35.000 RPM<\/p>\n<p><strong>Utilisation occasionnelle, non conseill\u00e9 pour le m\u00e9tal.<\/strong><\/p>\n","protected":false},"excerpt":{"rendered":"<p>Micro-moteur avec charbons, pi\u00e8ce a main etroit. Podiatrie 35.000 RPM Utilisation occasionnelle, non conseill\u00e9 pour le m\u00e9tal.<\/p>\n","protected":false},"featured_media":22532,"template":"","meta":[],"product_cat":[877],"product_tag":[],"class_list":["post-56001","product","type-product","status-publish","has-post-thumbnail","hentry","product_cat-podiatrie"],"acf":[],"df_price":415.56,"df_sale_price":"","df_regular_price":415.56,"df_image_link":"https:\/\/mestraold.lleset.com\/wp-content\/uploads\/2021\/12\/Micromotor-de-escobillas-con-pieza-de-mano-estrecha-300x300.jpg","_links":{"self":[{"href":"https:\/\/mestraold.lleset.com\/fr\/wp-json\/wp\/v2\/product\/56001","targetHints":{"allow":["GET"]}}],"collection":[{"href":"https:\/\/mestraold.lleset.com\/fr\/wp-json\/wp\/v2\/product"}],"about":[{"href":"https:\/\/mestraold.lleset.com\/fr\/wp-json\/wp\/v2\/types\/product"}],"wp:featuredmedia":[{"embeddable":true,"href":"https:\/\/mestraold.lleset.com\/fr\/wp-json\/wp\/v2\/media\/22532"}],"wp:attachment":[{"href":"https:\/\/mestraold.lleset.com\/fr\/wp-json\/wp\/v2\/media?parent=56001"}],"wp:term":[{"taxonomy":"product_cat","embeddable":true,"href":"https:\/\/mestraold.lleset.com\/fr\/wp-json\/wp\/v2\/product_cat?post=56001"},{"taxonomy":"product_tag","embeddable":true,"href":"https:\/\/mestraold.lleset.com\/fr\/wp-json\/wp\/v2\/product_tag?post=56001"}],"curies":[{"name":"wp","href":"https:\/\/api.w.org\/{rel}","templated":true}]}}