{"id":55999,"date":"2023-03-05T11:37:48","date_gmt":"2023-03-18T12:21:23","guid":{"rendered":"https:\/\/mestra.migracionesbgweb.com\/producto\/tour-a-polir-2-vitesses-500-w\/"},"modified":"2023-07-24T16:09:14","modified_gmt":"2023-07-24T14:09:14","slug":"tour-a-polir-2-vitesses-500-w","status":"publish","type":"product","link":"https:\/\/mestraold.lleset.com\/fr\/produit\/tour-a-polir-2-vitesses-500-w\/","title":{"rendered":"Tour a polir 2 vitesses 500 w"},"content":{"rendered":"<p>Pour la technique du polissage et du brillantage des m\u00e9taux, r\u00e9sines, etc. \u00e0 sec ou humide.<\/p>\n<p>PUISSANT: Moteur de 500 W \u00e0 2 vitesses, sans entretien.<\/p>\n<p>SILENCIEUX: Niveau sonore 48 Db sans vibrations.<\/p>\n<p>ETANCHE: Axes scell\u00e9s pour \u00e9viter des p\u00e9n\u00e9trations d\u2019eau ou de ponce.<\/p>\n<p>SECURITE: Interrupteur de s\u00e9curit\u00e9 \u00e9vitant des demarrages intempestifs apr\u00e8s une coupure d\u2019\u00e9lectricit\u00e9, \u00e9vitant tout risque de blessures.<\/p>\n<p>ERGOMOMIQUE: Sa conception permet la mobilit\u00e9 des bras, rendant pratique son utilisation en position debout ou assise.<\/p>\n<p>Les extracteurs de type palan simplifient le montage et d\u00e9montage des brosses \u00e0 polir.<\/p>\n<p>La construction robuste et massive de la machine (12 Kg) ajout\u00e9e \u00e0 l\u2019embase importante pos\u00e9e sur des pieds en caoutchouc anti-d\u00e9rapant conf\u00e8rent au tour \u00e0 polir une bonne stabilit\u00e9<\/p>\n","protected":false},"excerpt":{"rendered":"<p>Pour la technique du polissage et du brillantage des m\u00e9taux, r\u00e9sines, etc. \u00e0 sec ou humide. PUISSANT: Moteur de 500 W \u00e0 2 vitesses, sans entretien. SILENCIEUX: Niveau sonore 48 Db sans vibrations. ETANCHE: Axes scell\u00e9s pour \u00e9viter des p\u00e9n\u00e9trations d\u2019eau ou de ponce. SECURITE: Interrupteur de s\u00e9curit\u00e9 \u00e9vitant des demarrages intempestifs apr\u00e8s une coupure [&hellip;]<\/p>\n","protected":false},"featured_media":22456,"template":"","meta":[],"product_cat":[202],"product_tag":[],"class_list":["post-55999","product","type-product","status-publish","has-post-thumbnail","hentry","product_cat-laboratoire"],"acf":[],"df_price":425.07,"df_sale_price":425.07,"df_regular_price":772.86,"df_image_link":"https:\/\/mestraold.lleset.com\/wp-content\/uploads\/2021\/12\/Electropulidora-300x225.jpg","_links":{"self":[{"href":"https:\/\/mestraold.lleset.com\/fr\/wp-json\/wp\/v2\/product\/55999","targetHints":{"allow":["GET"]}}],"collection":[{"href":"https:\/\/mestraold.lleset.com\/fr\/wp-json\/wp\/v2\/product"}],"about":[{"href":"https:\/\/mestraold.lleset.com\/fr\/wp-json\/wp\/v2\/types\/product"}],"wp:featuredmedia":[{"embeddable":true,"href":"https:\/\/mestraold.lleset.com\/fr\/wp-json\/wp\/v2\/media\/22456"}],"wp:attachment":[{"href":"https:\/\/mestraold.lleset.com\/fr\/wp-json\/wp\/v2\/media?parent=55999"}],"wp:term":[{"taxonomy":"product_cat","embeddable":true,"href":"https:\/\/mestraold.lleset.com\/fr\/wp-json\/wp\/v2\/product_cat?post=55999"},{"taxonomy":"product_tag","embeddable":true,"href":"https:\/\/mestraold.lleset.com\/fr\/wp-json\/wp\/v2\/product_tag?post=55999"}],"curies":[{"name":"wp","href":"https:\/\/api.w.org\/{rel}","templated":true}]}}