{"id":55998,"date":"2023-03-05T11:37:48","date_gmt":"2023-03-18T12:21:23","guid":{"rendered":"https:\/\/mestra.migracionesbgweb.com\/producto\/sableuse-constellation-practic-2-silos\/"},"modified":"2023-07-20T10:35:36","modified_gmt":"2023-07-20T08:35:36","slug":"sableuse-constellation-practic-2-silos","status":"publish","type":"product","link":"https:\/\/mestraold.lleset.com\/fr\/produit\/sableuse-constellation-practic-2-silos\/","title":{"rendered":"Sableuse \u00ab\u00a0constellation practic\u00a0\u00bb 2 silos"},"content":{"rendered":"<p>Excellente option pour ceux qui recherchent les performances et la fiabilit\u00e9 de la famille de sableuse Constellation \u00e0 un prix imbattable.<\/p>\n<p>Sa conception a \u00e9t\u00e9 optimis\u00e9e pour offrir un produit d&rsquo;une qualit\u00e9-prix in\u00e9galable. Il dispose de deux r\u00e9servoirs de sable, d&rsquo;un \u00e9clairage LED, d&rsquo;un syst\u00e8me de changement de verre ergonomique, d&rsquo;une large chambre int\u00e9rieure, d&rsquo;une fen\u00eatre offrant une excellente visibilit\u00e9, de buses de qualit\u00e9 sup\u00e9rieure, etc.<\/p>\n<ul>\n<li>Robuste bo\u00eetier m\u00e9tallique.<\/li>\n<li>Peinture \u00e9poxy.<\/li>\n<li>Large cabine de travail avec vitre panoramique.<\/li>\n<li>Deux r\u00e9servoirs ind\u00e9pendants pour la micro-sablage de pr\u00e9cision.<\/li>\n<li>Deux stylos mobiles avec buses de \u00d81 et 1,25 mm (jusqu&rsquo;\u00e0 150 et 250 microns).<\/li>\n<li>S\u00e9lecteur de verres \u00e0 l&rsquo;int\u00e9rieur de la cabine.<\/li>\n<li>D\u00e9charge automatique de la pression des verres.<\/li>\n<li>Pistolet souffleur d&rsquo;air.<\/li>\n<li>Actionnement par p\u00e9dale.<\/li>\n<li>Filtre d&rsquo;entr\u00e9e d&rsquo;air.<\/li>\n<li>R\u00e9gulateur de pression et manom\u00e8tre.<\/li>\n<li>Eclairage LED.<\/li>\n<\/ul>\n","protected":false},"excerpt":{"rendered":"<p>Excellente option pour ceux qui recherchent les performances et la fiabilit\u00e9 de la famille de sableuse Constellation \u00e0 un prix imbattable. Sa conception a \u00e9t\u00e9 optimis\u00e9e pour offrir un produit d&rsquo;une qualit\u00e9-prix in\u00e9galable. Il dispose de deux r\u00e9servoirs de sable, d&rsquo;un \u00e9clairage LED, d&rsquo;un syst\u00e8me de changement de verre ergonomique, d&rsquo;une large chambre int\u00e9rieure, d&rsquo;une [&hellip;]<\/p>\n","protected":false},"featured_media":22364,"template":"","meta":[],"product_cat":[202],"product_tag":[],"class_list":["post-55998","product","type-product","status-publish","has-post-thumbnail","hentry","product_cat-laboratoire"],"acf":[],"df_price":643.48,"df_sale_price":643.48,"df_regular_price":1169.97,"df_image_link":"https:\/\/mestraold.lleset.com\/wp-content\/uploads\/2021\/12\/Chorro-de-arena-Costellation-Practic-2-vasos-300x283.jpg","_links":{"self":[{"href":"https:\/\/mestraold.lleset.com\/fr\/wp-json\/wp\/v2\/product\/55998","targetHints":{"allow":["GET"]}}],"collection":[{"href":"https:\/\/mestraold.lleset.com\/fr\/wp-json\/wp\/v2\/product"}],"about":[{"href":"https:\/\/mestraold.lleset.com\/fr\/wp-json\/wp\/v2\/types\/product"}],"wp:featuredmedia":[{"embeddable":true,"href":"https:\/\/mestraold.lleset.com\/fr\/wp-json\/wp\/v2\/media\/22364"}],"wp:attachment":[{"href":"https:\/\/mestraold.lleset.com\/fr\/wp-json\/wp\/v2\/media?parent=55998"}],"wp:term":[{"taxonomy":"product_cat","embeddable":true,"href":"https:\/\/mestraold.lleset.com\/fr\/wp-json\/wp\/v2\/product_cat?post=55998"},{"taxonomy":"product_tag","embeddable":true,"href":"https:\/\/mestraold.lleset.com\/fr\/wp-json\/wp\/v2\/product_tag?post=55998"}],"curies":[{"name":"wp","href":"https:\/\/api.w.org\/{rel}","templated":true}]}}