{"id":55997,"date":"2023-03-05T11:37:48","date_gmt":"2023-03-18T12:21:23","guid":{"rendered":"https:\/\/mestra.migracionesbgweb.com\/producto\/sableuse-automatic\/"},"modified":"2023-07-21T11:33:19","modified_gmt":"2023-07-21T09:33:19","slug":"sableuse-automatic","status":"publish","type":"product","link":"https:\/\/mestraold.lleset.com\/fr\/produit\/sableuse-automatic\/","title":{"rendered":"Sableuse &#8211; automatic"},"content":{"rendered":"<p>Enti\u00e8rement construit en plastique technique, un mat\u00e9riau de haute r\u00e9sistance, facile \u00e0 nettoyer et sans oxydation.<\/p>\n<p>Permet de la placer dans n&rsquo;importe quel coin du laboratoire.<\/p>\n<p>Capacit\u00e9 de la tr\u00e9mie jusqu&rsquo;\u00e0 5 kg de sable<\/p>\n<p>Les squelettes sont d\u00e9pos\u00e9s dans un panier qui tourne gr\u00e2ce \u00e0 l&rsquo;action d&rsquo;un moteur.<\/p>\n<p>La buse de soufflage est orientable dans les trois dimensions de l&rsquo;espace, ce qui permet d&rsquo;obtenir toujours l&rsquo;angle d&rsquo;attaque id\u00e9al.<\/p>\n<p>Le panier peut \u00eatre facilement d\u00e9solidaris\u00e9 de l&rsquo;axe moteur, ce qui simplifie la pr\u00e9paration des travaux.<\/p>\n","protected":false},"excerpt":{"rendered":"<p>Enti\u00e8rement construit en plastique technique, un mat\u00e9riau de haute r\u00e9sistance, facile \u00e0 nettoyer et sans oxydation. Permet de la placer dans n&rsquo;importe quel coin du laboratoire. Capacit\u00e9 de la tr\u00e9mie jusqu&rsquo;\u00e0 5 kg de sable Les squelettes sont d\u00e9pos\u00e9s dans un panier qui tourne gr\u00e2ce \u00e0 l&rsquo;action d&rsquo;un moteur. La buse de soufflage est orientable [&hellip;]<\/p>\n","protected":false},"featured_media":22347,"template":"","meta":[],"product_cat":[202],"product_tag":[],"class_list":["post-55997","product","type-product","status-publish","has-post-thumbnail","hentry","product_cat-laboratoire"],"acf":[],"df_price":606.03,"df_sale_price":606.03,"df_regular_price":1101.87,"df_image_link":"https:\/\/mestraold.lleset.com\/wp-content\/uploads\/2021\/12\/Chorro-de-arena-Eclipse-Automatic-300x300.jpg","_links":{"self":[{"href":"https:\/\/mestraold.lleset.com\/fr\/wp-json\/wp\/v2\/product\/55997","targetHints":{"allow":["GET"]}}],"collection":[{"href":"https:\/\/mestraold.lleset.com\/fr\/wp-json\/wp\/v2\/product"}],"about":[{"href":"https:\/\/mestraold.lleset.com\/fr\/wp-json\/wp\/v2\/types\/product"}],"wp:featuredmedia":[{"embeddable":true,"href":"https:\/\/mestraold.lleset.com\/fr\/wp-json\/wp\/v2\/media\/22347"}],"wp:attachment":[{"href":"https:\/\/mestraold.lleset.com\/fr\/wp-json\/wp\/v2\/media?parent=55997"}],"wp:term":[{"taxonomy":"product_cat","embeddable":true,"href":"https:\/\/mestraold.lleset.com\/fr\/wp-json\/wp\/v2\/product_cat?post=55997"},{"taxonomy":"product_tag","embeddable":true,"href":"https:\/\/mestraold.lleset.com\/fr\/wp-json\/wp\/v2\/product_tag?post=55997"}],"curies":[{"name":"wp","href":"https:\/\/api.w.org\/{rel}","templated":true}]}}