{"id":55993,"date":"2023-03-05T11:36:06","date_gmt":"2023-03-18T12:20:52","guid":{"rendered":"https:\/\/mestra.migracionesbgweb.com\/producto\/box-de-travail-en-plastique\/"},"modified":"2023-07-03T09:36:07","modified_gmt":"2023-07-03T07:36:07","slug":"box-de-travail-en-plastique","status":"publish","type":"product","link":"https:\/\/mestraold.lleset.com\/fr\/produit\/box-de-travail-en-plastique\/","title":{"rendered":"Box de travail en plastique"},"content":{"rendered":"<p>Fabriqu\u00e9e en plastique inject\u00e9 transparent. <\/p>\n<p>Evite la perte de poudre des m\u00e9taux pr\u00e9cieux. <\/p>\n<p>Evite les projections de particules sur les yeux. <\/p>\n<p>R\u00e9duit consid\u00e9rablement l\u2019inhalation de poussi\u00e8res nocives.<\/p>\n","protected":false},"excerpt":{"rendered":"<p>Fabriqu\u00e9e en plastique inject\u00e9 transparent. Evite la perte de poudre des m\u00e9taux pr\u00e9cieux. Evite les projections de particules sur les yeux. R\u00e9duit consid\u00e9rablement l\u2019inhalation de poussi\u00e8res nocives.<\/p>\n","protected":false},"featured_media":22262,"template":"","meta":[],"product_cat":[202,235],"product_tag":[],"class_list":["post-55993","product","type-product","status-publish","has-post-thumbnail","hentry","product_cat-laboratoire","product_cat-mobilier-laboratoire"],"acf":[],"df_price":120.75,"df_sale_price":"","df_regular_price":120.75,"df_image_link":"https:\/\/mestraold.lleset.com\/wp-content\/uploads\/2021\/12\/Caja-de-trabajo-300x225.jpg","_links":{"self":[{"href":"https:\/\/mestraold.lleset.com\/fr\/wp-json\/wp\/v2\/product\/55993","targetHints":{"allow":["GET"]}}],"collection":[{"href":"https:\/\/mestraold.lleset.com\/fr\/wp-json\/wp\/v2\/product"}],"about":[{"href":"https:\/\/mestraold.lleset.com\/fr\/wp-json\/wp\/v2\/types\/product"}],"wp:featuredmedia":[{"embeddable":true,"href":"https:\/\/mestraold.lleset.com\/fr\/wp-json\/wp\/v2\/media\/22262"}],"wp:attachment":[{"href":"https:\/\/mestraold.lleset.com\/fr\/wp-json\/wp\/v2\/media?parent=55993"}],"wp:term":[{"taxonomy":"product_cat","embeddable":true,"href":"https:\/\/mestraold.lleset.com\/fr\/wp-json\/wp\/v2\/product_cat?post=55993"},{"taxonomy":"product_tag","embeddable":true,"href":"https:\/\/mestraold.lleset.com\/fr\/wp-json\/wp\/v2\/product_tag?post=55993"}],"curies":[{"name":"wp","href":"https:\/\/api.w.org\/{rel}","templated":true}]}}