{"id":55992,"date":"2023-03-05T11:36:06","date_gmt":"2023-03-18T12:20:52","guid":{"rendered":"https:\/\/mestra.migracionesbgweb.com\/producto\/box-de-finition-eclipse\/"},"modified":"2023-07-24T14:49:15","modified_gmt":"2023-07-24T12:49:15","slug":"box-de-finition-eclipse","status":"publish","type":"product","link":"https:\/\/mestraold.lleset.com\/fr\/produit\/box-de-finition-eclipse\/","title":{"rendered":"Box de finition &#8211; eclipse"},"content":{"rendered":"<p>Cabine de travail ferm\u00e9e pour tous travaux de retouche et de finitions<\/p>\n<ul>\n<li>Eclairage LED sans ombres g\u00eanantes ni \u00e9blouissement.<\/li>\n<li>Position de travail ergonomique.<\/li>\n<li>Circuit d\u2019aspiration efficace.<\/li>\n<li>Pr\u00e9disposition \u00e0 un branchement d\u2019aspirateur externe.<\/li>\n<li>Nettoyage ais\u00e9..<\/li>\n<li>Peut se d\u00e9placer facilement de poste en poste.<\/li>\n<li>Rapport qualit\u00e9-prix int\u00e9ressant.<\/li>\n<\/ul>\n<p>Retouches, grattage, polissage, finitions, micro-sablage\u2026<\/p>\n<p>Pour garder un emplacement propre, il convient parfois de travailler dans un espace clos.<\/p>\n<p>La cabine de travail ECLIPSE permet d\u2019effectuer ce type de t\u00e2ches. Avec son large champ de vision, son \u00e9clairage interne lumi\u00e8re du jour, ses manchons protecteurs, elle offrira au professionnel la possibilit\u00e9 de travailler proprement et de mani\u00e8re confortable. Avec ses dimensions r\u00e9duites et son poids l\u00e9ger, il peut occuper une place fixe ou bien \u00eatre un \u00e9l\u00e9ment nomade dans le laboratoire. Facile connexion \u00e0 un aspirateur (non fourni).<\/p>\n","protected":false},"excerpt":{"rendered":"<p>Cabine de travail ferm\u00e9e pour tous travaux de retouche et de finitions Eclairage LED sans ombres g\u00eanantes ni \u00e9blouissement. Position de travail ergonomique. Circuit d\u2019aspiration efficace. Pr\u00e9disposition \u00e0 un branchement d\u2019aspirateur externe. Nettoyage ais\u00e9.. Peut se d\u00e9placer facilement de poste en poste. Rapport qualit\u00e9-prix int\u00e9ressant. Retouches, grattage, polissage, finitions, micro-sablage\u2026 Pour garder un emplacement propre, [&hellip;]<\/p>\n","protected":false},"featured_media":22257,"template":"","meta":[],"product_cat":[202],"product_tag":[],"class_list":["post-55992","product","type-product","status-publish","has-post-thumbnail","hentry","product_cat-laboratoire"],"acf":[],"df_price":257.57,"df_sale_price":257.57,"df_regular_price":468.3,"df_image_link":"https:\/\/mestraold.lleset.com\/wp-content\/uploads\/2021\/12\/Cabina-de-Repaso-Eclipse-300x300.jpg","_links":{"self":[{"href":"https:\/\/mestraold.lleset.com\/fr\/wp-json\/wp\/v2\/product\/55992","targetHints":{"allow":["GET"]}}],"collection":[{"href":"https:\/\/mestraold.lleset.com\/fr\/wp-json\/wp\/v2\/product"}],"about":[{"href":"https:\/\/mestraold.lleset.com\/fr\/wp-json\/wp\/v2\/types\/product"}],"wp:featuredmedia":[{"embeddable":true,"href":"https:\/\/mestraold.lleset.com\/fr\/wp-json\/wp\/v2\/media\/22257"}],"wp:attachment":[{"href":"https:\/\/mestraold.lleset.com\/fr\/wp-json\/wp\/v2\/media?parent=55992"}],"wp:term":[{"taxonomy":"product_cat","embeddable":true,"href":"https:\/\/mestraold.lleset.com\/fr\/wp-json\/wp\/v2\/product_cat?post=55992"},{"taxonomy":"product_tag","embeddable":true,"href":"https:\/\/mestraold.lleset.com\/fr\/wp-json\/wp\/v2\/product_tag?post=55992"}],"curies":[{"name":"wp","href":"https:\/\/api.w.org\/{rel}","templated":true}]}}