{"id":55991,"date":"2023-03-05T11:36:06","date_gmt":"2023-03-18T12:20:52","guid":{"rendered":"https:\/\/mestra.migracionesbgweb.com\/producto\/box-pour-lapplication-de-spray-pour-aspiration-externe\/"},"modified":"2023-07-03T10:43:59","modified_gmt":"2023-07-03T08:43:59","slug":"box-pour-lapplication-de-spray-pour-aspiration-externe","status":"publish","type":"product","link":"https:\/\/mestraold.lleset.com\/fr\/produit\/box-pour-lapplication-de-spray-pour-aspiration-externe\/","title":{"rendered":"Box pour l&rsquo;application de spray (pour aspiration externe)"},"content":{"rendered":"<h3>Box pour l\u2019application de spray pour proc\u00e9d\u00e9s de zircone. <\/h3>\n<p>Ceci est une modification du box de nettoyage Altamira, sans le ventilateur d\u2019aspiration: le tuyau est reli\u00e9 \u00e0 un syst\u00e8me d\u2019aspiration (non inclus).<\/p>\n<p>Vous pouvez connecter la puissance d\u2019aspiration dans la prise \u00e0 l\u2019arri\u00e8re de la bo\u00eete, pour fonctionner de mani\u00e8re synchrone.  <\/p>\n<p><img loading=\"lazy\" decoding=\"async\" class=\"alignnone size-full wp-image-22229\" src=\"https:\/\/mestraold.lleset.com\/wp-content\/uploads\/2021\/12\/080602b-Box-para-aplicacion-spray-para-aspiracion-externa.jpg\" alt=\"\" width=\"300\" height=\"235\" \/><\/p>\n<p>&nbsp;<\/p>\n<p>Fabriqu\u00e9e en polypropyl\u00e8ne particuli\u00e8rement robuste, elle offre une large fen\u00eatre qui donne acc\u00e8s \u00e0 la cabine. Pour faciliter le nettoyage, toutes les parois sont lisses.<\/p>\n<p><img loading=\"lazy\" decoding=\"async\" class=\"alignnone size-full wp-image-22233\" src=\"https:\/\/mestraold.lleset.com\/wp-content\/uploads\/2021\/12\/080602-bc-Box-para-aplicacion-spray-para-aspiracion-externa.jpg\" alt=\"\" width=\"300\" height=\"263\" \/><\/p>\n<p>Un d\u00e9flecteur encadre la fen\u00eatre et emp\u00eache la vapeur de sortir. <\/p>\n<p>L\u2019illumination int\u00e9rieure \u00e0 \u00e9t\u00e9 scrupuleusement \u00e9tudi\u00e9e: deux puissantes lampes basse consommation fournissent un \u00e9clairage id\u00e9al permettant de voir les pi\u00e8ces.<\/p>\n<p><img loading=\"lazy\" decoding=\"async\" class=\"alignnone size-full wp-image-22237\" src=\"https:\/\/mestraold.lleset.com\/wp-content\/uploads\/2021\/12\/080602-C-1-Box-para-aplicacion-spray-para-aspiracion-externa.jpg\" alt=\"\" width=\"300\" height=\"200\" \/><\/p>\n<p>Les filtres primaires, facilement accessibles, se trouvent en bas dans la cabine. Leur nettoyage ou leur remplacement s\u2019effectuent sans aucun outillage particulier. <\/p>\n<p>Un deuxi\u00e8me filtre, situ\u00e9 dans la partie arri\u00e8re de la machine n\u00e9cessite beaucoup moins d\u2019entretien que les filtres primaires.<\/p>\n<p><img loading=\"lazy\" decoding=\"async\" class=\"alignnone size-full wp-image-22241\" src=\"https:\/\/mestraold.lleset.com\/wp-content\/uploads\/2021\/12\/080602-D-1-Box-para-aplicacion-spray-para-aspiracion-externa.jpg\" alt=\"\" width=\"300\" height=\"200\" \/><\/p>\n<p>&nbsp;<\/p>\n<p>Cette machine a \u00e9t\u00e9 r\u00e9alis\u00e9e conform\u00e9ment aux normes de qualit\u00e9 que s\u2019impose MESTRA\u00ae.<\/p>\n","protected":false},"excerpt":{"rendered":"<p>Aspiraci\u00f3n no incluida.<\/p>\n","protected":false},"featured_media":22227,"template":"","meta":[],"product_cat":[202],"product_tag":[],"class_list":["post-55991","product","type-product","status-publish","has-post-thumbnail","hentry","product_cat-laboratoire"],"acf":[],"df_price":1005.62,"df_sale_price":"","df_regular_price":1005.62,"df_image_link":"https:\/\/mestraold.lleset.com\/wp-content\/uploads\/2021\/12\/Box-para-aplicacion-spray-para-aspiracion-externa-300x300.jpg","_links":{"self":[{"href":"https:\/\/mestraold.lleset.com\/fr\/wp-json\/wp\/v2\/product\/55991","targetHints":{"allow":["GET"]}}],"collection":[{"href":"https:\/\/mestraold.lleset.com\/fr\/wp-json\/wp\/v2\/product"}],"about":[{"href":"https:\/\/mestraold.lleset.com\/fr\/wp-json\/wp\/v2\/types\/product"}],"wp:featuredmedia":[{"embeddable":true,"href":"https:\/\/mestraold.lleset.com\/fr\/wp-json\/wp\/v2\/media\/22227"}],"wp:attachment":[{"href":"https:\/\/mestraold.lleset.com\/fr\/wp-json\/wp\/v2\/media?parent=55991"}],"wp:term":[{"taxonomy":"product_cat","embeddable":true,"href":"https:\/\/mestraold.lleset.com\/fr\/wp-json\/wp\/v2\/product_cat?post=55991"},{"taxonomy":"product_tag","embeddable":true,"href":"https:\/\/mestraold.lleset.com\/fr\/wp-json\/wp\/v2\/product_tag?post=55991"}],"curies":[{"name":"wp","href":"https:\/\/api.w.org\/{rel}","templated":true}]}}