{"id":55989,"date":"2023-03-05T11:36:06","date_gmt":"2023-03-18T12:20:52","guid":{"rendered":"https:\/\/mestra.migracionesbgweb.com\/producto\/box-de-nettoyage-pour-la-vapeur-altamira\/"},"modified":"2023-08-31T16:39:25","modified_gmt":"2023-08-31T14:39:25","slug":"box-de-nettoyage-pour-la-vapeur-altamira","status":"publish","type":"product","link":"https:\/\/mestraold.lleset.com\/fr\/produit\/box-de-nettoyage-pour-la-vapeur-altamira\/","title":{"rendered":"Box de nettoyage pour la vapeur \u00ab\u00a0Altamira\u00a0\u00bb"},"content":{"rendered":"<p>Tout le monde sait l\u2019importance du nettoyage par le jet de vapeur dans le Laboratoire dentaire. Tout le monde en connait les cons\u00e9quences: encrassement de l\u2019\u00e9vier, humidit\u00e9 de l\u2019air, condensation sur les murs et sur les carrelages\u2026 Et cela sans compter le prix \u00e9lev\u00e9 qu\u2019avaient jusqu\u2019\u00e0 pr\u00e9sent ce type d\u2019appareils.<\/p>\n<p>MESTRA\u00ae a accompli un travail approfondi pour faire que ces inconvenients soient tout simplement \u00e9limin\u00e9s gr\u00e2ce \u00e0 l\u2019utilisation de la cabine de vaporisation Altamira, compl\u00e9ment id\u00e9al si ce n\u2019est indispensable du jet vapeur.<\/p>\n<p>&nbsp;<\/p>\n<p><a href=\"https:\/\/mestraold.lleset.com\/wp-content\/uploads\/2021\/12\/080600-A-Box-de-limpieza-de-vapor-Altamira.jpg\"><img loading=\"lazy\" decoding=\"async\" class=\"wp-image-22187 size-medium alignleft\" src=\"https:\/\/mestraold.lleset.com\/wp-content\/uploads\/2021\/12\/080600-A-Box-de-limpieza-de-vapor-Altamira-300x263.jpg\" alt=\"\" width=\"300\" height=\"263\" \/><\/a><\/p>\n<p>&nbsp;<\/p>\n<p>Fabriqu\u00e9e en polypropyl\u00e8ne particuli\u00e8rement robuste, elle offre une large fen\u00eatre qui donne acc\u00e8s \u00e0 la cabine.<\/p>\n<p>Pour faciliter le nettoyage, toutes les parois sont lisses.<\/p>\n<p>&nbsp;<\/p>\n<p><img loading=\"lazy\" decoding=\"async\" class=\"size-full wp-image-22191 alignleft\" src=\"https:\/\/mestraold.lleset.com\/wp-content\/uploads\/2021\/12\/080600-B-Box-de-limpieza-de-vapor-Altamira.jpg\" alt=\"\" width=\"300\" height=\"228\" \/><\/p>\n<p>&nbsp;<\/p>\n<p>Un d\u00e9flecteur encadre la fen\u00eatre et emp\u00eache la vapeur de sortir.<\/p>\n<p>&nbsp;<\/p>\n<p><img loading=\"lazy\" decoding=\"async\" class=\"size-full wp-image-22195 alignleft\" src=\"https:\/\/mestraold.lleset.com\/wp-content\/uploads\/2021\/12\/080600-C-Box-de-limpieza-de-vapor-Altamira.jpg\" alt=\"\" width=\"300\" height=\"200\" \/><\/p>\n<p>L\u2019illumination int\u00e9rieure \u00e0 \u00e9t\u00e9 scrupuleusement \u00e9tudi\u00e9e dans la Cabine de Vaporisation Altamira: Deux puissantes lampes basse consommation fournissent un \u00e9clairage id\u00e9al permettant de voir les pi\u00e8ces \u00e0 nettoyer.<\/p>\n<p>&nbsp;<\/p>\n<p><img loading=\"lazy\" decoding=\"async\" class=\"size-full wp-image-22199 alignleft\" src=\"https:\/\/mestraold.lleset.com\/wp-content\/uploads\/2021\/12\/080600-D-Box-de-limpieza-de-vapor-Altamira.jpg\" alt=\"\" width=\"300\" height=\"200\" \/><\/p>\n<p>Les filtres primaires, facilement accessibles, se trouvent en bas dans la cabine. Leur nettoyage ou leur remplacement s\u2019effectuent sans aucun outillage particulier.<\/p>\n<p>&nbsp;<\/p>\n<p><img loading=\"lazy\" decoding=\"async\" class=\"size-full wp-image-22203 alignleft\" src=\"https:\/\/mestraold.lleset.com\/wp-content\/uploads\/2021\/12\/080600-E-Box-de-limpieza-de-vapor-Altamira.jpg\" alt=\"\" width=\"300\" height=\"225\" \/><\/p>\n<p>&nbsp;<\/p>\n<p>Un deuxi\u00e8me filtre, situ\u00e9 dans la partie arri\u00e8re de la machine n\u00e9cessite beaucoup moins d\u2019entretien que les filtres primaires.<\/p>\n<p>&nbsp;<\/p>\n<p><img loading=\"lazy\" decoding=\"async\" class=\"size-full wp-image-22207 alignleft\" src=\"https:\/\/mestraold.lleset.com\/wp-content\/uploads\/2021\/12\/080600-G-Box-de-limpieza-de-vapor-Altamira.jpg\" alt=\"\" width=\"208\" height=\"300\" \/><\/p>\n<p>&nbsp;<\/p>\n<p>Un temo\u00edn de niveau d\u2019eau se trouve sur le c\u00f4t\u00e9 et permet de d\u00e9terminer le moment o\u00f9 il faut vider le r\u00e9servoir. Cette op\u00e9ration se r\u00e9alise gr\u00e2ce \u00e0 un tuyau situ\u00e9 dans la partie arri\u00e8re de la machine.<\/p>\n<p><img loading=\"lazy\" decoding=\"async\" class=\"alignnone size-full wp-image-22211\" src=\"https:\/\/mestraold.lleset.com\/wp-content\/uploads\/2021\/12\/080600-F-Box-de-limpieza-de-vapor-Altamira.jpg\" alt=\"\" width=\"300\" height=\"225\" \/><\/p>\n<p><img loading=\"lazy\" decoding=\"async\" class=\"size-full wp-image-22215 alignleft\" src=\"https:\/\/mestraold.lleset.com\/wp-content\/uploads\/2021\/12\/080600-H-Box-de-limpieza-de-vapor-Altamira.jpg\" alt=\"\" width=\"293\" height=\"300\" \/><\/p>\n<p>&nbsp;<\/p>\n<p>Le coeur de la cabine de vaporisation est constitu\u00e9 par un puissante turbine \u00e0 haut d\u00e9bit, permettant d\u2019aspirer presque instantan\u00e9ment le nuage de vapeur form\u00e9 par les plus puissants jets.<\/p>\n<p>&nbsp;<\/p>\n<p>La cabine de Vaporisation Altamira, est un concept moderne, attractif \u00e0 prix r\u00e9duit, qui m\u00e9rite sa place au laboratoire dentaire. Ayant son propre collecteur d\u2019eau, elle permet au proth\u00e9siste de la placer selon son d\u00e9sir dans la salle \u00e0 pl\u00e2tre et de d\u00e9sengorger l\u2019\u00e9vier souvent trop sollicit\u00e9. Cette machine a \u00e9t\u00e9 r\u00e9alis\u00e9e conform\u00e9ment aux normes de qualit\u00e9 que s\u2019impose MESTRA\u00ae.<\/p>\n<p>[vc_video link=\u00a0\u00bbhttps:\/\/www.youtube.com\/watch?v=WKEUSTRVOMw\u00a0\u00bb]<\/p>\n","protected":false},"excerpt":{"rendered":"<p>Tout le monde sait l\u2019importance du nettoyage par le jet de vapeur dans le Laboratoire dentaire. Tout le monde en connait les cons\u00e9quences: encrassement de l\u2019\u00e9vier, humidit\u00e9 de l\u2019air, condensation sur les murs et sur les carrelages\u2026 Et cela sans compter le prix \u00e9lev\u00e9 qu\u2019avaient jusqu\u2019\u00e0 pr\u00e9sent ce type d\u2019appareils. MESTRA\u00ae a accompli un travail [&hellip;]<\/p>\n","protected":false},"featured_media":22185,"template":"","meta":[],"product_cat":[202],"product_tag":[],"class_list":["post-55989","product","type-product","status-publish","has-post-thumbnail","hentry","product_cat-laboratoire"],"acf":[],"df_price":730.79,"df_sale_price":730.79,"df_regular_price":1328.7,"df_image_link":"https:\/\/mestraold.lleset.com\/wp-content\/uploads\/2021\/12\/Box-de-limpieza-de-vapor-Altamira-295x300.jpg","_links":{"self":[{"href":"https:\/\/mestraold.lleset.com\/fr\/wp-json\/wp\/v2\/product\/55989","targetHints":{"allow":["GET"]}}],"collection":[{"href":"https:\/\/mestraold.lleset.com\/fr\/wp-json\/wp\/v2\/product"}],"about":[{"href":"https:\/\/mestraold.lleset.com\/fr\/wp-json\/wp\/v2\/types\/product"}],"wp:featuredmedia":[{"embeddable":true,"href":"https:\/\/mestraold.lleset.com\/fr\/wp-json\/wp\/v2\/media\/22185"}],"wp:attachment":[{"href":"https:\/\/mestraold.lleset.com\/fr\/wp-json\/wp\/v2\/media?parent=55989"}],"wp:term":[{"taxonomy":"product_cat","embeddable":true,"href":"https:\/\/mestraold.lleset.com\/fr\/wp-json\/wp\/v2\/product_cat?post=55989"},{"taxonomy":"product_tag","embeddable":true,"href":"https:\/\/mestraold.lleset.com\/fr\/wp-json\/wp\/v2\/product_tag?post=55989"}],"curies":[{"name":"wp","href":"https:\/\/api.w.org\/{rel}","templated":true}]}}