{"id":55988,"date":"2023-03-05T11:36:06","date_gmt":"2023-03-18T12:20:52","guid":{"rendered":"https:\/\/mestra.migracionesbgweb.com\/producto\/recipient-pression\/"},"modified":"2023-07-03T08:02:37","modified_gmt":"2023-07-03T06:02:37","slug":"recipient-pression","status":"publish","type":"product","link":"https:\/\/mestraold.lleset.com\/fr\/produit\/recipient-pression\/","title":{"rendered":"Recipient pression"},"content":{"rendered":"<p>Pour les r\u00e9parations et les rebasages avec de la r\u00e9sine auto-polym\u00e9risante. <\/p>\n<p>Avec ce r\u00e9cipient on obtient un travail de meilleure qualit\u00e9. <\/p>\n<p>Il \u00e9limine les porosit\u00e9s et att\u00e9nue le changement de couleur des proth\u00e8ses trait\u00e9es.<\/p>\n","protected":false},"excerpt":{"rendered":"<p>Pour les r\u00e9parations et les rebasages avec de la r\u00e9sine auto-polym\u00e9risante. Avec ce r\u00e9cipient on obtient un travail de meilleure qualit\u00e9. Il \u00e9limine les porosit\u00e9s et att\u00e9nue le changement de couleur des proth\u00e8ses trait\u00e9es.<\/p>\n","protected":false},"featured_media":22159,"template":"","meta":[],"product_cat":[202,225],"product_tag":[],"class_list":["post-55988","product","type-product","status-publish","has-post-thumbnail","hentry","product_cat-laboratoire","product_cat-mise-en-moufle"],"acf":[],"df_price":201.97,"df_sale_price":"","df_regular_price":201.97,"df_image_link":"https:\/\/mestraold.lleset.com\/wp-content\/uploads\/2021\/12\/Recipiente-a-presion-252x300.jpg","_links":{"self":[{"href":"https:\/\/mestraold.lleset.com\/fr\/wp-json\/wp\/v2\/product\/55988","targetHints":{"allow":["GET"]}}],"collection":[{"href":"https:\/\/mestraold.lleset.com\/fr\/wp-json\/wp\/v2\/product"}],"about":[{"href":"https:\/\/mestraold.lleset.com\/fr\/wp-json\/wp\/v2\/types\/product"}],"wp:featuredmedia":[{"embeddable":true,"href":"https:\/\/mestraold.lleset.com\/fr\/wp-json\/wp\/v2\/media\/22159"}],"wp:attachment":[{"href":"https:\/\/mestraold.lleset.com\/fr\/wp-json\/wp\/v2\/media?parent=55988"}],"wp:term":[{"taxonomy":"product_cat","embeddable":true,"href":"https:\/\/mestraold.lleset.com\/fr\/wp-json\/wp\/v2\/product_cat?post=55988"},{"taxonomy":"product_tag","embeddable":true,"href":"https:\/\/mestraold.lleset.com\/fr\/wp-json\/wp\/v2\/product_tag?post=55988"}],"curies":[{"name":"wp","href":"https:\/\/api.w.org\/{rel}","templated":true}]}}