{"id":55987,"date":"2023-03-05T11:36:06","date_gmt":"2023-03-18T12:20:52","guid":{"rendered":"https:\/\/mestra.migracionesbgweb.com\/producto\/presse-hydraulique\/"},"modified":"2023-07-03T20:14:20","modified_gmt":"2023-07-03T18:14:20","slug":"presse-hydraulique","status":"publish","type":"product","link":"https:\/\/mestraold.lleset.com\/fr\/produit\/presse-hydraulique\/","title":{"rendered":"Presse hydraulique"},"content":{"rendered":"<p>La presse hydraulique MESTRA est robuste, d\u2019une ligne agr\u00e9able et d\u2019un maniement facile. Elle a \u00e9t\u00e9 construite suivant les derni\u00e8res tendances et avec des mat\u00e9riaux nouveaux.<\/p>\n<p>Le syst\u00e8me hydraulique est con\u00e7u de mani\u00e8re \u00e0 ce que l\u2019huile ne puisse pas sortir de la chambre.<\/p>\n<p>Les pi\u00e8ces susceptibles d\u2019usure sont en acier am\u00e9lior\u00e9 et rectifi\u00e9.<\/p>\n<p>La finition est en peinture \u00e9poxy.<\/p>\n<p>La presse MESTRA est munie de ressorts pour la r\u00e9cup\u00e9ration du plateau inf\u00e9rieur, gr\u00e2ce auxquels elle est toujours en position de r\u00e9cup\u00e9ration.  <\/p>\n<p>La largeur entre colonnes et le diam\u00e8tre du plateau sup\u00e9rieur, permettent d\u2019introduire et d\u2019enlever les moufles avec la bride pour presse MESTRA R-030380, sans avoir besoin de monter ou de descendre la broche, ce qui se traduit par une \u00e9conomie de temps et une plus grande commodit\u00e9.<\/p>\n","protected":false},"excerpt":{"rendered":"<p>La presse hydraulique MESTRA est robuste, d\u2019une ligne agr\u00e9able et d\u2019un maniement facile. Elle a \u00e9t\u00e9 construite suivant les derni\u00e8res tendances et avec des mat\u00e9riaux nouveaux. Le syst\u00e8me hydraulique est con\u00e7u de mani\u00e8re \u00e0 ce que l\u2019huile ne puisse pas sortir de la chambre. Les pi\u00e8ces susceptibles d\u2019usure sont en acier am\u00e9lior\u00e9 et rectifi\u00e9. La [&hellip;]<\/p>\n","protected":false},"featured_media":22132,"template":"","meta":[],"product_cat":[202,225],"product_tag":[],"class_list":["post-55987","product","type-product","status-publish","has-post-thumbnail","hentry","product_cat-laboratoire","product_cat-mise-en-moufle"],"acf":[],"df_price":521.95,"df_sale_price":521.95,"df_regular_price":949,"df_image_link":"https:\/\/mestraold.lleset.com\/wp-content\/uploads\/2021\/12\/Prensa-hidraulica-282x300.jpg","_links":{"self":[{"href":"https:\/\/mestraold.lleset.com\/fr\/wp-json\/wp\/v2\/product\/55987","targetHints":{"allow":["GET"]}}],"collection":[{"href":"https:\/\/mestraold.lleset.com\/fr\/wp-json\/wp\/v2\/product"}],"about":[{"href":"https:\/\/mestraold.lleset.com\/fr\/wp-json\/wp\/v2\/types\/product"}],"wp:featuredmedia":[{"embeddable":true,"href":"https:\/\/mestraold.lleset.com\/fr\/wp-json\/wp\/v2\/media\/22132"}],"wp:attachment":[{"href":"https:\/\/mestraold.lleset.com\/fr\/wp-json\/wp\/v2\/media?parent=55987"}],"wp:term":[{"taxonomy":"product_cat","embeddable":true,"href":"https:\/\/mestraold.lleset.com\/fr\/wp-json\/wp\/v2\/product_cat?post=55987"},{"taxonomy":"product_tag","embeddable":true,"href":"https:\/\/mestraold.lleset.com\/fr\/wp-json\/wp\/v2\/product_tag?post=55987"}],"curies":[{"name":"wp","href":"https:\/\/api.w.org\/{rel}","templated":true}]}}