{"id":55980,"date":"2023-03-05T11:34:21","date_gmt":"2023-03-18T12:20:24","guid":{"rendered":"https:\/\/mestra.migracionesbgweb.com\/producto\/mini-moufle-plastique-pour-duplicata-silicone\/"},"modified":"2023-07-03T08:01:05","modified_gmt":"2023-07-03T06:01:05","slug":"mini-moufle-plastique-pour-duplicata-silicone","status":"publish","type":"product","link":"https:\/\/mestraold.lleset.com\/fr\/produit\/mini-moufle-plastique-pour-duplicata-silicone\/","title":{"rendered":"Mini moufle plastique pour duplicata silicone"},"content":{"rendered":"<p>L\u00b4utilisation chaque jour plus importante de silicone pour les duplicata des mod\u00e8les dans la technique de la proth\u00e8se squelett\u00e9e, nous a amen\u00e9s \u00e0 concevoir et r\u00e9aliser une cuvette minimisant la quantit\u00e9 de produit utilis\u00e9 sans alt\u00e9rer la qualit\u00e9 du travail r\u00e9alis\u00e9. <\/p>\n<p>La cuvette MESTRA est compl\u00e8tement fabriqu\u00e9e en polycarbonate, un mat\u00e9riau tr\u00e8s r\u00e9sistant et durable. <\/p>\n<p>Une solution sobre, \u00e9conomique et propre pour des travaux de grande pr\u00e9cision.<\/p>\n","protected":false},"excerpt":{"rendered":"<p>L\u00b4utilisation chaque jour plus importante de silicone pour les duplicata des mod\u00e8les dans la technique de la proth\u00e8se squelett\u00e9e, nous a amen\u00e9s \u00e0 concevoir et r\u00e9aliser une cuvette minimisant la quantit\u00e9 de produit utilis\u00e9 sans alt\u00e9rer la qualit\u00e9 du travail r\u00e9alis\u00e9. La cuvette MESTRA est compl\u00e8tement fabriqu\u00e9e en polycarbonate, un mat\u00e9riau tr\u00e8s r\u00e9sistant et durable. [&hellip;]<\/p>\n","protected":false},"featured_media":22081,"template":"","meta":[],"product_cat":[202,225,217],"product_tag":[],"class_list":["post-55980","product","type-product","status-publish","has-post-thumbnail","hentry","product_cat-laboratoire","product_cat-mise-en-moufle","product_cat-soudure"],"acf":[],"df_price":26.53,"df_sale_price":"","df_regular_price":26.53,"df_image_link":"https:\/\/mestraold.lleset.com\/wp-content\/uploads\/2021\/12\/Mufla-para-duplicar-de-plastico-para-siliconas-300x225.jpg","_links":{"self":[{"href":"https:\/\/mestraold.lleset.com\/fr\/wp-json\/wp\/v2\/product\/55980","targetHints":{"allow":["GET"]}}],"collection":[{"href":"https:\/\/mestraold.lleset.com\/fr\/wp-json\/wp\/v2\/product"}],"about":[{"href":"https:\/\/mestraold.lleset.com\/fr\/wp-json\/wp\/v2\/types\/product"}],"wp:featuredmedia":[{"embeddable":true,"href":"https:\/\/mestraold.lleset.com\/fr\/wp-json\/wp\/v2\/media\/22081"}],"wp:attachment":[{"href":"https:\/\/mestraold.lleset.com\/fr\/wp-json\/wp\/v2\/media?parent=55980"}],"wp:term":[{"taxonomy":"product_cat","embeddable":true,"href":"https:\/\/mestraold.lleset.com\/fr\/wp-json\/wp\/v2\/product_cat?post=55980"},{"taxonomy":"product_tag","embeddable":true,"href":"https:\/\/mestraold.lleset.com\/fr\/wp-json\/wp\/v2\/product_tag?post=55980"}],"curies":[{"name":"wp","href":"https:\/\/api.w.org\/{rel}","templated":true}]}}