{"id":55972,"date":"2023-03-05T11:32:40","date_gmt":"2023-03-18T12:19:52","guid":{"rendered":"https:\/\/mestra.migracionesbgweb.com\/producto\/moufle-pour-la-technique-de-la-prothese-amovible-sans-platre\/"},"modified":"2023-07-11T11:20:50","modified_gmt":"2023-07-11T09:20:50","slug":"moufle-pour-la-technique-de-la-prothese-amovible-sans-platre","status":"publish","type":"product","link":"https:\/\/mestraold.lleset.com\/fr\/produit\/moufle-pour-la-technique-de-la-prothese-amovible-sans-platre\/","title":{"rendered":"Moufle pour la technique de la prothese amovible sans platre"},"content":{"rendered":"<p>Sp\u00e9cialement con\u00e7u pour la technique de la coul\u00e9e directe de la r\u00e9sine.<\/p>\n<p>Dispose en un seul dispositif tous les \u00e9l\u00e9ments n\u00e9cessaires pour r\u00e9aliser cette technique pas \u00e0 pas.<\/p>\n<ul>\n<li>Table de travail avec un aimant central.<\/li>\n<li>Partie sup\u00e9rieure pour le remplissage de g\u00e9latine\/silicone.<\/li>\n<li>Orifices lat\u00e9raux pour la coul\u00e9e de la r\u00e9sine.<\/li>\n<li>R\u00e9cipient trou\u00e9 pour le nettoyage \u00e0 la vapeur des dents.<\/li>\n<\/ul>\n","protected":false},"excerpt":{"rendered":"<p>Sp\u00e9cialement con\u00e7u pour la technique de la coul\u00e9e directe de la r\u00e9sine. Dispose en un seul dispositif tous les \u00e9l\u00e9ments n\u00e9cessaires pour r\u00e9aliser cette technique pas \u00e0 pas. Table de travail avec un aimant central. Partie sup\u00e9rieure pour le remplissage de g\u00e9latine\/silicone. Orifices lat\u00e9raux pour la coul\u00e9e de la r\u00e9sine. R\u00e9cipient trou\u00e9 pour le nettoyage [&hellip;]<\/p>\n","protected":false},"featured_media":22026,"template":"","meta":[],"product_cat":[202,225],"product_tag":[],"class_list":["post-55972","product","type-product","status-publish","has-post-thumbnail","hentry","product_cat-laboratoire","product_cat-mise-en-moufle"],"acf":[],"df_price":57.12,"df_sale_price":57.12,"df_regular_price":103.85,"df_image_link":"https:\/\/mestraold.lleset.com\/wp-content\/uploads\/2021\/12\/Mufla-de-vertido-300x300.jpg","_links":{"self":[{"href":"https:\/\/mestraold.lleset.com\/fr\/wp-json\/wp\/v2\/product\/55972","targetHints":{"allow":["GET"]}}],"collection":[{"href":"https:\/\/mestraold.lleset.com\/fr\/wp-json\/wp\/v2\/product"}],"about":[{"href":"https:\/\/mestraold.lleset.com\/fr\/wp-json\/wp\/v2\/types\/product"}],"wp:featuredmedia":[{"embeddable":true,"href":"https:\/\/mestraold.lleset.com\/fr\/wp-json\/wp\/v2\/media\/22026"}],"wp:attachment":[{"href":"https:\/\/mestraold.lleset.com\/fr\/wp-json\/wp\/v2\/media?parent=55972"}],"wp:term":[{"taxonomy":"product_cat","embeddable":true,"href":"https:\/\/mestraold.lleset.com\/fr\/wp-json\/wp\/v2\/product_cat?post=55972"},{"taxonomy":"product_tag","embeddable":true,"href":"https:\/\/mestraold.lleset.com\/fr\/wp-json\/wp\/v2\/product_tag?post=55972"}],"curies":[{"name":"wp","href":"https:\/\/api.w.org\/{rel}","templated":true}]}}