{"id":55965,"date":"2023-03-05T11:30:58","date_gmt":"2023-03-18T12:19:23","guid":{"rendered":"https:\/\/mestra.migracionesbgweb.com\/producto\/malaxeur-sous-vide-iris-evolution-ii-inverter\/"},"modified":"2023-07-11T12:25:36","modified_gmt":"2023-07-11T10:25:36","slug":"malaxeur-sous-vide-iris-evolution-ii-inverter","status":"publish","type":"product","link":"https:\/\/mestraold.lleset.com\/fr\/produit\/malaxeur-sous-vide-iris-evolution-ii-inverter\/","title":{"rendered":"Malaxeur sous vide \u00ab\u00a0Iris evolution 2 inverter\u00a0\u00bb"},"content":{"rendered":"<p>Nouvelle production optimis\u00e9e du c\u00e9l\u00e8bre malaxeur sous vide Iris:<\/p>\n<ul>\n<li>Il int\u00e8gre un nouveau contr\u00f4le plus puissant et fiable qui am\u00e9liore les performances de la machine.<\/li>\n<li>La programmation est plus intuitive et plus simple gr\u00e2ce \u00e0 un affichage de type alphanum\u00e9rique.<\/li>\n<li>Peut-\u00eatre la nouveaut\u00e9 la plus significative est l&rsquo;ajout de la fonction de <strong>changement de sens de rotation<\/strong>, qui permet d&rsquo;obtenir un m\u00e9lange fin et homog\u00e8ne sans augmenter le temps de m\u00e9lange.<\/li>\n<\/ul>\n<p>Comme les autres membres de la famille Iris, ce nouveau mod\u00e8le conserve la robustesse et la praticit\u00e9 qui les caract\u00e9risent.<\/p>\n<p>Malaxeur sous vide, \u00e9conomique et practique. Il suffit de pr\u00e9senter le bol et d\u2019appuyer sur le bouton de marche pour commencer le malaxage. En quelques secondes, le m\u00e9lange est pr\u00e9t. Avec trois versions diff\u00e9rente disponibles, vous pourrez trouver le mod\u00e8le qui s\u2019adapte le mieux \u00e0 vos besoins. Malgr\u00e9 quelques diff\u00e9rences, toutes les versions ont la m\u00eame structure moteur-pompe-chassis -de grande solidit\u00e9 et fiabilit\u00e9- la seule diff\u00e9rence \u00e9tant le syst\u00e8me de commande.<\/p>\n<p><img loading=\"lazy\" decoding=\"async\" class=\"aligncenter wp-image-21845 size-full\" src=\"https:\/\/mestraold.lleset.com\/wp-content\/uploads\/2021\/12\/080516-7-8-300x221-1.jpg\" alt=\"\" width=\"300\" height=\"221\" \/><br \/>\n &nbsp;<\/p>\n<p><img loading=\"lazy\" decoding=\"async\" class=\"aligncenter wp-image-21841 size-medium\" src=\"https:\/\/mestraold.lleset.com\/wp-content\/uploads\/2021\/12\/080516-d--300x225.jpg\" alt=\"\" width=\"300\" height=\"225\" \/><\/p>\n<p>&nbsp;<\/p>\n<p>L\u2019op\u00e9ration du couplage du bol au malaxeur est simple et tout en douceur. Pour lib\u00e9rer le bol, il suffit d\u2019appuyer sur un bouton tr\u00e8s accessible.<\/p>\n<p>&nbsp;<\/p>\n","protected":false},"excerpt":{"rendered":"<p>Nouvelle production optimis\u00e9e du c\u00e9l\u00e8bre malaxeur sous vide Iris: Il int\u00e8gre un nouveau contr\u00f4le plus puissant et fiable qui am\u00e9liore les performances de la machine. La programmation est plus intuitive et plus simple gr\u00e2ce \u00e0 un affichage de type alphanum\u00e9rique. Peut-\u00eatre la nouveaut\u00e9 la plus significative est l&rsquo;ajout de la fonction de changement de sens [&hellip;]<\/p>\n","protected":false},"featured_media":21919,"template":"","meta":[],"product_cat":[202,220],"product_tag":[],"class_list":["post-55965","product","type-product","status-publish","has-post-thumbnail","hentry","product_cat-laboratoire","product_cat-preparatin-de-modeles"],"acf":[],"df_price":668.81,"df_sale_price":668.81,"df_regular_price":1216.01,"df_image_link":"https:\/\/mestraold.lleset.com\/wp-content\/uploads\/2021\/12\/Mezcladora-de-vacio-IRIS-Evolution-2-Inverter-1-300x300.jpg","_links":{"self":[{"href":"https:\/\/mestraold.lleset.com\/fr\/wp-json\/wp\/v2\/product\/55965","targetHints":{"allow":["GET"]}}],"collection":[{"href":"https:\/\/mestraold.lleset.com\/fr\/wp-json\/wp\/v2\/product"}],"about":[{"href":"https:\/\/mestraold.lleset.com\/fr\/wp-json\/wp\/v2\/types\/product"}],"wp:featuredmedia":[{"embeddable":true,"href":"https:\/\/mestraold.lleset.com\/fr\/wp-json\/wp\/v2\/media\/21919"}],"wp:attachment":[{"href":"https:\/\/mestraold.lleset.com\/fr\/wp-json\/wp\/v2\/media?parent=55965"}],"wp:term":[{"taxonomy":"product_cat","embeddable":true,"href":"https:\/\/mestraold.lleset.com\/fr\/wp-json\/wp\/v2\/product_cat?post=55965"},{"taxonomy":"product_tag","embeddable":true,"href":"https:\/\/mestraold.lleset.com\/fr\/wp-json\/wp\/v2\/product_tag?post=55965"}],"curies":[{"name":"wp","href":"https:\/\/api.w.org\/{rel}","templated":true}]}}