{"id":55963,"date":"2023-03-05T11:30:58","date_gmt":"2023-03-18T12:19:23","guid":{"rendered":"https:\/\/mestra.migracionesbgweb.com\/producto\/malaxeur-sous-vide-koala-2-bols\/"},"modified":"2023-07-03T10:37:20","modified_gmt":"2023-07-03T08:37:20","slug":"malaxeur-sous-vide-koala-2-bols","status":"publish","type":"product","link":"https:\/\/mestraold.lleset.com\/fr\/produit\/malaxeur-sous-vide-koala-2-bols\/","title":{"rendered":"Malaxeur sous vide Koala + 2 bols"},"content":{"rendered":"<p>Poss\u00e8de un puissant et robuste moto-r\u00e9ducteur \u00e9quip\u00e9 d`engrenages en nylon (moins de bruit et de friction, et une pompe \u00e0 vide \u00e0 double corps. <\/p>\n<p>Le malaxeur Koala permet le m\u00e9lange de rev\u00eatements, pl\u00e2tres et autres mat\u00e9riaux fluides. <\/p>\n<p>Gr\u00e2ce \u00e0 son contr\u00f4le \u00e9lectronique il est possible de d\u00e9finir rapidement et facilement le temps de malaxage ainsi que de s\u00e9lectionner la phase choisie mise sous vide seulement, malaxage sans vide, malaxage sous vide. <\/p>\n<p>Avec la touche programme on peut d\u00e8finir des cycles de 3 \u00e9tapes convenant \u00e0 diff\u00e9rentes techniques.<\/p>\n","protected":false},"excerpt":{"rendered":"<p>Poss\u00e8de un puissant et robuste moto-r\u00e9ducteur \u00e9quip\u00e9 d`engrenages en nylon (moins de bruit et de friction, et une pompe \u00e0 vide \u00e0 double corps. Le malaxeur Koala permet le m\u00e9lange de rev\u00eatements, pl\u00e2tres et autres mat\u00e9riaux fluides. Gr\u00e2ce \u00e0 son contr\u00f4le \u00e9lectronique il est possible de d\u00e9finir rapidement et facilement le temps de malaxage ainsi [&hellip;]<\/p>\n","protected":false},"featured_media":21894,"template":"","meta":[],"product_cat":[202,220],"product_tag":[],"class_list":["post-55963","product","type-product","status-publish","has-post-thumbnail","hentry","product_cat-laboratoire","product_cat-preparatin-de-modeles"],"acf":[],"df_price":2065.79,"df_sale_price":"","df_regular_price":2065.79,"df_image_link":"https:\/\/mestraold.lleset.com\/wp-content\/uploads\/2021\/12\/715-MEZCLADORA-DE-VACIO-KOALA-300x300.jpg","_links":{"self":[{"href":"https:\/\/mestraold.lleset.com\/fr\/wp-json\/wp\/v2\/product\/55963","targetHints":{"allow":["GET"]}}],"collection":[{"href":"https:\/\/mestraold.lleset.com\/fr\/wp-json\/wp\/v2\/product"}],"about":[{"href":"https:\/\/mestraold.lleset.com\/fr\/wp-json\/wp\/v2\/types\/product"}],"wp:featuredmedia":[{"embeddable":true,"href":"https:\/\/mestraold.lleset.com\/fr\/wp-json\/wp\/v2\/media\/21894"}],"wp:attachment":[{"href":"https:\/\/mestraold.lleset.com\/fr\/wp-json\/wp\/v2\/media?parent=55963"}],"wp:term":[{"taxonomy":"product_cat","embeddable":true,"href":"https:\/\/mestraold.lleset.com\/fr\/wp-json\/wp\/v2\/product_cat?post=55963"},{"taxonomy":"product_tag","embeddable":true,"href":"https:\/\/mestraold.lleset.com\/fr\/wp-json\/wp\/v2\/product_tag?post=55963"}],"curies":[{"name":"wp","href":"https:\/\/api.w.org\/{rel}","templated":true}]}}