{"id":55962,"date":"2023-03-05T11:30:58","date_gmt":"2023-03-18T12:19:23","guid":{"rendered":"https:\/\/mestra.migracionesbgweb.com\/producto\/malaxeur-sous-vide-iris-2-advanced\/"},"modified":"2024-03-12T09:10:28","modified_gmt":"2024-03-12T08:10:28","slug":"malaxeur-sous-vide-iris-2-advanced","status":"publish","type":"product","link":"https:\/\/mestraold.lleset.com\/fr\/produit\/malaxeur-sous-vide-iris-2-advanced\/","title":{"rendered":"Malaxeur sous vide \u00ab\u00a0Iris 2 advanced\u00a0\u00bb"},"content":{"rendered":"<p>Malaxeur sous vide, \u00e9conomique et practique. Il suffit de pr\u00e9senter le bol et d\u2019appuyer sur le bouton de marche pour commencer le malaxage. En quelques secondes, le m\u00e9lange est pr\u00e9t. Avec trois versions diff\u00e9rente disponibles, vous pourrez trouver le mod\u00e8le qui s\u2019adapte le mieux \u00e0 vos besoins. Malgr\u00e9 quelques diff\u00e9rences, toutes les versions ont la m\u00eame structure moteur-pompe-chassis -de grande solidit\u00e9 et fiabilit\u00e9- la seule diff\u00e9rence \u00e9tant le syst\u00e8me de commande.<\/p>\n<p><img loading=\"lazy\" decoding=\"async\" class=\"aligncenter wp-image-21845 size-full\" src=\"https:\/\/mestraold.lleset.com\/wp-content\/uploads\/2021\/12\/080516-7-8-300x221-1.jpg\" alt=\"\" width=\"300\" height=\"221\" \/><\/p>\n<p>Le mod\u00e8le Advanced permet de programmer le temps de pr\u00e9 vide, pr\u00e9 mixage, la fonction turbo, le post-vide, les alarmes, l\u2019inversion de la rotation, etc. Avec ces caract\u00e9ristiques, on pourra adapter le mixage \u00e0 l\u2019ample gamme de mat\u00e9riaux pr\u00e9sents sur le march\u00e9: rev\u00eatement, pl\u00e2tres types II,III, IV\u2026<\/p>\n<p><img loading=\"lazy\" decoding=\"async\" class=\"aligncenter wp-image-21841 size-medium\" src=\"https:\/\/mestraold.lleset.com\/wp-content\/uploads\/2021\/12\/080516-d--300x225.jpg\" alt=\"\" width=\"300\" height=\"225\" \/><\/p>\n<p>&nbsp;<\/p>\n<p>L\u2019op\u00e9ration du couplage du bol au malaxeur est simple et tout en douceur. Pour lib\u00e9rer le bol, il suffit d\u2019appuyer sur un bouton tr\u00e8s accessible.<\/p>\n<p>&nbsp;<\/p>\n","protected":false},"excerpt":{"rendered":"<p>Malaxeur sous vide, \u00e9conomique et practique. Il suffit de pr\u00e9senter le bol et d\u2019appuyer sur le bouton de marche pour commencer le malaxage. En quelques secondes, le m\u00e9lange est pr\u00e9t. Avec trois versions diff\u00e9rente disponibles, vous pourrez trouver le mod\u00e8le qui s\u2019adapte le mieux \u00e0 vos besoins. Malgr\u00e9 quelques diff\u00e9rences, toutes les versions ont la [&hellip;]<\/p>\n","protected":false},"featured_media":21877,"template":"","meta":[],"product_cat":[202,220],"product_tag":[],"class_list":["post-55962","product","type-product","status-publish","has-post-thumbnail","hentry","product_cat-laboratoire","product_cat-preparatin-de-modeles"],"acf":[],"df_price":713.37,"df_sale_price":713.37,"df_regular_price":1297.04,"df_image_link":"https:\/\/mestraold.lleset.com\/wp-content\/uploads\/2021\/12\/Mezcladora-de-vacio-iris-2-advanced-274x300.jpeg","_links":{"self":[{"href":"https:\/\/mestraold.lleset.com\/fr\/wp-json\/wp\/v2\/product\/55962","targetHints":{"allow":["GET"]}}],"collection":[{"href":"https:\/\/mestraold.lleset.com\/fr\/wp-json\/wp\/v2\/product"}],"about":[{"href":"https:\/\/mestraold.lleset.com\/fr\/wp-json\/wp\/v2\/types\/product"}],"wp:featuredmedia":[{"embeddable":true,"href":"https:\/\/mestraold.lleset.com\/fr\/wp-json\/wp\/v2\/media\/21877"}],"wp:attachment":[{"href":"https:\/\/mestraold.lleset.com\/fr\/wp-json\/wp\/v2\/media?parent=55962"}],"wp:term":[{"taxonomy":"product_cat","embeddable":true,"href":"https:\/\/mestraold.lleset.com\/fr\/wp-json\/wp\/v2\/product_cat?post=55962"},{"taxonomy":"product_tag","embeddable":true,"href":"https:\/\/mestraold.lleset.com\/fr\/wp-json\/wp\/v2\/product_tag?post=55962"}],"curies":[{"name":"wp","href":"https:\/\/api.w.org\/{rel}","templated":true}]}}