{"id":55961,"date":"2023-03-05T11:30:58","date_gmt":"2023-03-18T12:19:23","guid":{"rendered":"https:\/\/mestra.migracionesbgweb.com\/producto\/malaxeur-sous-vide-iris-2-evolution\/"},"modified":"2024-03-12T09:05:48","modified_gmt":"2024-03-12T08:05:48","slug":"malaxeur-sous-vide-iris-2-evolution","status":"publish","type":"product","link":"https:\/\/mestraold.lleset.com\/fr\/produit\/malaxeur-sous-vide-iris-2-evolution\/","title":{"rendered":"Malaxeur sous vide \u00ab\u00a0Iris 2 evolution\u00a0\u00bb"},"content":{"rendered":"<p>Malaxeur sous vide, \u00e9conomique et practique. Il suffit de pr\u00e9senter le bol et d\u2019appuyer sur le bouton de marche pour commencer le malaxage. En quelques secondes, le m\u00e9lange est pr\u00e9t. Avec trois versions diff\u00e9rente disponibles, vous pourrez trouver le mod\u00e8le qui s\u2019adapte le mieux \u00e0 vos besoins. Malgr\u00e9 quelques diff\u00e9rences, toutes les versions ont la m\u00eame structure moteur-pompe-chassis -de grande solidit\u00e9 et fiabilit\u00e9- la seule diff\u00e9rence \u00e9tant le syst\u00e8me de commande.<\/p>\n<p><img loading=\"lazy\" decoding=\"async\" class=\"aligncenter wp-image-21845 size-full\" src=\"https:\/\/mestraold.lleset.com\/wp-content\/uploads\/2021\/12\/080516-7-8-300x221-1.jpg\" alt=\"\" width=\"300\" height=\"221\" \/><\/p>\n<p>La version Evolution, est \u00e9quip\u00e9e d\u2019une commande \u00e9lectronique permettant de r\u00e9gler le temps de fonctionnement, la vitesse de rotation, entre 100 et 400 T\/min. <\/p>\n<p>La commande \u00e9lectronique des versions Evolution et advanced, permet d\u2019\u00e9laborer le dessin, de garder et d\u2019utiliser des programmes qui peuvent \u00eatre configur\u00e9s par l\u2019utilisateur. \u00c0 cette fonctionalit\u00e9, il faut ajouter la possibilit\u00e9 de programmer des alarmes, ainsi qu\u2019 un grand nombre de fonctions du mod\u00e8le Advanced. La facilit\u00e9 d\u2019utilisation va da pair avec les prestations.<\/p>\n<p><img loading=\"lazy\" decoding=\"async\" class=\"aligncenter wp-image-21841 size-medium\" src=\"https:\/\/mestraold.lleset.com\/wp-content\/uploads\/2021\/12\/080516-d--300x225.jpg\" alt=\"\" width=\"300\" height=\"225\" \/><\/p>\n<p>&nbsp;<\/p>\n<p>L\u2019op\u00e9ration du couplage du bol au malaxeur est simple et tout en douceur. Pour lib\u00e9rer le bol, il suffit d\u2019appuyer sur un bouton tr\u00e8s accessible.<\/p>\n<p>&nbsp;<\/p>\n","protected":false},"excerpt":{"rendered":"<p>Malaxeur sous vide, \u00e9conomique et practique. Il suffit de pr\u00e9senter le bol et d\u2019appuyer sur le bouton de marche pour commencer le malaxage. En quelques secondes, le m\u00e9lange est pr\u00e9t. Avec trois versions diff\u00e9rente disponibles, vous pourrez trouver le mod\u00e8le qui s\u2019adapte le mieux \u00e0 vos besoins. Malgr\u00e9 quelques diff\u00e9rences, toutes les versions ont la [&hellip;]<\/p>\n","protected":false},"featured_media":21864,"template":"","meta":[],"product_cat":[202,220],"product_tag":[],"class_list":["post-55961","product","type-product","status-publish","has-post-thumbnail","hentry","product_cat-laboratoire","product_cat-preparatin-de-modeles"],"acf":[],"df_price":648.33,"df_sale_price":648.33,"df_regular_price":1178.79,"df_image_link":"https:\/\/mestraold.lleset.com\/wp-content\/uploads\/2021\/12\/Mezcladora-de-vacio-IRIS-2-Evolution-296x300.jpeg","_links":{"self":[{"href":"https:\/\/mestraold.lleset.com\/fr\/wp-json\/wp\/v2\/product\/55961","targetHints":{"allow":["GET"]}}],"collection":[{"href":"https:\/\/mestraold.lleset.com\/fr\/wp-json\/wp\/v2\/product"}],"about":[{"href":"https:\/\/mestraold.lleset.com\/fr\/wp-json\/wp\/v2\/types\/product"}],"wp:featuredmedia":[{"embeddable":true,"href":"https:\/\/mestraold.lleset.com\/fr\/wp-json\/wp\/v2\/media\/21864"}],"wp:attachment":[{"href":"https:\/\/mestraold.lleset.com\/fr\/wp-json\/wp\/v2\/media?parent=55961"}],"wp:term":[{"taxonomy":"product_cat","embeddable":true,"href":"https:\/\/mestraold.lleset.com\/fr\/wp-json\/wp\/v2\/product_cat?post=55961"},{"taxonomy":"product_tag","embeddable":true,"href":"https:\/\/mestraold.lleset.com\/fr\/wp-json\/wp\/v2\/product_tag?post=55961"}],"curies":[{"name":"wp","href":"https:\/\/api.w.org\/{rel}","templated":true}]}}