{"id":55957,"date":"2023-03-05T11:30:58","date_gmt":"2023-03-18T12:19:23","guid":{"rendered":"https:\/\/mestra.migracionesbgweb.com\/producto\/detoureuse-de-modeles\/"},"modified":"2023-07-03T20:29:32","modified_gmt":"2023-07-03T18:29:32","slug":"detoureuse-de-modeles","status":"publish","type":"product","link":"https:\/\/mestraold.lleset.com\/fr\/produit\/detoureuse-de-modeles\/","title":{"rendered":"Detoureuse de modeles"},"content":{"rendered":"<p>La d\u00e9toureuse de mod\u00e8les MESTRA est une machine sp\u00e9cialement con\u00e7ue pour assister le proth\u00e9siste dentaire dans les travaux de pr\u00e9paration et de d\u00e9coupage de mod\u00e8les. <\/p>\n<p>Compacte, enti\u00e8rement r\u00e9alis\u00e9e en acier inoxydable, son entretien est facile et sa r\u00e9sistance \u00e0 la corrosion totale. <\/p>\n<p>Reposant sur une assise cons\u00e9quente et pourvue de pattes en caoutchouc anti-d\u00e9rapant, la machine b\u00e9n\u00e9ficie d\u2019une stabilit\u00e9 optimale \u00e9vitant les d\u00e9sagr\u00e9ments caus\u00e9s par des vibrations ou par des d\u00e9placements durant son utilisation. <\/p>\n<p>La d\u00e9toureuse est \u00e9quip\u00e9e d\u2019un puissant moteur d\u20191\/3 de CV et de 3000 t\/mn. Qui lui garantit la puissance dans la coupe et un fonctionnement souple et silencieux. <\/p>\n<p>La machine est con\u00e7ue pour travailler avec des fraises d\u2019un diam\u00e8tre de tige de 6 mm. <\/p>\n<p>La table de travail comprend des orifices pour le drainage des poussi\u00e8res produites par le d\u00e9coupage du mod\u00e8le. <\/p>\n<p>La d\u00e9toureuse est aussi \u00e9quip\u00e9e d\u2019un tube de raccordement \u00e0 une unit\u00e9 d\u2019aspiration externe. <\/p>\n<p>Elle dispose a cet effet d\u2019une prise de type \u00ab Schuko \u00bb (\u00e0 d\u00e9clenchement simultan\u00e9) sur laquelle on branche le poste d\u2019aspiration. <\/p>\n<p>La d\u00e9toureuse est \u00e9quip\u00e9e d\u2019un interrupteur de s\u00e9curit\u00e9 \u00e9vitant le d\u00e9marrage intempestif en cas de coupure de courant, ainsi que d\u00b4un protecteur pour la fraise. <\/p>\n<p>Elle r\u00e9pond aux normes CE.<\/p>\n","protected":false},"excerpt":{"rendered":"<p>La d\u00e9toureuse de mod\u00e8les MESTRA est une machine sp\u00e9cialement con\u00e7ue pour assister le proth\u00e9siste dentaire dans les travaux de pr\u00e9paration et de d\u00e9coupage de mod\u00e8les. Compacte, enti\u00e8rement r\u00e9alis\u00e9e en acier inoxydable, son entretien est facile et sa r\u00e9sistance \u00e0 la corrosion totale. Reposant sur une assise cons\u00e9quente et pourvue de pattes en caoutchouc anti-d\u00e9rapant, la [&hellip;]<\/p>\n","protected":false},"featured_media":21760,"template":"","meta":[],"product_cat":[202],"product_tag":[],"class_list":["post-55957","product","type-product","status-publish","has-post-thumbnail","hentry","product_cat-laboratoire"],"acf":[],"df_price":642.04,"df_sale_price":642.04,"df_regular_price":1167.35,"df_image_link":"https:\/\/mestraold.lleset.com\/wp-content\/uploads\/2021\/12\/Recortadora-de-interiores-300x225.jpg","_links":{"self":[{"href":"https:\/\/mestraold.lleset.com\/fr\/wp-json\/wp\/v2\/product\/55957","targetHints":{"allow":["GET"]}}],"collection":[{"href":"https:\/\/mestraold.lleset.com\/fr\/wp-json\/wp\/v2\/product"}],"about":[{"href":"https:\/\/mestraold.lleset.com\/fr\/wp-json\/wp\/v2\/types\/product"}],"wp:featuredmedia":[{"embeddable":true,"href":"https:\/\/mestraold.lleset.com\/fr\/wp-json\/wp\/v2\/media\/21760"}],"wp:attachment":[{"href":"https:\/\/mestraold.lleset.com\/fr\/wp-json\/wp\/v2\/media?parent=55957"}],"wp:term":[{"taxonomy":"product_cat","embeddable":true,"href":"https:\/\/mestraold.lleset.com\/fr\/wp-json\/wp\/v2\/product_cat?post=55957"},{"taxonomy":"product_tag","embeddable":true,"href":"https:\/\/mestraold.lleset.com\/fr\/wp-json\/wp\/v2\/product_tag?post=55957"}],"curies":[{"name":"wp","href":"https:\/\/api.w.org\/{rel}","templated":true}]}}